{"id":8393,"date":"2023-09-20T17:30:09","date_gmt":"2023-09-20T15:30:09","guid":{"rendered":"https:\/\/rheumazentrum-mittelhessen.de\/fuer-patientinnen-und-patienten\/services-fuer-patientinnen-und-patienten-copy\/"},"modified":"2025-03-20T14:29:54","modified_gmt":"2025-03-20T13:29:54","slug":"tipps-und-wissenswertes","status":"publish","type":"page","link":"https:\/\/rheumazentrum-mittelhessen.de\/el_el\/fuer-patienten\/services-fuer-patientinnen-und-patienten\/tipps-und-wissenswertes\/","title":{"rendered":"Tipps und Wissenswertes"},"content":{"rendered":"<div data-q_id=\"#aertzlicher-dienst\" class=\"vc_row wpb_row section vc_row-fluid  startcontainer mpc-row\" style=\" padding-top:100px; text-align:left;\"><div class=\"full_section_inner clearfix\"><div class=\"wpb_column vc_column_container vc_col-sm-12 mpc-column\" data-column-id=\"mpc_column-5069e055da5e0d7\"><div class=\"vc_column-inner\"><div class=\"wpb_wrapper\"><div class=\"vc_row wpb_row section vc_row-fluid vc_inner   grid_section mpc-row\" style=\" text-align:left;\"><div class=\"section_inner clearfix\"><div class=\"section_inner_margin clearfix\"><div class=\"text-center wpb_column vc_column_container vc_col-sm-2 mpc-column\" data-column-id=\"mpc_column-1869e055da5d509\"><div class=\"vc_column-inner\"><div class=\"wpb_wrapper\"><\/div><\/div><\/div><div class=\"wpb_column vc_column_container vc_col-sm-8 mpc-column\" data-column-id=\"mpc_column-4569e055da5d863\"><div class=\"vc_column-inner\"><div class=\"wpb_wrapper\">\n\t<div class=\"wpb_text_column wpb_content_element  vc_custom_1722337374588\">\n\t\t<div class=\"wpb_wrapper\">\n\t\t\t<h2 class=\"h2\" style=\"text-align: center;\">Effektive &Uuml;bungen und spannende Themen<\/h2>\n\n\t\t<\/div> \n\t<\/div> <\/div><\/div><\/div><div class=\"wpb_column vc_column_container vc_col-sm-2 mpc-column\" data-column-id=\"mpc_column-6869e055da5d958\"><div class=\"vc_column-inner\"><div class=\"wpb_wrapper\"><\/div><\/div><\/div><\/div><\/div><\/div><div class=\"vc_row wpb_row section vc_row-fluid vc_inner   grid_section mpc-row\" style=\" padding-bottom:30px; text-align:left;\"><div class=\"section_inner clearfix\"><div class=\"section_inner_margin clearfix\"><div class=\"text-center wpb_column vc_column_container vc_col-sm-2 mpc-column\" data-column-id=\"mpc_column-4969e055da5dc55\"><div class=\"vc_column-inner\"><div class=\"wpb_wrapper\"><\/div><\/div><\/div><div class=\"wpb_column vc_column_container vc_col-sm-8 mpc-column\" data-column-id=\"mpc_column-5069e055da5de41\"><div class=\"vc_column-inner\"><div class=\"wpb_wrapper\">\n\t<div class=\"wpb_text_column wpb_content_element  page-intro vc_custom_1714643644359\">\n\t\t<div class=\"wpb_wrapper\">\n\t\t\t<p style=\"text-align: center;\">Ist Rheuma genetisch? Was ist bei einer Schwangerschaft mit Rheuma zu beachten? Warum helfen Blutegel, rheumatische Schmerzen zu lindern? Diese und weitere spannende Themen haben wir auf dieser Seite f&uuml;r Sie zusammengefasst. Au&szlig;erdem stellen wir Ihnen praktische Tipps und &Uuml;bungen zur Verf&uuml;gung &ndash;&nbsp;zum Entspannen, zum besseren Schlafen oder zum Meistern des Berufsalltags mit Rheuma. Wir kl&auml;ren auf und machen Sie fit f&uuml;r einen gest&auml;rkten Umgang mit Ihrer chronischen Erkrankung.<\/p>\n\n\t\t<\/div> \n\t<\/div> <\/div><\/div><\/div><div class=\"wpb_column vc_column_container vc_col-sm-2 mpc-column\" data-column-id=\"mpc_column-969e055da5df29\"><div class=\"vc_column-inner\"><div class=\"wpb_wrapper\"><\/div><\/div><\/div><\/div><\/div><\/div><\/div><\/div><\/div><\/div><\/div><div class=\"vc_row wpb_row section vc_row-fluid mpc-row\" style=\" text-align:left;\"><div class=\"full_section_inner clearfix\"><div class=\"wpb_column vc_column_container vc_col-sm-12 mpc-column\" data-column-id=\"mpc_column-569e055da5e644\"><div class=\"vc_column-inner\"><div class=\"wpb_wrapper\">\t<div class=\"vc_empty_space\" style=\"height: 120px\"><span class=\"vc_empty_space_inner\">\n\t\t\t<span class=\"empty_space_image\"><\/span>\n\t\t<\/span><\/div>\n\n<\/div><\/div><\/div><\/div><\/div><div class=\"vc_row wpb_row section vc_row-fluid   grid_section mpc-row\" style=\" text-align:left;\"><div class=\"section_inner clearfix\"><div class=\"section_inner_margin clearfix\"><div class=\"wpb_column vc_column_container vc_col-sm-12 mpc-column\" data-column-id=\"mpc_column-5569e055da5ead5\"><div class=\"vc_column-inner\"><div class=\"wpb_wrapper\">\n\t<div class=\"wpb_text_column wpb_content_element\">\n\t\t<div class=\"wpb_wrapper\">\n\t\t\t<h2 style=\"text-align: center;\">Tipps &amp; &Uuml;bungen f&uuml;r den Alltag<\/h2>\n\n\t\t<\/div> \n\t<\/div> \t<div class=\"vc_empty_space  empty-80\" style=\"height: 80px\"><span class=\"vc_empty_space_inner\">\n\t\t\t<span class=\"empty_space_image\"><\/span>\n\t\t<\/span><\/div>\n\n<\/div><\/div><\/div><\/div><\/div><\/div><div class=\"vc_row wpb_row section vc_row-fluid  module5  grid_section mpc-row\" style=\" text-align:left;\"><div class=\"section_inner clearfix\"><div class=\"section_inner_margin clearfix\"><div class=\"wpb_column vc_column_container vc_col-sm-6 mpc-column\" data-column-id=\"mpc_column-3369e055da5ef48\"><div class=\"vc_column-inner\"><div class=\"wpb_wrapper\">\n\t<div class=\"wpb_text_column wpb_content_element\">\n\t\t<div class=\"wpb_wrapper\">\n\t\t\t<ul>\n<li class=\"mod4-li a\">\n<h3 class=\"list-title\">Tipps f&uuml;r den Berufsalltag mit Rheuma<\/h3>\n<p class=\"mod4-li2\"><a href=\"https:\/\/rheumazentrum-mittelhessen.de\/el_el\/mit-rheuma-den-berufsalltag-meistern\/\">Zum Beitrag<\/a><\/p>\n<\/li>\n<li class=\"mod4-li a\">\n<h3 class=\"list-title\">Kaltes Armbad: Wassertherapie f&uuml;r Zuhause<\/h3>\n<p class=\"mod4-li2\"><a href=\"https:\/\/rheumazentrum-mittelhessen.de\/el_el\/wussten-sie-dass-armbad-anwendung\/\">Zum Beitrag<\/a><\/p>\n<\/li>\n<li class=\"mod4-li a\">\n<h3 class=\"list-title\">Umgang mit dem Fatigue-Syndrom<\/h3>\n<p class=\"mod4-li2\"><a href=\"https:\/\/rheumazentrum-mittelhessen.de\/el_el\/fatigue-syndrom-tipps-zum-umgang-mit-der-schweren-muedigkeit\/\">Zum Beitrag<\/a><\/p>\n<\/li>\n<li class=\"mod4-li a\">\n<h3 class=\"list-title\">Mit Vitamin D rheumatische Symptome lindern<\/h3>\n<p class=\"mod4-li2\"><a href=\"https:\/\/rheumazentrum-mittelhessen.de\/el_el\/mit-vitamin-d-rheumatische-symptome-lindern\/\">Zum Beitrag<\/a><\/p>\n<\/li>\n<\/ul>\n<p>&nbsp;<\/p>\n\n\t\t<\/div> \n\t<\/div> <\/div><\/div><\/div><div class=\"wpb_column vc_column_container vc_col-sm-6 mpc-column\" data-column-id=\"mpc_column-6669e055da5f1e2\"><div class=\"vc_column-inner\"><div class=\"wpb_wrapper\">\n\t<div class=\"wpb_text_column wpb_content_element\">\n\t\t<div class=\"wpb_wrapper\">\n\t\t\t<ul>\n<li class=\"mod4-li a\">\n<h3 class=\"list-title\">Tipps f&uuml;r mehr Entspannung<\/h3>\n<p class=\"mod4-li2\"><a href=\"https:\/\/rheumazentrum-mittelhessen.de\/el_el\/entspannt-durch-den-winter-und-durch-rheumatische-schuebe-teil-1\/\">Zum Beitrag<\/a><\/p>\n<\/li>\n<li class=\"mod4-li a\">\n<h3 class=\"list-title\">Tipps zum Abschalten<\/h3>\n<p class=\"mod4-li2\"><a href=\"https:\/\/rheumazentrum-mittelhessen.de\/el_el\/entspannt-durch-den-winter-und-durch-rheumatische-schuebe-teil-2\/\">Zum Beitrag<\/a><\/p>\n<\/li>\n<li class=\"mod4-li a\">\n<h3 class=\"list-title\">Sanfte Bewegungstechniken gegen Schmerzen<\/h3>\n<p class=\"mod4-li2\"><a href=\"https:\/\/rheumazentrum-mittelhessen.de\/el_el\/entspannt-durch-den-winter-und-durch-rheumatische-schuebe-teil-3\/\">Zum Beitrag<\/a><\/p>\n<\/li>\n<li class=\"mod4-li a\">\n<h3 class=\"list-title\">Besser schlafen: Praktische Tipps zur Schlafhygiene<\/h3>\n<p class=\"mod4-li2\"><a href=\"https:\/\/rheumazentrum-mittelhessen.de\/el_el\/besser-schlafen-praktische-tipps-zur-schlafhygiene\/\">Zum Beitrag<\/a><\/p>\n<\/li>\n<\/ul>\n<p>&nbsp;<\/p>\n\n\t\t<\/div> \n\t<\/div> <\/div><\/div><\/div><\/div><\/div><\/div><div class=\"vc_row wpb_row section vc_row-fluid mpc-row\" style=\" text-align:left;\"><div class=\"full_section_inner clearfix\"><div class=\"wpb_column vc_column_container vc_col-sm-12 mpc-column\" data-column-id=\"mpc_column-4269e055da5f650\"><div class=\"vc_column-inner\"><div class=\"wpb_wrapper\">\t<div class=\"vc_empty_space  empty-120\" style=\"height: 120px\"><span class=\"vc_empty_space_inner\">\n\t\t\t<span class=\"empty_space_image\"><\/span>\n\t\t<\/span><\/div>\n\n<\/div><\/div><\/div><\/div><\/div><div class=\"vc_row wpb_row section vc_row-fluid mpc-row\" style=\" text-align:left;\"><div class=\"full_section_inner clearfix\"><div class=\"wpb_column vc_column_container vc_col-sm-12 mpc-column\" data-column-id=\"mpc_column-6969e055da5fe02\"><div class=\"vc_column-inner\"><div class=\"wpb_wrapper\"><div class=\"vc_row wpb_row section vc_row-fluid vc_inner   grid_section mpc-row\" style=\" text-align:left;\"><div class=\"section_inner clearfix\"><div class=\"section_inner_margin clearfix\"><div class=\"wpb_column vc_column_container vc_col-sm-12 mpc-column\" data-column-id=\"mpc_column-1069e055da5fcee\"><div class=\"vc_column-inner\"><div class=\"wpb_wrapper\">\n\t<div class=\"wpb_text_column wpb_content_element\">\n\t\t<div class=\"wpb_wrapper\">\n\t\t\t<h2 style=\"text-align: center;\">Wissenswertes zum Thema Rheuma<\/h2>\n\n\t\t<\/div> \n\t<\/div> \t<div class=\"vc_empty_space  empty-80\" style=\"height: 80px\"><span class=\"vc_empty_space_inner\">\n\t\t\t<span class=\"empty_space_image\"><\/span>\n\t\t<\/span><\/div>\n\n<\/div><\/div><\/div><\/div><\/div><\/div><\/div><\/div><\/div><\/div><\/div><div class=\"vc_row wpb_row section vc_row-fluid  module4b  grid_section mpc-row\" style=\" text-align:left;\"><div class=\"section_inner clearfix\"><div class=\"section_inner_margin clearfix\"><div class=\"wpb_column vc_column_container vc_col-sm-6 mpc-column\" data-column-id=\"mpc_column-3369e055da60e90\"><div class=\"vc_column-inner\"><div class=\"wpb_wrapper\">\n\t<div class=\"wpb_single_image wpb_content_element vc_align_center\">\n\t\t<div class=\"wpb_wrapper\">\n\t\t\t\n\t\t\t<div class=\"vc_single_image-wrapper   vc_box_border_grey\"><img loading=\"lazy\" decoding=\"async\" width=\"1000\" height=\"1000\" src=\"https:\/\/rheumazentrum-mittelhessen.de\/wp-content\/uploads\/2022\/10\/RZMH-homepage-img-crop-scaled_square-1.jpeg\" class=\"vc_single_image-img attachment-full\" alt=\"\" srcset=\"https:\/\/rheumazentrum-mittelhessen.de\/wp-content\/uploads\/2022\/10\/RZMH-homepage-img-crop-scaled_square-1.jpeg 1000w, https:\/\/rheumazentrum-mittelhessen.de\/wp-content\/uploads\/2022\/10\/RZMH-homepage-img-crop-scaled_square-1-300x300.jpeg 300w, https:\/\/rheumazentrum-mittelhessen.de\/wp-content\/uploads\/2022\/10\/RZMH-homepage-img-crop-scaled_square-1-150x150.jpeg 150w, https:\/\/rheumazentrum-mittelhessen.de\/wp-content\/uploads\/2022\/10\/RZMH-homepage-img-crop-scaled_square-1-768x768.jpeg 768w, https:\/\/rheumazentrum-mittelhessen.de\/wp-content\/uploads\/2022\/10\/RZMH-homepage-img-crop-scaled_square-1-570x570.jpeg 570w, https:\/\/rheumazentrum-mittelhessen.de\/wp-content\/uploads\/2022\/10\/RZMH-homepage-img-crop-scaled_square-1-500x500.jpeg 500w, https:\/\/rheumazentrum-mittelhessen.de\/wp-content\/uploads\/2022\/10\/RZMH-homepage-img-crop-scaled_square-1-700x700.jpeg 700w\" sizes=\"auto, (max-width: 1000px) 100vw, 1000px\"><\/div>\n\t\t<\/div>\n\t<\/div>\n\t<div class=\"vc_empty_space  empty-20 hide-on-desktop\" style=\"height: 20px\"><span class=\"vc_empty_space_inner\">\n\t\t\t<span class=\"empty_space_image\"><\/span>\n\t\t<\/span><\/div>\n\n<\/div><\/div><\/div><div class=\"wpb_column vc_column_container vc_col-sm-6 mpc-column\" data-column-id=\"mpc_column-5369e055da61198\"><div class=\"vc_column-inner\"><div class=\"wpb_wrapper\">\n\t<div class=\"wpb_text_column wpb_content_element\">\n\t\t<div class=\"wpb_wrapper\">\n\t\t\t<ul>\n<li class=\"mod4-li a\">\n<h3 class=\"list-title\"><span style=\"color: #ffffff;\"> Ist Rheuma genetisch? <\/span><\/h3>\n<p class=\"mod4-li2\"><span style=\"color: #ffffff;\"><a style=\"color: #ffffff;\" href=\"https:\/\/rheumazentrum-mittelhessen.de\/el_el\/rheuma-ist-das-nicht-genetisch\/\">Zum Beitrag<\/a><\/span><\/p>\n<\/li>\n<li class=\"mod4-li a\">\n<h3 class=\"list-title\"><span style=\"color: #ffffff;\"> Schmerzlinderung durch Blutegel <\/span><\/h3>\n<p class=\"mod4-li2\"><span style=\"color: #ffffff;\"><a style=\"color: #ffffff;\" href=\"https:\/\/rheumazentrum-mittelhessen.de\/el_el\/tierisch-gut-schmerzlinderung-durch-blutegel\/\">Zum Beitrag<\/a><\/span><\/p>\n<\/li>\n<li class=\"mod4-li a\">\n<h3 class=\"list-title\"><span style=\"color: #ffffff;\"> Schwangerschaft &amp; Rheuma <\/span><\/h3>\n<p class=\"mod4-li2\"><span style=\"color: #ffffff;\"><a style=\"color: #ffffff;\" href=\"https:\/\/rheumazentrum-mittelhessen.de\/el_el\/schwangerschaft-und-rheuma\/\">Zum Beitrag<\/a><\/span><\/p>\n<\/li>\n<li class=\"mod4-li a\">\n<h3 class=\"list-title\"><span style=\"color: #ffffff;\"> Selbsthilfegruppen <\/span><\/h3>\n<p class=\"mod4-li2\"><span style=\"color: #ffffff;\"><a style=\"color: #ffffff;\" href=\"https:\/\/rheumazentrum-mittelhessen.de\/el_el\/selbsthilfegruppen-wo-sich-betroffene-gegenseitig-staerken\/\">Zum Beitrag<\/a><\/span><\/p>\n<\/li>\n<\/ul>\n<p>&nbsp;<\/p>\n\n\t\t<\/div> \n\t<\/div> <\/div><\/div><\/div><\/div><\/div><\/div><div class=\"vc_row wpb_row section vc_row-fluid mpc-row\" style=\" text-align:left;\"><div class=\"full_section_inner clearfix\"><div class=\"wpb_column vc_column_container vc_col-sm-12 mpc-column\" data-column-id=\"mpc_column-8269e055da6163b\"><div class=\"vc_column-inner\"><div class=\"wpb_wrapper\">\t<div class=\"vc_empty_space  empty-120\" style=\"height: 120px\"><span class=\"vc_empty_space_inner\">\n\t\t\t<span class=\"empty_space_image\"><\/span>\n\t\t<\/span><\/div>\n\n<\/div><\/div><\/div><\/div><\/div><div class=\"vc_row wpb_row section vc_row-fluid   grid_section mpc-row\" style=\" text-align:left;\"><div class=\"section_inner clearfix\"><div class=\"section_inner_margin clearfix\"><div class=\"wpb_column vc_column_container vc_col-sm-12 mpc-column\" data-column-id=\"mpc_column-7069e055da61a0a\"><div class=\"vc_column-inner\"><div class=\"wpb_wrapper\">\n\t<div class=\"wpb_text_column wpb_content_element\">\n\t\t<div class=\"wpb_wrapper\">\n\t\t\t<h2 style=\"text-align: center;\">Weitere Tipps f&uuml;r Ihre Gesundheit<\/h2>\n\n\t\t<\/div> \n\t<\/div> \t<div class=\"vc_empty_space  empty-80\" style=\"height: 80px\"><span class=\"vc_empty_space_inner\">\n\t\t\t<span class=\"empty_space_image\"><\/span>\n\t\t<\/span><\/div>\n\n<\/div><\/div><\/div><\/div><\/div><\/div><div class=\"vc_row wpb_row section vc_row-fluid  module2  grid_section mpc-row\" style=\" text-align:left;\"><div class=\"section_inner clearfix\"><div class=\"section_inner_margin clearfix\"><div class=\"module2-p wpb_column vc_column_container vc_col-sm-6 mpc-column\" data-column-id=\"mpc_column-1769e055da62abd\"><div class=\"vc_column-inner\"><div class=\"wpb_wrapper\"><div class=\"image_with_text\"><img decoding=\"async\" itemprop=\"image\" src=\"https:\/\/rheumazentrum-mittelhessen.de\/wp-content\/uploads\/2023\/12\/RZMH-Mitarbeiter-beim-Training-in-eigenen-Raeumlichkeiten.jpg\" alt=\"Autogenes Training &amp; progressive Muskelentspannung\"><h3>Autogenes Training &amp; progressive Muskelentspannung<\/h3><span style=\"margin: 6px 0px;\" class=\"separator transparent\"><\/span>\n<p class=\"p1\">Entspannung hilft, Stress abzubauen und den Alltag leichter zu bew\u00e4ltigen.\n\nUnsere Audio-Anleitung zum autogenen Training und zur progressiven Muskelentspannung unterst\u00fctzt Sie bei Rheuma. Sie lernen, sich selbst zu entspannen und besser mit Schmerzen umzugehen.<\/p>\n<p>&nbsp;<\/p>\n<p><\/p><\/div><a href=\"https:\/\/rheumazentrum-mittelhessen.de\/el_el\/fuer-patienten\/services-fuer-patientinnen-und-patienten\/autogenes-training\/\" title=\"Autogenes Training &amp; progressive Muskelentspannung\" data-id=\"mpc_button-6569e055da628ad\" class=\"mpc-button mpc-init mpc-transition mpc-display--block module2-btn\"><div class=\"mpc-button__content mpc-effect-type--none mpc-effect-side--none\"><span class=\"mpc-button__title mpc-transition\">Zu &raquo;Autogenes Training&laquo;<\/span><\/div><div class=\"mpc-button__background mpc-transition mpc-effect-type--slide mpc-effect-side--bottom\"><\/div><\/a><\/div><\/div><\/div><div class=\"module2-p wpb_column vc_column_container vc_col-sm-6 mpc-column\" data-column-id=\"mpc_column-9169e055da63b8a\"><div class=\"vc_column-inner\"><div class=\"wpb_wrapper\"><div class=\"image_with_text\"><img decoding=\"async\" itemprop=\"image\" src=\"https:\/\/rheumazentrum-mittelhessen.de\/wp-content\/uploads\/2023\/12\/Koch-bei-der-Arbeit-im-RZMH.jpg\" alt=\"Rezepte &amp; Ern&auml;hrung\"><h3>Rezepte &amp; Ern&auml;hrung<\/h3><span style=\"margin: 6px 0px;\" class=\"separator transparent\"><\/span>\n<p class=\"p1\" style=\"padding-bottom: 32px;\">Gute Ern\u00e4hrung ist wichtig f\u00fcr die Gesundheit des K\u00f6rpers. Bei Rheuma ist es ratsam, entz\u00fcndungshemmende Lebensmittel zu essen. Wir haben einfache Rezepte vorbereitet, die Sie leicht kochen k\u00f6nnen.<\/p>\n<p>&nbsp;<\/p>\n<p><\/p><\/div><a href=\"https:\/\/rheumazentrum-mittelhessen.de\/el_el\/fuer-patienten\/services-fuer-patientinnen-und-patienten\/rezepte-ernaehrung-bei-rheuma\/\" title=\"Rezepte &amp; Ern&auml;hrung\" data-id=\"mpc_button-6769e055da639a9\" class=\"mpc-button mpc-init mpc-transition mpc-display--block module2-btn\"><div class=\"mpc-button__content mpc-effect-type--none mpc-effect-side--none\"><span class=\"mpc-button__title mpc-transition\">Zu &raquo;Rezepte &amp; Ern&auml;hrung&laquo;<\/span><\/div><div class=\"mpc-button__background mpc-transition mpc-effect-type--fade mpc-effect-side--in\"><\/div><\/a><\/div><\/div><\/div><\/div><\/div><\/div><div class=\"vc_row wpb_row section vc_row-fluid mpc-row\" style=\" text-align:left;\"><div class=\"full_section_inner clearfix\"><div class=\"wpb_column vc_column_container vc_col-sm-12 mpc-column\" data-column-id=\"mpc_column-2869e055da648a7\"><div class=\"vc_column-inner\"><div class=\"wpb_wrapper\">\t<div class=\"vc_empty_space  empty-120\" style=\"height: 120px\"><span class=\"vc_empty_space_inner\">\n\t\t\t<span class=\"empty_space_image\"><\/span>\n\t\t<\/span><\/div>\n\n<\/div><\/div><\/div><\/div><\/div><div class=\"vc_row wpb_row section vc_row-fluid  footer-module  grid_section mpc-row\" style=\" text-align:left;\"><div class=\"section_inner clearfix\"><div class=\"section_inner_margin clearfix\"><div class=\"wpb_column vc_column_container vc_col-sm-3 mpc-column\" id=\"info-box-adresse\" data-column-id=\"mpc_column-3269e055da65362\"><div class=\"vc_column-inner\"><div class=\"wpb_wrapper\"><div data-id=\"mpc_icon_column-1069e055da6518c\" class=\"mpc-icon-column mpc-init mpc-parent-hover mpc-transition mpc-icon-column--style_1 mpc-align--center content-box-info footer-module-p1\"><div data-id=\"mpc_icon-9269e055da651df\" class=\"mpc-icon mpc-init mpc-transition mpc-effect-none\"><div class=\"mpc-icon-wrap\"><i class=\"mpc-icon-part mpc-regular mpc-transition\"><\/i><\/div><\/div><div class=\"mpc-icon-column__content-wrap\"><div class=\"mpc-icon-column__content\"><h3 class=\"mpc-icon-column__heading mpc-transition\">So m\u00fcssen Sie fahren<\/h3><div data-id=\"mpc_divider-1969e055da65218\" class=\"mpc-divider-wrap\"><div class=\"mpc-divider mpc-init mpc-align--center mpc-disable--left\"><div class=\"mpc-divider__line mpc-side--left\"><span><\/span><\/div><div class=\"mpc-divider__line mpc-side--right\"><span><\/span><\/div><\/div><\/div><div class=\"mpc-icon-column__description mpc-transition\"><p>Rheumazentrum Mittelhessen<\/p>\n<p>Sebastian-Kneipp-Stra&szlig;e 36<\/p>\n<p>35080 Bad Endbach<\/p>\n<\/div><\/div><\/div><\/div><\/div><\/div><\/div><div class=\"wpb_column vc_column_container vc_col-sm-6 mpc-column\" id=\"info-box-nummern\" data-column-id=\"mpc_column-2469e055da65822\"><div class=\"vc_column-inner\"><div class=\"wpb_wrapper\"><div data-id=\"mpc_icon_column-8069e055da655c4\" class=\"mpc-icon-column mpc-init mpc-parent-hover mpc-transition mpc-icon-column--style_1 mpc-align--center content-box-info footer-module-p2\"><div data-id=\"mpc_icon-9169e055da655fd\" class=\"mpc-icon mpc-init mpc-transition mpc-effect-none\"><div class=\"mpc-icon-wrap\"><i class=\"mpc-icon-part mpc-regular mpc-transition\"><\/i><\/div><\/div><div class=\"mpc-icon-column__content-wrap\"><div class=\"mpc-icon-column__content\"><h3 class=\"mpc-icon-column__heading mpc-transition\">Telefonnummern<\/h3><div data-id=\"mpc_divider-2969e055da65627\" class=\"mpc-divider-wrap\"><div class=\"mpc-divider mpc-init mpc-align--center mpc-disable--left\"><div class=\"mpc-divider__line mpc-side--left\"><span><\/span><\/div><div class=\"mpc-divider__line mpc-side--right\"><span><\/span><\/div><\/div><\/div><div class=\"mpc-icon-column__description mpc-transition\"><div style=\"width: 100%; display: flex; flex-direction: row;\">\n<div style=\"width: 50%; text-align: right;\">\n<p>Zentrale:<\/p>\n<\/div>\n<div style=\"width: 50%; text-align: left;\">\n<p><a href=\"tel:+4927769190\">&nbsp;02776 919 0<\/a><\/p>\n<\/div>\n<\/div>\n<div style=\"width: 100%; display: flex; flex-direction: row;\">\n<div style=\"width: 50%; text-align: right;\">\n<p>Station&auml;re Aufname:<\/p>\n<\/div>\n<div style=\"width: 50%; text-align: left;\">\n<p><a href=\"tel:+492776919111\">&nbsp;02776 919 111<\/a><\/p>\n<\/div>\n<\/div>\n<div style=\"width: 100%; display: flex; flex-direction: row;\">\n<div style=\"width: 50%; text-align: right;\">\n<p>Ambulante Therapieplanung:<\/p>\n<\/div>\n<div style=\"width: 50%; text-align: left;\">\n<p><a href=\"tel:+492776919160\">&nbsp;02776 919 160<\/a><\/p>\n<\/div>\n<\/div>\n<div style=\"width: 100%; display: flex; flex-direction: row;\">\n<div style=\"width: 50%; text-align: right;\">\n<p>MVZ Terminvereinbarung:<\/p>\n<\/div>\n<div style=\"width: 50%; text-align: left;\">\n<p><a href=\"tel:+492776919117\">&nbsp;02776 919 117<\/a><\/p>\n<\/div>\n<\/div>\n<\/div><\/div><\/div><\/div><\/div><\/div><\/div><div class=\"wpb_column vc_column_container vc_col-sm-3 mpc-column\" id=\"info-box-besucher\" data-column-id=\"mpc_column-8569e055da65c3e\"><div class=\"vc_column-inner\"><div class=\"wpb_wrapper\"><div data-id=\"mpc_icon_column-1369e055da65a90\" class=\"mpc-icon-column mpc-init mpc-parent-hover mpc-transition mpc-icon-column--style_1 mpc-align--center content-box-info footer-module-p3\"><div data-id=\"mpc_icon-6869e055da65ac9\" class=\"mpc-icon mpc-init mpc-transition mpc-effect-none\"><div class=\"mpc-icon-wrap\"><i class=\"mpc-icon-part mpc-regular mpc-transition\"><\/i><\/div><\/div><div class=\"mpc-icon-column__content-wrap\"><div class=\"mpc-icon-column__content\"><h3 class=\"mpc-icon-column__heading mpc-transition\">Besuchszeiten<\/h3><div data-id=\"mpc_divider-4569e055da65af3\" class=\"mpc-divider-wrap\"><div class=\"mpc-divider mpc-init mpc-align--center mpc-disable--left\"><div class=\"mpc-divider__line mpc-side--left\"><span><\/span><\/div><div class=\"mpc-divider__line mpc-side--right\"><span><\/span><\/div><\/div><\/div><div class=\"mpc-icon-column__description mpc-transition\"><p style=\"text-align: center;\">T&auml;glich:<\/p>\n<p style=\"text-align: center;\">10:00 &ndash; 11:30 Uhr &amp;<\/p>\n<p style=\"text-align: center;\">13:30 &ndash; 20:00 Uhr<\/p>\n<p>&nbsp;<\/p>\n<\/div><\/div><\/div><\/div><\/div><\/div><\/div><\/div><\/div><\/div>","protected":false},"excerpt":{"rendered":"Effektive &Uuml;bungen und spannende Themen Ist Rheuma genetisch? Was ist bei einer Schwangerschaft mit Rheuma zu beachten? Warum helfen Blutegel, rheumatische Schmerzen zu lindern? Diese und weitere spannende Themen haben wir auf dieser Seite f&uuml;r Sie zusammengefasst. Au&szlig;erdem stellen wir Ihnen praktische Tipps und &Uuml;bungen","protected":false},"author":1,"featured_media":0,"parent":8389,"menu_order":8,"comment_status":"closed","ping_status":"closed","template":"full_width.php","meta":{"_acf_changed":false,"footnotes":""},"class_list":["post-8393","page","type-page","status-publish","hentry"],"acf":[],"_links":{"self":[{"href":"https:\/\/rheumazentrum-mittelhessen.de\/el_el\/wp-json\/wp\/v2\/pages\/8393","targetHints":{"allow":["GET"]}}],"collection":[{"href":"https:\/\/rheumazentrum-mittelhessen.de\/el_el\/wp-json\/wp\/v2\/pages"}],"about":[{"href":"https:\/\/rheumazentrum-mittelhessen.de\/el_el\/wp-json\/wp\/v2\/types\/page"}],"author":[{"embeddable":true,"href":"https:\/\/rheumazentrum-mittelhessen.de\/el_el\/wp-json\/wp\/v2\/users\/1"}],"replies":[{"embeddable":true,"href":"https:\/\/rheumazentrum-mittelhessen.de\/el_el\/wp-json\/wp\/v2\/comments?post=8393"}],"version-history":[{"count":32,"href":"https:\/\/rheumazentrum-mittelhessen.de\/el_el\/wp-json\/wp\/v2\/pages\/8393\/revisions"}],"predecessor-version":[{"id":11867,"href":"https:\/\/rheumazentrum-mittelhessen.de\/el_el\/wp-json\/wp\/v2\/pages\/8393\/revisions\/11867"}],"up":[{"embeddable":true,"href":"https:\/\/rheumazentrum-mittelhessen.de\/el_el\/wp-json\/wp\/v2\/pages\/8389"}],"wp:attachment":[{"href":"https:\/\/rheumazentrum-mittelhessen.de\/el_el\/wp-json\/wp\/v2\/media?parent=8393"}],"curies":[{"name":"wp","href":"https:\/\/api.w.org\/{rel}","templated":true}]}}