{"id":8389,"date":"2023-09-20T17:21:24","date_gmt":"2023-09-20T15:21:24","guid":{"rendered":"https:\/\/rheumazentrum-mittelhessen.de\/fuer-patientinnen-und-patienten-copy\/"},"modified":"2025-03-20T14:12:57","modified_gmt":"2025-03-20T13:12:57","slug":"services-fuer-patientinnen-und-patienten","status":"publish","type":"page","link":"https:\/\/rheumazentrum-mittelhessen.de\/el_el\/fuer-patienten\/services-fuer-patientinnen-und-patienten\/","title":{"rendered":"Services f\u00fcr Patientinnen und Patienten"},"content":{"rendered":"<div data-q_id=\"#aertzlicher-dienst\" class=\"vc_row wpb_row section vc_row-fluid  startcontainer mpc-row\" style=\" padding-top:100px; text-align:left;\"><div class=\"full_section_inner clearfix\"><div class=\"wpb_column vc_column_container vc_col-sm-12 mpc-column\" data-column-id=\"mpc_column-5069e5f1c5b43df\"><div class=\"vc_column-inner\"><div class=\"wpb_wrapper\"><div class=\"vc_row wpb_row section vc_row-fluid vc_inner   grid_section mpc-row\" style=\" text-align:left;\"><div class=\"section_inner clearfix\"><div class=\"section_inner_margin clearfix\"><div class=\"text-center wpb_column vc_column_container vc_col-sm-2 mpc-column\" data-column-id=\"mpc_column-4169e5f1c5b3190\"><div class=\"vc_column-inner\"><div class=\"wpb_wrapper\"><\/div><\/div><\/div><div class=\"wpb_column vc_column_container vc_col-sm-8 mpc-column\" data-column-id=\"mpc_column-969e5f1c5b366e\"><div class=\"vc_column-inner\"><div class=\"wpb_wrapper\">\n\t<div class=\"wpb_text_column wpb_content_element  vc_custom_1722337462455\">\n\t\t<div class=\"wpb_wrapper\">\n\t\t\t<h2 class=\"h2\" style=\"text-align: center;\">Hier sind Tipps f\u00fcr Ihre Gesundheit nach dem Aufenthalt bei uns<\/h2>\n\n\t\t<\/div> \n\t<\/div> <\/div><\/div><\/div><div class=\"wpb_column vc_column_container vc_col-sm-2 mpc-column\" data-column-id=\"mpc_column-6569e5f1c5b37f0\"><div class=\"vc_column-inner\"><div class=\"wpb_wrapper\"><\/div><\/div><\/div><\/div><\/div><\/div><div class=\"vc_row wpb_row section vc_row-fluid vc_inner   grid_section mpc-row\" style=\" padding-bottom:30px; text-align:left;\"><div class=\"section_inner clearfix\"><div class=\"section_inner_margin clearfix\"><div class=\"text-center wpb_column vc_column_container vc_col-sm-2 mpc-column\" data-column-id=\"mpc_column-4969e5f1c5b3cec\"><div class=\"vc_column-inner\"><div class=\"wpb_wrapper\"><\/div><\/div><\/div><div class=\"wpb_column vc_column_container vc_col-sm-8 mpc-column\" data-column-id=\"mpc_column-2169e5f1c5b3ff3\"><div class=\"vc_column-inner\"><div class=\"wpb_wrapper\">\n\t<div class=\"wpb_text_column wpb_content_element  page-intro vc_custom_1714642622797\">\n\t\t<div class=\"wpb_wrapper\">\n\t\t\t<p style=\"text-align: center;\">Wir geben Ihnen \u00dcbungen und Ratschl\u00e4ge f\u00fcr Ihren Alltag. So k\u00f6nnen Sie nach der Behandlung im Rheumazentrum Mittelhessen selbst etwas f\u00fcr Ihre Gesundheit tun.\n\nEntspannungs\u00fcbungen und gute Ern\u00e4hrung st\u00e4rken Ihren K\u00f6rper und Geist. Sie mildern Schmerzen durch Rheuma und helfen Ihnen, besser mit der Krankheit umzugehen.<\/p>\n\n\t\t<\/div> \n\t<\/div> <\/div><\/div><\/div><div class=\"wpb_column vc_column_container vc_col-sm-2 mpc-column\" data-column-id=\"mpc_column-2169e5f1c5b417d\"><div class=\"vc_column-inner\"><div class=\"wpb_wrapper\"><\/div><\/div><\/div><\/div><\/div><\/div><\/div><\/div><\/div><\/div><\/div><div class=\"vc_row wpb_row section vc_row-fluid mpc-row\" style=\" text-align:left;\"><div class=\"full_section_inner clearfix\"><div class=\"wpb_column vc_column_container vc_col-sm-12 mpc-column\" data-column-id=\"mpc_column-8369e5f1c5b4ab5\"><div class=\"vc_column-inner\"><div class=\"wpb_wrapper\">\t<div class=\"vc_empty_space  empty-120\" style=\"height: 120px\"><span class=\"vc_empty_space_inner\">\n\t\t\t<span class=\"empty_space_image\"><\/span>\n\t\t<\/span><\/div>\n\n<\/div><\/div><\/div><\/div><\/div><div class=\"vc_row wpb_row section vc_row-fluid  module2  grid_section mpc-row\" style=\" text-align:left;\"><div class=\"section_inner clearfix\"><div class=\"section_inner_margin clearfix\"><div class=\"module2-p wpb_column vc_column_container vc_col-sm-4 mpc-column\" data-column-id=\"mpc_column-3769e5f1c5b6269\"><div class=\"vc_column-inner\"><div class=\"wpb_wrapper\"><div class=\"image_with_text\"><img decoding=\"async\" itemprop=\"image\" src=\"https:\/\/rheumazentrum-mittelhessen.de\/wp-content\/uploads\/2023\/12\/RZMH-Mitarbeiter-beim-Training-in-eigenen-Raeumlichkeiten.jpg\" alt=\"Autogenes Training &amp; progressive Muskelentspannung\"><h3>Autogenes Training &amp; progressive Muskelentspannung<\/h3><span style=\"margin: 6px 0px;\" class=\"separator transparent\"><\/span>\n<p class=\"p1\">Entspannung hilft, Stress abzubauen und den Alltag leichter zu bew\u00e4ltigen.\n\nUnsere Audio-Anleitung zum autogenen Training und zur progressiven Muskelentspannung unterst\u00fctzt Sie bei Rheuma. Sie lernen, sich selbst zu entspannen und besser mit Schmerzen umzugehen.<\/p>\n<p>&nbsp;<\/p>\n<p><\/p><\/div><a href=\"https:\/\/rheumazentrum-mittelhessen.de\/el_el\/fuer-patienten\/services-fuer-patientinnen-und-patienten\/autogenes-training\/\" title=\"Zu &raquo;Autogenes Training&laquo;\" data-id=\"mpc_button-5869e5f1c5b5b4f\" class=\"mpc-button mpc-init mpc-transition mpc-display--block module2-btn\"><div class=\"mpc-button__content mpc-effect-type--none mpc-effect-side--none\"><span class=\"mpc-button__title mpc-transition\">Zu &raquo;Autogenes Training&laquo;<\/span><\/div><div class=\"mpc-button__background mpc-transition mpc-effect-type--slide mpc-effect-side--bottom\"><\/div><\/a><\/div><\/div><\/div><div class=\"module2-p wpb_column vc_column_container vc_col-sm-4 mpc-column\" data-column-id=\"mpc_column-1369e5f1c5b71ed\"><div class=\"vc_column-inner\"><div class=\"wpb_wrapper\"><div class=\"image_with_text\"><img decoding=\"async\" itemprop=\"image\" src=\"https:\/\/rheumazentrum-mittelhessen.de\/wp-content\/uploads\/2023\/12\/Koch-bei-der-Arbeit-im-RZMH.jpg\" alt=\"Rezepte &amp; Ern&auml;hrung\"><h3>Rezepte &amp; Ern&auml;hrung<\/h3><span style=\"margin: 6px 0px;\" class=\"separator transparent\"><\/span>\n<p class=\"p1\">Gute Ern\u00e4hrung ist wichtig f\u00fcr die Gesundheit des K\u00f6rpers. Bei Rheuma ist es ratsam, entz\u00fcndungshemmende Lebensmittel zu essen. Wir haben einfache Rezepte vorbereitet, die Sie leicht kochen k\u00f6nnen.<\/p>\n<p>&nbsp;<\/p>\n<p><\/p><\/div><a href=\"https:\/\/rheumazentrum-mittelhessen.de\/el_el\/fuer-patienten\/services-fuer-patientinnen-und-patienten\/rezepte-ernaehrung-bei-rheuma\/\" title=\"Rezepte &amp; Ern&auml;hrung bei Rheuma\" data-id=\"mpc_button-5869e5f1c5b708c\" class=\"mpc-button mpc-init mpc-transition mpc-display--block module2-btn\"><div class=\"mpc-button__content mpc-effect-type--none mpc-effect-side--none\"><span class=\"mpc-button__title mpc-transition\">Zu &raquo;Rezepte &amp; Ern&auml;hrung&laquo;<\/span><\/div><div class=\"mpc-button__background mpc-transition mpc-effect-type--fade mpc-effect-side--in\"><\/div><\/a><\/div><\/div><\/div><div class=\"module2-p wpb_column vc_column_container vc_col-sm-4 mpc-column\" data-column-id=\"mpc_column-6469e5f1c5b824e\"><div class=\"vc_column-inner\"><div class=\"wpb_wrapper\"><div class=\"image_with_text\"><img decoding=\"async\" itemprop=\"image\" src=\"https:\/\/rheumazentrum-mittelhessen.de\/wp-content\/uploads\/2023\/12\/Ernaehrungsberaterin-in-der-Lehrkueche-des-RZMH.jpg\" alt=\"Tipps &amp; Tricks f&uuml;r Zuhause\"><h3>Tipps &amp; Tricks f&uuml;r Zuhause<\/h3><span style=\"margin: 6px 0px;\" class=\"separator transparent\"><\/span>\n<p class=\"p1\">Wir geben Ihnen n\u00fctzliche Informationen. Damit k\u00f6nnen Sie selbstst\u00e4ndig Ihre Gesundheit f\u00f6rdern.\n\nSie finden bei uns Anleitungen f\u00fcr autogenes Training, Rezepte f\u00fcr schmackhafte Gerichte mit entz\u00fcndungshemmenden Inhaltsstoffen und zahlreiche andere Empfehlungen.<\/p>\n<p>&nbsp;<\/p>\n<p><\/p><\/div><a href=\"https:\/\/rheumazentrum-mittelhessen.de\/el_el\/fuer-patienten\/services-fuer-patientinnen-und-patienten\/tipps-und-wissenswertes\/\" title=\"Tipps &amp; Tricks f&uuml;r Zuhause\" data-id=\"mpc_button-4469e5f1c5b80c0\" class=\"mpc-button mpc-init mpc-transition mpc-display--block module2-btn\"><div class=\"mpc-button__content mpc-effect-type--none mpc-effect-side--none\"><span class=\"mpc-button__title mpc-transition\">Zu &raquo;Tipps f&uuml;r Zuhause&laquo;<\/span><\/div><div class=\"mpc-button__background mpc-transition mpc-effect-type--fade mpc-effect-side--in\"><\/div><\/a><\/div><\/div><\/div><\/div><\/div><\/div><div class=\"vc_row wpb_row section vc_row-fluid mpc-row\" style=\" text-align:left;\"><div class=\"full_section_inner clearfix\"><div class=\"wpb_column vc_column_container vc_col-sm-12 mpc-column\" data-column-id=\"mpc_column-5769e5f1c5b8c58\"><div class=\"vc_column-inner\"><div class=\"wpb_wrapper\">\t<div class=\"vc_empty_space  empty-120\" style=\"height: 120px\"><span class=\"vc_empty_space_inner\">\n\t\t\t<span class=\"empty_space_image\"><\/span>\n\t\t<\/span><\/div>\n\n<\/div><\/div><\/div><\/div><\/div><div class=\"vc_row wpb_row section vc_row-fluid   grid_section mpc-row\" style=\" text-align:left;\"><div class=\"section_inner clearfix\"><div class=\"section_inner_margin clearfix\"><div class=\"wpb_column vc_column_container vc_col-sm-12 mpc-column\" data-column-id=\"mpc_column-2669e5f1c5c1007\"><div class=\"vc_column-inner\"><div class=\"wpb_wrapper\">\n\t<div class=\"wpb_text_column wpb_content_element\">\n\t\t<div class=\"wpb_wrapper\">\n\t\t\t<h2 style=\"text-align: center;\">Blogbeitr&auml;ge<\/h2>\n\n\t\t<\/div> \n\t<\/div> \t<div class=\"vc_empty_space  empty-80\" style=\"height: 80px\"><span class=\"vc_empty_space_inner\">\n\t\t\t<span class=\"empty_space_image\"><\/span>\n\t\t<\/span><\/div>\n\n\n\t<div class=\"wpb_text_column wpb_content_element\">\n\t\t<div class=\"wpb_wrapper\">\n\t\t\t<p><code><div class=\"rzmh-posts\"><div class=\"rzmh-post-container category-hilfestellung\">\n                           <div class=\"rzmh-post\">\n                              <div class=\"rzmh-post-inner\">     <img decoding=\"async\" class=\"rzmh-post-img\" src=\"https:\/\/rheumazentrum-mittelhessen.de\/wp-content\/uploads\/2026\/03\/RZMH_Hilfsmittel-bei-Rheuma_weg-optimiert.jpg\" alt=\"\">         <h3 class=\"rzmh-post-title\">Hilfsmittel bei Rheuma: Was &uuml;bernehmen die Krankenkassen?<\/h3>\n                                 <div class=\"rzmh-post-meta\">\n                                    <span class=\"rzmh-post-author\">firstart<\/span><span>|<\/span>\n                                    <span class=\"rzmh-post-date\">20.02.26<\/span><span>|<\/span>\n                                    <span class=\"\"> <a href=\"https:\/\/rheumazentrum-mittelhessen.de\/el_el\/category\/hilfestellung\/\" title=\"View all posts in Hilfestellung\">Hilfestellung<\/a><span class=\"post_separator\">, <\/span><a href=\"https:\/\/rheumazentrum-mittelhessen.de\/el_el\/category\/rheuma-im-alltag\/\" title=\"View all posts in Rheuma im Alltag\">Rheuma im Alltag<\/a><span class=\"post_separator\">, <\/span><a href=\"https:\/\/rheumazentrum-mittelhessen.de\/el_el\/category\/tipps\/\" title=\"View all posts in Tipps\">Tipps<\/a> <\/span><span> | <\/span>\n                                    <span class=\"rzmh-post-date\">Lesedauer: 3 Minuten<\/span>\n                                 <\/div>\n                                 <p class=\"rzmh-post-content\">Hilfsmittel wie Greifzangen, Handgelenksschienen oder Rollatoren k&ouml;nnen in solchen F&auml;llen eine wertvolle Unterst&uuml;tzung sein. Doch wer hat eigentlich Anspruch auf&hellip;<\/p>\n                                 <a class=\"rzmh-post-btn\" href=\"https:\/\/rheumazentrum-mittelhessen.de\/el_el\/hilfsmittel-bei-rheuma-was-uebernehmen-die-krankenkassen\/\">Zum Beitrag<\/a>\n                              <\/div>                 \n                           <\/div>\n                        <\/div><div class=\"rzmh-post-container category-rheuma-im-alltag\">\n                           <div class=\"rzmh-post\">\n                              <div class=\"rzmh-post-inner\">     <img decoding=\"async\" class=\"rzmh-post-img\" src=\"https:\/\/rheumazentrum-mittelhessen.de\/wp-content\/uploads\/2026\/01\/RZMH_Winterblues_web-optimiert.png\" alt=\"\">         <h3 class=\"rzmh-post-title\">Winterblues &amp; Rheuma: Wie die dunkle Jahreszeit Ihre Symptome beeinflusst<\/h3>\n                                 <div class=\"rzmh-post-meta\">\n                                    <span class=\"rzmh-post-author\">firstart<\/span><span>|<\/span>\n                                    <span class=\"rzmh-post-date\">20.01.26<\/span><span>|<\/span>\n                                    <span class=\"\"> <a href=\"https:\/\/rheumazentrum-mittelhessen.de\/el_el\/category\/rheuma-im-alltag\/\" title=\"View all posts in Rheuma im Alltag\">Rheuma im Alltag<\/a><span class=\"post_separator\">, <\/span><a href=\"https:\/\/rheumazentrum-mittelhessen.de\/el_el\/category\/tipps\/\" title=\"View all posts in Tipps\">Tipps<\/a> <\/span><span> | <\/span>\n                                    <span class=\"rzmh-post-date\">Lesedauer: 3 Minuten<\/span>\n                                 <\/div>\n                                 <p class=\"rzmh-post-content\">Im Winter k&ouml;nnen rheumatische Schmerzen zunehmen, die Morgensteifigkeit kann l&auml;nger anhalten und auch die seelische Belastung kann wachsen. Doch woran&hellip;<\/p>\n                                 <a class=\"rzmh-post-btn\" href=\"https:\/\/rheumazentrum-mittelhessen.de\/el_el\/blog-winterblues-und-rheuma\/\">Zum Beitrag<\/a>\n                              <\/div>                 \n                           <\/div>\n                        <\/div><div class=\"rzmh-post-container category-entzuendungshemmend\">\n                           <div class=\"rzmh-post\">\n                              <div class=\"rzmh-post-inner\">     <img decoding=\"async\" class=\"rzmh-post-img\" src=\"https:\/\/rheumazentrum-mittelhessen.de\/wp-content\/uploads\/2026\/03\/RZMH_Rezept_Kurkuma-Ingwer-Eintopf_web-optimiert.png\" alt=\"\">         <h3 class=\"rzmh-post-title\">Mit der richtigen Ern&auml;hrung viel bewirken. Heute: W&auml;rmender Kurkuma-Ingwer-Eintopf mit H&uuml;lsenfr&uuml;chten<\/h3>\n                                 <div class=\"rzmh-post-meta\">\n                                    <span class=\"rzmh-post-author\">firstart<\/span><span>|<\/span>\n                                    <span class=\"rzmh-post-date\">18.01.26<\/span><span>|<\/span>\n                                    <span class=\"\"> <a href=\"https:\/\/rheumazentrum-mittelhessen.de\/el_el\/category\/entzuendungshemmend\/\" title=\"View all posts in Entz&uuml;ndungshemmend\">Entz&uuml;ndungshemmend<\/a><span class=\"post_separator\">, <\/span><a href=\"https:\/\/rheumazentrum-mittelhessen.de\/el_el\/category\/rezept\/\" title=\"View all posts in Rezept\">Rezept<\/a><span class=\"post_separator\">, <\/span><a href=\"https:\/\/rheumazentrum-mittelhessen.de\/el_el\/category\/rheuma-im-alltag\/\" title=\"View all posts in Rheuma im Alltag\">Rheuma im Alltag<\/a> <\/span><span> | <\/span>\n                                    <span class=\"rzmh-post-date\">Lesedauer: 2 Minuten<\/span>\n                                 <\/div>\n                                 <p class=\"rzmh-post-content\">Dieser Kurkuma-Ingwer-Eintopf ist ein echtes Wohlf&uuml;hlgericht: Er ist herzhaft, s&auml;ttigend und bringt durch seine Gew&uuml;rze eine angenehme W&auml;rme in den&hellip;<\/p>\n                                 <a class=\"rzmh-post-btn\" href=\"https:\/\/rheumazentrum-mittelhessen.de\/el_el\/mit-der-richtigen-ernhrung-viel-bewirken-heute-wrmender-kurkuma-ingwer-eintopf-mit-hlsenfrchten\/\">Zum Beitrag<\/a>\n                              <\/div>                 \n                           <\/div>\n                        <\/div><div class=\"rzmh-post-container category-wissenswertes-fuer-aerzte\">\n                           <div class=\"rzmh-post\">\n                              <div class=\"rzmh-post-inner\">     <img decoding=\"async\" class=\"rzmh-post-img\" src=\"https:\/\/rheumazentrum-mittelhessen.de\/wp-content\/uploads\/2026\/03\/Mikrobiomforschung_web-optimiert.png\" alt=\"\">         <h3 class=\"rzmh-post-title\">Mikrobiomforschung: Neue Therapieans&auml;tze bei chronischen Erkrankungen<\/h3>\n                                 <div class=\"rzmh-post-meta\">\n                                    <span class=\"rzmh-post-author\">firstart<\/span><span>|<\/span>\n                                    <span class=\"rzmh-post-date\">07.01.26<\/span><span>|<\/span>\n                                    <span class=\"\"> <a href=\"https:\/\/rheumazentrum-mittelhessen.de\/el_el\/category\/wissenswertes-fuer-aerzte\/\" title=\"View all posts in Wissenswertes f&uuml;r &Auml;rzte\">Wissenswertes f&uuml;r &Auml;rzte<\/a> <\/span><span> | <\/span>\n                                    <span class=\"rzmh-post-date\">Lesedauer: 4 Minuten<\/span>\n                                 <\/div>\n                                 <p class=\"rzmh-post-content\">Das menschliche Mikrobiom ist weit mehr als ein passiver Begleiter. Darm- und orale Mikrobiota sind aktiv an immunologischen Prozessen beteiligt&hellip;<\/p>\n                                 <a class=\"rzmh-post-btn\" href=\"https:\/\/rheumazentrum-mittelhessen.de\/el_el\/blog-mikrobiomforschung\/\">Zum Beitrag<\/a>\n                              <\/div>                 \n                           <\/div>\n                        <\/div><\/div><\/code><\/p>\n\n\t\t<\/div> \n\t<\/div> <\/div><\/div><\/div><\/div><\/div><\/div><div class=\"vc_row wpb_row section vc_row-fluid mpc-row\" style=\" text-align:left;\"><div class=\"full_section_inner clearfix\"><div class=\"wpb_column vc_column_container vc_col-sm-12 mpc-column\" data-column-id=\"mpc_column-4669e5f1c5c1ff7\"><div class=\"vc_column-inner\"><div class=\"wpb_wrapper\">\t<div class=\"vc_empty_space  empty-120\" style=\"height: 120px\"><span class=\"vc_empty_space_inner\">\n\t\t\t<span class=\"empty_space_image\"><\/span>\n\t\t<\/span><\/div>\n\n<\/div><\/div><\/div><\/div><\/div><div class=\"vc_row wpb_row section vc_row-fluid  footer-module  grid_section mpc-row\" style=\" text-align:left;\"><div class=\"section_inner clearfix\"><div class=\"section_inner_margin clearfix\"><div class=\"wpb_column vc_column_container vc_col-sm-3 mpc-column\" id=\"info-box-adresse\" data-column-id=\"mpc_column-6769e5f1c5c29be\"><div class=\"vc_column-inner\"><div class=\"wpb_wrapper\"><div data-id=\"mpc_icon_column-5769e5f1c5c2788\" class=\"mpc-icon-column mpc-init mpc-parent-hover mpc-transition mpc-icon-column--style_1 mpc-align--center content-box-info footer-module-p1\"><div data-id=\"mpc_icon-9569e5f1c5c27e6\" class=\"mpc-icon mpc-init mpc-transition mpc-effect-none\"><div class=\"mpc-icon-wrap\"><i class=\"mpc-icon-part mpc-regular mpc-transition\"><\/i><\/div><\/div><div class=\"mpc-icon-column__content-wrap\"><div class=\"mpc-icon-column__content\"><h3 class=\"mpc-icon-column__heading mpc-transition\">So m\u00fcssen Sie fahren<\/h3><div data-id=\"mpc_divider-6069e5f1c5c2828\" class=\"mpc-divider-wrap\"><div class=\"mpc-divider mpc-init mpc-align--center mpc-disable--left\"><div class=\"mpc-divider__line mpc-side--left\"><span><\/span><\/div><div class=\"mpc-divider__line mpc-side--right\"><span><\/span><\/div><\/div><\/div><div class=\"mpc-icon-column__description mpc-transition\"><p>Rheumazentrum Mittelhessen<\/p>\n<p>Sebastian-Kneipp-Stra&szlig;e 36<\/p>\n<p>35080 Bad Endbach<\/p>\n<\/div><\/div><\/div><\/div><\/div><\/div><\/div><div class=\"wpb_column vc_column_container vc_col-sm-6 mpc-column\" id=\"info-box-nummern\" data-column-id=\"mpc_column-8469e5f1c5c3063\"><div class=\"vc_column-inner\"><div class=\"wpb_wrapper\"><div data-id=\"mpc_icon_column-8569e5f1c5c2d91\" class=\"mpc-icon-column mpc-init mpc-parent-hover mpc-transition mpc-icon-column--style_1 mpc-align--center content-box-info footer-module-p2\"><div data-id=\"mpc_icon-7269e5f1c5c2dd4\" class=\"mpc-icon mpc-init mpc-transition mpc-effect-none\"><div class=\"mpc-icon-wrap\"><i class=\"mpc-icon-part mpc-regular mpc-transition\"><\/i><\/div><\/div><div class=\"mpc-icon-column__content-wrap\"><div class=\"mpc-icon-column__content\"><h3 class=\"mpc-icon-column__heading mpc-transition\">Telefonnummern<\/h3><div data-id=\"mpc_divider-8369e5f1c5c2e05\" class=\"mpc-divider-wrap\"><div class=\"mpc-divider mpc-init mpc-align--center mpc-disable--left\"><div class=\"mpc-divider__line mpc-side--left\"><span><\/span><\/div><div class=\"mpc-divider__line mpc-side--right\"><span><\/span><\/div><\/div><\/div><div class=\"mpc-icon-column__description mpc-transition\"><div style=\"width: 100%; display: flex; flex-direction: row;\">\n<div style=\"width: 50%; text-align: right;\">\n<p>Zentrale:<\/p>\n<\/div>\n<div style=\"width: 50%; text-align: left;\">\n<p><a href=\"tel:+4927769190\">&nbsp;02776 919 0<\/a><\/p>\n<\/div>\n<\/div>\n<div style=\"width: 100%; display: flex; flex-direction: row;\">\n<div style=\"width: 50%; text-align: right;\">\n<p>Station&auml;re Aufname:<\/p>\n<\/div>\n<div style=\"width: 50%; text-align: left;\">\n<p><a href=\"tel:+492776919111\">&nbsp;02776 919 111<\/a><\/p>\n<\/div>\n<\/div>\n<div style=\"width: 100%; display: flex; flex-direction: row;\">\n<div style=\"width: 50%; text-align: right;\">\n<p>Ambulante Therapieplanung:<\/p>\n<\/div>\n<div style=\"width: 50%; text-align: left;\">\n<p><a href=\"tel:+492776919160\">&nbsp;02776 919 160<\/a><\/p>\n<\/div>\n<\/div>\n<div style=\"width: 100%; display: flex; flex-direction: row;\">\n<div style=\"width: 50%; text-align: right;\">\n<p>MVZ Terminvereinbarung:<\/p>\n<\/div>\n<div style=\"width: 50%; text-align: left;\">\n<p><a href=\"tel:+492776919117\">&nbsp;02776 919 117<\/a><\/p>\n<\/div>\n<\/div>\n<\/div><\/div><\/div><\/div><\/div><\/div><\/div><div class=\"wpb_column vc_column_container vc_col-sm-3 mpc-column\" id=\"info-box-besucher\" data-column-id=\"mpc_column-5069e5f1c5c3548\"><div class=\"vc_column-inner\"><div class=\"wpb_wrapper\"><div data-id=\"mpc_icon_column-4369e5f1c5c333b\" class=\"mpc-icon-column mpc-init mpc-parent-hover mpc-transition mpc-icon-column--style_1 mpc-align--center content-box-info footer-module-p3\"><div data-id=\"mpc_icon-2269e5f1c5c337c\" class=\"mpc-icon mpc-init mpc-transition mpc-effect-none\"><div class=\"mpc-icon-wrap\"><i class=\"mpc-icon-part mpc-regular mpc-transition\"><\/i><\/div><\/div><div class=\"mpc-icon-column__content-wrap\"><div class=\"mpc-icon-column__content\"><h3 class=\"mpc-icon-column__heading mpc-transition\">Besuchszeiten<\/h3><div data-id=\"mpc_divider-3169e5f1c5c33ae\" class=\"mpc-divider-wrap\"><div class=\"mpc-divider mpc-init mpc-align--center mpc-disable--left\"><div class=\"mpc-divider__line mpc-side--left\"><span><\/span><\/div><div class=\"mpc-divider__line mpc-side--right\"><span><\/span><\/div><\/div><\/div><div class=\"mpc-icon-column__description mpc-transition\"><p style=\"text-align: center;\">T&auml;glich:<\/p>\n<p style=\"text-align: center;\">10:00 &ndash; 11:30 Uhr &amp;<\/p>\n<p style=\"text-align: center;\">13:30 &ndash; 20:00 Uhr<\/p>\n<p>&nbsp;<\/p>\n<\/div><\/div><\/div><\/div><\/div><\/div><\/div><\/div><\/div><\/div>","protected":false},"excerpt":{"rendered":"Die letzten Jahre haben gezeigt: Das menschliche Mikrobiom ist weit mehr als ein passiver Begleiter. Darm- und orale Mikrobiota sind aktiv an immunologischen Prozessen beteiligt \u2013 und k\u00f6nnen damit relevant sein f\u00fcr Entstehung und Verlauf chronisch-entz\u00fcndlicher Erkrankungen wie rheumatoider Arthritis oder systemischem Lupus erythematodes. &nbsp;","protected":false},"author":1,"featured_media":0,"parent":5303,"menu_order":8,"comment_status":"closed","ping_status":"closed","template":"full_width.php","meta":{"_acf_changed":false,"footnotes":""},"class_list":["post-8389","page","type-page","status-publish","hentry"],"acf":[],"_links":{"self":[{"href":"https:\/\/rheumazentrum-mittelhessen.de\/el_el\/wp-json\/wp\/v2\/pages\/8389","targetHints":{"allow":["GET"]}}],"collection":[{"href":"https:\/\/rheumazentrum-mittelhessen.de\/el_el\/wp-json\/wp\/v2\/pages"}],"about":[{"href":"https:\/\/rheumazentrum-mittelhessen.de\/el_el\/wp-json\/wp\/v2\/types\/page"}],"author":[{"embeddable":true,"href":"https:\/\/rheumazentrum-mittelhessen.de\/el_el\/wp-json\/wp\/v2\/users\/1"}],"replies":[{"embeddable":true,"href":"https:\/\/rheumazentrum-mittelhessen.de\/el_el\/wp-json\/wp\/v2\/comments?post=8389"}],"version-history":[{"count":37,"href":"https:\/\/rheumazentrum-mittelhessen.de\/el_el\/wp-json\/wp\/v2\/pages\/8389\/revisions"}],"predecessor-version":[{"id":11864,"href":"https:\/\/rheumazentrum-mittelhessen.de\/el_el\/wp-json\/wp\/v2\/pages\/8389\/revisions\/11864"}],"up":[{"embeddable":true,"href":"https:\/\/rheumazentrum-mittelhessen.de\/el_el\/wp-json\/wp\/v2\/pages\/5303"}],"wp:attachment":[{"href":"https:\/\/rheumazentrum-mittelhessen.de\/el_el\/wp-json\/wp\/v2\/media?parent=8389"}],"curies":[{"name":"wp","href":"https:\/\/api.w.org\/{rel}","templated":true}]}}