{"id":3020,"date":"2018-04-12T07:14:25","date_gmt":"2018-04-12T07:14:25","guid":{"rendered":"https:\/\/rheumazentrum-mittelhessen.de\/?page_id=3020"},"modified":"2024-07-30T13:07:50","modified_gmt":"2024-07-30T11:07:50","slug":"hygiene","status":"publish","type":"page","link":"https:\/\/rheumazentrum-mittelhessen.de\/el_el\/ueber-uns\/hygiene\/","title":{"rendered":"Hygiene"},"content":{"rendered":"<div data-q_id=\"#aertzlicher-dienst\" class=\"vc_row wpb_row section vc_row-fluid  startcontainer-without-margin mpc-row\" style=\" padding-top:70px; text-align:left;\"><div class=\"full_section_inner clearfix\"><div class=\"wpb_column vc_column_container vc_col-sm-12 mpc-column\" data-column-id=\"mpc_column-2069e1522323364\"><div class=\"vc_column-inner\"><div class=\"wpb_wrapper\"><div class=\"vc_row wpb_row section vc_row-fluid vc_inner   grid_section mpc-row\" style=\" text-align:left;\"><div class=\"section_inner clearfix\"><div class=\"section_inner_margin clearfix\"><div class=\"text-center wpb_column vc_column_container vc_col-sm-2 mpc-column\" data-column-id=\"mpc_column-9469e1522321c9c\"><div class=\"vc_column-inner\"><div class=\"wpb_wrapper\"><\/div><\/div><\/div><div class=\"wpb_column vc_column_container vc_col-sm-8 mpc-column\" data-column-id=\"mpc_column-5569e152232224a\"><div class=\"vc_column-inner\"><div class=\"wpb_wrapper\">\n\t<div class=\"wpb_text_column wpb_content_element  vc_custom_1722337667888\">\n\t\t<div class=\"wpb_wrapper\">\n\t\t\t<h2 class=\"h2\" style=\"text-align: center;\">Verantwortungsvoll und vorsorgend<\/h2>\n\n\t\t<\/div> \n\t<\/div> <\/div><\/div><\/div><div class=\"wpb_column vc_column_container vc_col-sm-2 mpc-column\" data-column-id=\"mpc_column-9769e15223223fb\"><div class=\"vc_column-inner\"><div class=\"wpb_wrapper\"><\/div><\/div><\/div><\/div><\/div><\/div><div class=\"vc_row wpb_row section vc_row-fluid vc_inner   grid_section mpc-row\" style=\" text-align:left;\"><div class=\"section_inner clearfix\"><div class=\"section_inner_margin clearfix\"><div class=\"text-center wpb_column vc_column_container vc_col-sm-2 mpc-column\" data-column-id=\"mpc_column-2169e1522322b9e\"><div class=\"vc_column-inner\"><div class=\"wpb_wrapper\"><\/div><\/div><\/div><div class=\"wpb_column vc_column_container vc_col-sm-8 mpc-column\" data-column-id=\"mpc_column-3069e1522322f00\"><div class=\"vc_column-inner\"><div class=\"wpb_wrapper\">\n\t<div class=\"wpb_text_column wpb_content_element  page-intro vc_custom_1527088060547\">\n\t\t<div class=\"wpb_wrapper\">\n\t\t\t<p style=\"text-align: center;\">Das Rheumazentrum Mittelhessen setzt viele Ma\u00dfnahmen zur Krankenhaushygiene um.<\/p>\n\n\t\t<\/div> \n\t<\/div> <\/div><\/div><\/div><div class=\"wpb_column vc_column_container vc_col-sm-2 mpc-column\" data-column-id=\"mpc_column-3869e1522323097\"><div class=\"vc_column-inner\"><div class=\"wpb_wrapper\"><\/div><\/div><\/div><\/div><\/div><\/div><\/div><\/div><\/div><\/div><\/div><div data-q_id=\"#akutklinik-AHB\" class=\"vc_row wpb_row section vc_row-fluid   grid_section mpc-row\" style=\" text-align:left; z-index:100;\" data-row-id=\"mpc_row-2369e15223242b0\"><div class=\"mpc-parallax-wrap\"><div class=\"mpc-parallax mpc-parallax-style--horizontal-left\" data-bottom-top=\"transform: translateX(0%)\" data-top-bottom=\"transform: translateX(-25%)\"><\/div><\/div><div class=\"section_inner clearfix\"><div class=\"section_inner_margin clearfix\"><div class=\"wpb_column vc_column_container vc_col-sm-6 vc_col-has-fill mpc-column\" data-column-id=\"mpc_column-5269e1522323d24\"><div class=\"vc_column-inner vc_custom_1527683118887\"><div class=\"wpb_wrapper\"><div data-id=\"mpc_icon_column-9569e1522323bbe\" class=\"mpc-icon-column mpc-init mpc-parent-hover mpc-transition mpc-icon-column--style_1 mpc-align--left\"><div class=\"mpc-icon-column__content-wrap\"><div class=\"mpc-icon-column__content\"><h3 class=\"mpc-icon-column__heading mpc-transition\">Unsere Regeln f\u00fcr Hygiene<\/h3><div data-id=\"mpc_divider-8769e1522323c06\" class=\"mpc-divider-wrap\"><div class=\"mpc-divider mpc-init mpc-align--center mpc-disable--left\"><div class=\"mpc-divider__line mpc-side--left\"><span><\/span><\/div><div class=\"mpc-divider__line mpc-side--right\"><span><\/span><\/div><\/div><\/div><div class=\"mpc-icon-column__description mpc-transition\"><p>Wir verbessern die Sicherheit der Patienten. Dazu befolgen wir die Empfehlungen des Robert-Koch-Instituts genau und setzen sie in unserem Hygieneplan um. Au\u00dferdem nutzen wir die Erkenntnisse des MRE-Netz Mittelhessen, an dessen Arbeit das Rheumazentrum Mittelhessen mitwirkt.<\/p>\n<p>&nbsp;<\/p>\n<p>Ein Team k\u00fcmmert sich um die Einhaltung der Hygienevorschriften. Es besteht aus einem externen Hygieneexperten, einer \u00c4rztin mit Hygieneaufgaben, einer Pflegekraft mit Hygieneaufgaben und einem Fachmann f\u00fcr Hygiene und Infektionsschutz.\n\nEin Infektiologe hilft au\u00dferdem bei der Betreuung der Patienten. Er ber\u00e4t bei der richtigen Behandlung mit Antibiotika und bei vorbeugenden Impfungen.<\/p>\n<\/div><\/div><\/div><\/div><\/div><\/div><\/div><div class=\"wpb_column vc_column_container vc_col-sm-6 mpc-column\" data-column-id=\"mpc_column-6469e1522324199\"><div class=\"vc_column-inner\"><div class=\"wpb_wrapper\">\t<div class=\"vc_empty_space  empty-space-70-px\" style=\"height: 100px\"><span class=\"vc_empty_space_inner\">\n\t\t\t<span class=\"empty_space_image\"><\/span>\n\t\t<\/span><\/div>\n\n\n\t<div class=\"wpb_text_column wpb_content_element  zitat\">\n\t\t<div class=\"wpb_wrapper\">\n\t\t\t<p><span class=\"zitat-inner\">&raquo;Die Sicherheit unserer Patienten hat bei uns oberste Priorit&auml;t.&laquo;<\/span><\/p>\n\n\t\t<\/div> \n\t<\/div> <\/div><\/div><\/div><\/div><\/div><\/div><div class=\"vc_row wpb_row section vc_row-fluid   grid_section mpc-row\" style=\" text-align:left;\"><div class=\"section_inner clearfix\"><div class=\"section_inner_margin clearfix\"><div class=\"wpb_column vc_column_container vc_col-sm-6 mpc-column\" data-column-id=\"mpc_column-1169e15223258ca\"><div class=\"vc_column-inner\"><div class=\"wpb_wrapper\">\t<div class=\"vc_empty_space  empty-space-70-px\" style=\"height: 70px\"><span class=\"vc_empty_space_inner\">\n\t\t\t<span class=\"empty_space_image\"><\/span>\n\t\t<\/span><\/div>\n\n<div data-id=\"mpc_icon_column-4469e1522325625\" class=\"mpc-icon-column mpc-init mpc-parent-hover mpc-transition mpc-icon-column--style_1 mpc-align--left\"><div class=\"mpc-icon-column__content-wrap\"><div class=\"mpc-icon-column__content\"><h3 class=\"mpc-icon-column__heading mpc-transition\">Umfangreiche Ma&szlig;nahmen<\/h3><div data-id=\"mpc_divider-9669e1522325660\" class=\"mpc-divider-wrap\"><div class=\"mpc-divider mpc-init mpc-align--center mpc-disable--left\"><div class=\"mpc-divider__line mpc-side--left\"><span><\/span><\/div><div class=\"mpc-divider__line mpc-side--right\"><span><\/span><\/div><\/div><\/div><div class=\"mpc-icon-column__description mpc-transition\"><p><strong>Wir verbessern die Patientensicherheit fortlaufend. Dazu ergreifen wir folgende Ma\u00dfnahmen:<\/strong><\/p>\n<p>&nbsp;<\/p>\n<div class=\"q_list circle circle_number\">\n<ul>\n<li>Alle Mitarbeiter, die Patienten betreuen, nehmen jedes Jahr an einer Hygieneschulung teil.<\/li>\n<li>Wir pr\u00fcfen jedes Jahr alle Bereiche, die f\u00fcr Hygiene wichtig sind. Das machen wir intern, also mit unseren eigenen Mitarbeitern.<\/li>\n<li>Wir untersuchen regelm\u00e4\u00dfig die Umgebung auf Mikroorganismen. Au\u00dferdem kontrollieren wir Badewasser, Trinkwasser und Ger\u00e4te auf mikrobielle Belastung.<\/li>\n<li>Wir erm\u00f6glichen regelm\u00e4\u00dfige Weiterbildungsma\u00dfnahmen f\u00fcr das Hygienefachpersonal.<\/li>\n<li>Die Hygienekommission h\u00e4lt zweimal j\u00e4hrlich eine Sitzung ab.<\/li>\n<li>Patienten werden routinem\u00e4\u00dfig auf MRSA und andere Erreger untersucht, die gegen viele Antibiotika resistent sind.<\/li>\n<\/ul>\n<p><\/p><\/div>\n<\/div><\/div><\/div><\/div><\/div><\/div><\/div><div class=\"wpb_column vc_column_container vc_col-sm-6 mpc-column\" data-column-id=\"mpc_column-1069e15223271f4\"><div class=\"vc_column-inner\"><div class=\"wpb_wrapper\">\n\t<div class=\"wpb_single_image wpb_content_element vc_align_center   stay-at-top element_from_top\"><div style=\"-webkit-animation-delay:0.3s; animation-delay:0.3s; -webkit-transition-delay:0.3s; transition-delay:0.3s\">\n\t\t<div class=\"wpb_wrapper\">\n\t\t\t\n\t\t\t<div class=\"vc_single_image-wrapper   vc_box_border_grey\"><img loading=\"lazy\" decoding=\"async\" class=\"vc_single_image-img\" src=\"https:\/\/rheumazentrum-mittelhessen.de\/wp-content\/uploads\/2018\/05\/RZMH-roter-Punkt2-1-e1527680263495-300x300.png\" width=\"300\" height=\"300\" alt=\"RZMH roter Punkt2\" title=\"RZMH roter Punkt2\"><\/div>\n\t\t<\/div><\/div>\n\t<\/div>\n\t<div class=\"vc_empty_space  empty-space-70-px\" style=\"height: 70px\"><span class=\"vc_empty_space_inner\">\n\t\t\t<span class=\"empty_space_image\"><\/span>\n\t\t<\/span><\/div>\n\n\t<div class=\"vc_empty_space  empty-space-70-px\" style=\"height: 70px\"><span class=\"vc_empty_space_inner\">\n\t\t\t<span class=\"empty_space_image\"><\/span>\n\t\t<\/span><\/div>\n\n\t<div class=\"vc_empty_space  empty-space-50-px\" style=\"height: 50px\"><span class=\"vc_empty_space_inner\">\n\t\t\t<span class=\"empty_space_image\"><\/span>\n\t\t<\/span><\/div>\n\n<div data-id=\"mpc_icon_column-9569e1522326eeb\" class=\"mpc-icon-column mpc-init mpc-parent-hover mpc-transition mpc-icon-column--style_1 mpc-align--left\"><div class=\"mpc-icon-column__content-wrap\"><div class=\"mpc-icon-column__content\"><div data-id=\"mpc_divider-6669e1522326f22\" class=\"mpc-divider-wrap\"><div class=\"mpc-divider mpc-init mpc-align--center mpc-disable--left\"><div class=\"mpc-divider__line mpc-side--left\"><span><\/span><\/div><div class=\"mpc-divider__line mpc-side--right\"><span><\/span><\/div><\/div><\/div><div class=\"mpc-icon-column__description mpc-transition\"><div class=\"q_list circle circle_number\">\n<ul>\n<li>Wir \u00fcberwachen im ganzen Haus, welche gef\u00e4hrlichen Keime vorkommen, die gegen viele Medikamente resistent sind. Au\u00dferdem beobachten wir, welche Infektionen auftreten. Dabei beteiligen wir uns am Krankenhaus-Infektions-Surveillance-System KISS des nationalen Referenzzentrums (NRZ) in Berlin.\n<ul>\n<li class=\"inner-ul\">MRSA-KISS<\/li>\n<li class=\"inner-ul\">CDAD-KISS<\/li>\n<li class=\"inner-ul\">HAND-KISS<\/li>\n<li class=\"inner-ul\">STATIONS-KISS<\/li>\n<li class=\"inner-ul\">VARIA<\/li>\n<\/ul>\n<\/li>\n<li>Alle Abteilungen, die Patienten betreuen, nehmen an der Aktion \"Saubere H\u00e4nde\" teil.<\/li>\n<li>Wir nehmen aktiv an der Arbeitsgemeinschaft Krankenhaus des MRE-Netzwerks Mittelhessen teil.<\/li>\n<\/ul>\n<p><\/p><\/div>\n<\/div><\/div><\/div><\/div><\/div><\/div><\/div><\/div><\/div><\/div><div class=\"vc_row wpb_row section vc_row-fluid   grid_section mpc-row\" style=\" text-align:left;\"><div class=\"section_inner clearfix\"><div class=\"section_inner_margin clearfix\"><div class=\"wpb_column vc_column_container vc_col-sm-12 mpc-column\" data-column-id=\"mpc_column-2869e1522327c99\"><div class=\"vc_column-inner\"><div class=\"wpb_wrapper\">\t<div class=\"vc_empty_space  empty-space-70-px\" style=\"height: 70px\"><span class=\"vc_empty_space_inner\">\n\t\t\t<span class=\"empty_space_image\"><\/span>\n\t\t<\/span><\/div>\n\n<\/div><\/div><\/div><\/div><\/div><\/div>","protected":false},"excerpt":{"rendered":"Verantwortungsvoll und vorsorgend Im Rahmen der Krankenhaushygiene ergreift das Rheumazentrum Mittelhessen&nbsp;umfangreiche Ma&szlig;nahmen. Hauseigenes HygieneregimeZur Erh&ouml;hung der Patientensicherheit werden hierf&uuml;r die Empfehlungen des Robert-Koch-Instituts in das hauseigene Hygieneregime integriert und konsequent umgesetzt. Erg&auml;nzt werden diese Empfehlungen noch durch Ausarbeitungen des MRE-Netz Mittelhessen, in dessen Arbeit das","protected":false},"author":2,"featured_media":0,"parent":5309,"menu_order":4,"comment_status":"closed","ping_status":"closed","template":"full_width.php","meta":{"_acf_changed":false,"footnotes":""},"class_list":["post-3020","page","type-page","status-publish","hentry"],"acf":[],"_links":{"self":[{"href":"https:\/\/rheumazentrum-mittelhessen.de\/el_el\/wp-json\/wp\/v2\/pages\/3020","targetHints":{"allow":["GET"]}}],"collection":[{"href":"https:\/\/rheumazentrum-mittelhessen.de\/el_el\/wp-json\/wp\/v2\/pages"}],"about":[{"href":"https:\/\/rheumazentrum-mittelhessen.de\/el_el\/wp-json\/wp\/v2\/types\/page"}],"author":[{"embeddable":true,"href":"https:\/\/rheumazentrum-mittelhessen.de\/el_el\/wp-json\/wp\/v2\/users\/2"}],"replies":[{"embeddable":true,"href":"https:\/\/rheumazentrum-mittelhessen.de\/el_el\/wp-json\/wp\/v2\/comments?post=3020"}],"version-history":[{"count":5,"href":"https:\/\/rheumazentrum-mittelhessen.de\/el_el\/wp-json\/wp\/v2\/pages\/3020\/revisions"}],"predecessor-version":[{"id":10756,"href":"https:\/\/rheumazentrum-mittelhessen.de\/el_el\/wp-json\/wp\/v2\/pages\/3020\/revisions\/10756"}],"up":[{"embeddable":true,"href":"https:\/\/rheumazentrum-mittelhessen.de\/el_el\/wp-json\/wp\/v2\/pages\/5309"}],"wp:attachment":[{"href":"https:\/\/rheumazentrum-mittelhessen.de\/el_el\/wp-json\/wp\/v2\/media?parent=3020"}],"curies":[{"name":"wp","href":"https:\/\/api.w.org\/{rel}","templated":true}]}}