{"id":3017,"date":"2018-04-11T17:00:53","date_gmt":"2018-04-11T17:00:53","guid":{"rendered":"https:\/\/rheumazentrum-mittelhessen.de\/?page_id=3017"},"modified":"2024-07-30T13:07:31","modified_gmt":"2024-07-30T11:07:31","slug":"qualitaet-und-sicherheit","status":"publish","type":"page","link":"https:\/\/rheumazentrum-mittelhessen.de\/el_el\/ueber-uns\/qualitaet-und-sicherheit\/","title":{"rendered":"Qualit\u00e4t und Sicherheit"},"content":{"rendered":"<div data-q_id=\"#aertzlicher-dienst\" class=\"vc_row wpb_row section vc_row-fluid  startcontainer mpc-row\" style=\" padding-top:70px; text-align:left;\"><div class=\"full_section_inner clearfix\"><div class=\"wpb_column vc_column_container vc_col-sm-12 mpc-column\" data-column-id=\"mpc_column-8769dea4a60f191\"><div class=\"vc_column-inner\"><div class=\"wpb_wrapper\"><div class=\"vc_row wpb_row section vc_row-fluid vc_inner   grid_section mpc-row\" style=\" text-align:left;\"><div class=\"section_inner clearfix\"><div class=\"section_inner_margin clearfix\"><div class=\"text-center wpb_column vc_column_container vc_col-sm-2 mpc-column\" data-column-id=\"mpc_column-269dea4a60e711\"><div class=\"vc_column-inner\"><div class=\"wpb_wrapper\"><\/div><\/div><\/div><div class=\"wpb_column vc_column_container vc_col-sm-8 mpc-column\" data-column-id=\"mpc_column-4369dea4a60e9e4\"><div class=\"vc_column-inner\"><div class=\"wpb_wrapper\">\n\t<div class=\"wpb_text_column wpb_content_element  vc_custom_1722337648346\">\n\t\t<div class=\"wpb_wrapper\">\n\t\t\t<h2 class=\"h2\" style=\"text-align: center;\">Ausgezeichnete Qualit&auml;t ist eine Teamleistung<\/h2>\n\n\t\t<\/div> \n\t<\/div> <\/div><\/div><\/div><div class=\"wpb_column vc_column_container vc_col-sm-2 mpc-column\" id=\"qualitaetssiegel\" data-column-id=\"mpc_column-6069dea4a60eac8\"><div class=\"vc_column-inner\"><div class=\"wpb_wrapper\"><\/div><\/div><\/div><\/div><\/div><\/div><div class=\"vc_row wpb_row section vc_row-fluid vc_inner   grid_section mpc-row\" style=\" text-align:left;\"><div class=\"section_inner clearfix\"><div class=\"section_inner_margin clearfix\"><div class=\"text-center wpb_column vc_column_container vc_col-sm-2 mpc-column\" data-column-id=\"mpc_column-6569dea4a60ed6c\"><div class=\"vc_column-inner\"><div class=\"wpb_wrapper\"><\/div><\/div><\/div><div class=\"wpb_column vc_column_container vc_col-sm-8 mpc-column\" data-column-id=\"mpc_column-9869dea4a60ef02\"><div class=\"vc_column-inner\"><div class=\"wpb_wrapper\">\n\t<div class=\"wpb_text_column wpb_content_element  page-intro vc_custom_1527087385601\">\n\t\t<div class=\"wpb_wrapper\">\n\t\t\t<p style=\"text-align: center;\">Das Leben ver\u00e4ndert sich schnell, auch in der Medizin.\n\nKrankenh\u00e4user m\u00fcssen sich anpassen. Dazu brauchen alle Angestellten viel Einsatz, Disziplin und Motivation.<\/p>\n\n\t\t<\/div> \n\t<\/div> <\/div><\/div><\/div><div class=\"wpb_column vc_column_container vc_col-sm-2 mpc-column\" data-column-id=\"mpc_column-4069dea4a60f00b\"><div class=\"vc_column-inner\"><div class=\"wpb_wrapper\"><\/div><\/div><\/div><\/div><\/div><\/div><\/div><\/div><\/div><\/div><\/div><div class=\"vc_row wpb_row section vc_row-fluid   grid_section mpc-row\" style=\" text-align:left;\"><div class=\"section_inner clearfix\"><div class=\"section_inner_margin clearfix\"><div class=\"wpb_column vc_column_container vc_col-sm-12 mpc-column\" data-column-id=\"mpc_column-8069dea4a6100f1\"><div class=\"vc_column-inner\"><div class=\"wpb_wrapper\">\t<div class=\"vc_empty_space  empty-80\" style=\"height: 80px\"><span class=\"vc_empty_space_inner\">\n\t\t\t<span class=\"empty_space_image\"><\/span>\n\t\t<\/span><\/div>\n\n<div class=\"vc_row wpb_row section vc_row-fluid vc_inner mpc-row\" style=\" text-align:left;\"><div class=\"full_section_inner clearfix\"><div class=\"wpb_column vc_column_container vc_col-sm-8 mpc-column\" data-column-id=\"mpc_column-7769dea4a60fa7b\"><div class=\"vc_column-inner\"><div class=\"wpb_wrapper\"><div data-id=\"mpc_icon_column-2269dea4a60f8d2\" class=\"mpc-icon-column mpc-init mpc-parent-hover mpc-transition mpc-icon-column--style_1 mpc-align--left\"><div class=\"mpc-icon-column__content-wrap\"><div class=\"mpc-icon-column__content\"><div class=\"mpc-icon-column__description mpc-transition\"><p>Wir m\u00fcssen M\u00f6glichkeiten besser nutzen, um Patienten trotz k\u00fcrzerer Aufenthalte gut zu behandeln. Wir m\u00fcssen Abl\u00e4ufe wirtschaftlich verbessern, damit Patienten und Mitarbeiter zufriedener sind.<\/p>\n<p>&nbsp;<\/p>\n<p>Die Gesch\u00e4ftsleitung findet es sehr wichtig, dass alle Mitarbeiter sich am Qualit\u00e4tsmanagement beteiligen. Sie sollen Ideen zur Verbesserung der Qualit\u00e4t in die t\u00e4gliche Arbeit einbringen.<\/p>\n<p>&nbsp;<\/p>\n<p>Wir wollen das Vertrauen unserer Patienten, Partner und der \u00d6ffentlichkeit gewinnen. Deshalb pr\u00fcfen wir regelm\u00e4\u00dfig die Qualit\u00e4t unserer medizinischen Versorgung und unserer Verwaltung.\n\nWir arbeiten kontinuierlich daran, unsere Leistungen f\u00fcr Patienten zu optimieren. So m\u00f6chten wir sicherstellen, dass sie sich in unserer Klinik wohlf\u00fchlen.<\/p>\n<p>&nbsp;<\/p>\n<p>Krankenh\u00e4user m\u00fcssen regelm\u00e4\u00dfig Qualit\u00e4tsberichte schreiben. Diese Berichte sollen zeigen, wie das Krankenhaus aufgebaut ist und welche Leistungen es anbietet. Dadurch wird es f\u00fcr Patienten klarer und man kann das Krankenhaus besser mit anderen vergleichen.<\/p>\n<\/div><\/div><\/div><\/div>\t<div class=\"vc_empty_space\" style=\"height: 25px\"><span class=\"vc_empty_space_inner\">\n\t\t\t<span class=\"empty_space_image\"><\/span>\n\t\t<\/span><\/div>\n\n\t<div class=\"vc_empty_space  empty-space-25-px\" style=\"height: 25px\"><span class=\"vc_empty_space_inner\">\n\t\t\t<span class=\"empty_space_image\"><\/span>\n\t\t<\/span><\/div>\n\n<\/div><\/div><\/div><div class=\"wpb_column vc_column_container vc_col-sm-4 mpc-column\" data-column-id=\"mpc_column-5869dea4a60fd1f\"><div class=\"vc_column-inner\"><div class=\"wpb_wrapper\"><div data-id=\"mpc_icon_column-2569dea4a60fbe1\" class=\"mpc-icon-column mpc-init mpc-parent-hover mpc-transition mpc-icon-column--style_2 mpc-align--center content-box-info\"><div data-id=\"mpc_icon-669dea4a60fc26\" class=\"mpc-icon mpc-init mpc-transition mpc-effect-slide-up mpc-icon-hover\"><div class=\"mpc-icon-wrap\"><i class=\"mpc-icon-part mpc-regular mpc-transition  fa fa-check\"><\/i><i class=\"mpc-icon-part mpc-hover mpc-transition  fa fa-check\"><\/i><\/div><\/div><div class=\"mpc-icon-column__content-wrap\"><div class=\"mpc-icon-column__content\"><div data-id=\"mpc_divider-5869dea4a60fc49\" class=\"mpc-divider-wrap\"><div class=\"mpc-divider mpc-init mpc-align--center mpc-disable--left\"><div class=\"mpc-divider__line mpc-side--left\"><span><\/span><\/div><div class=\"mpc-divider__line mpc-side--right\"><span><\/span><\/div><\/div><\/div><div class=\"mpc-icon-column__description mpc-transition\"><p>Die Medizinprodukte-Betreiberverordnung schreibt in Paragraph 6 vor: Jede Gesundheitseinrichtung mit \u00fcber 20 Angestellten muss eine Person zum Beauftragten f\u00fcr Medizinproduktesicherheit ernennen. Diese Person muss sachkundig und zuverl\u00e4ssig sein. Sie ben\u00f6tigt eine Ausbildung in Medizin, Naturwissenschaft, Pflege, Pharmazie oder Technik.<\/p>\n<p>&nbsp;<\/p>\n<p>Die Medizinproduktesicherheit umfasst wichtige Aufgaben. Dazu geh\u00f6rt die Kommunikation mit Beh\u00f6rden. Dies betrifft Meldungen an das Bundesinstitut f\u00fcr Arzneimittel und Medizinprodukte (BfArM) und das Gewerbeaufsichtsamt sowie Meldungen von diesen Beh\u00f6rden.\n\nDer Beauftragte f\u00fcr Medizinproduktesicherheit ist Ansprechpartner f\u00fcr Hersteller und H\u00e4ndler. Er k\u00fcmmert sich um Meldungen \u00fcber Risiken von Medizinprodukten. Au\u00dferdem sorgt er daf\u00fcr, dass notwendige Ma\u00dfnahmen zur Behebung dieser Risiken umgesetzt werden.<\/p>\n<hr class=\"hr-line\">\n<p>Sie erreichen den Beauftragten f&uuml;r Medizinproduktesicherheit Herrn Stiegemann unter den Kontaktdaten:<\/p>\n<p>&nbsp;<\/p>\n<p><a class=\"numbers\" style=\"font-size: 20px !important;\" href=\"mailto:medizinproduktesicherheit@rzmh.de\">medizinproduktesicherheit@rzmh.de<\/a><\/p>\n<\/div><\/div><\/div><\/div><\/div><\/div><\/div><\/div><\/div>\t<div class=\"vc_empty_space  empty-space-70-px\" style=\"height: 70px\"><span class=\"vc_empty_space_inner\">\n\t\t\t<span class=\"empty_space_image\"><\/span>\n\t\t<\/span><\/div>\n\n<\/div><\/div><\/div><\/div><\/div><\/div>","protected":false},"excerpt":{"rendered":"Ausgezeichnete Qualit&auml;t ist eine Teamleistung In unserer schnelllebigen Zeit vollziehen sich in jedem Bereich unseres Lebens Ver&auml;nderungen in hoher Geschwindigkeit, so auch in der Medizin. Um Schritt zu halten und den heutigen Anforderungen gerecht zu werden, bedarf es gro&szlig;er Anstrengungen, Disziplin, sowie Motivation aller Mitarbeiter","protected":false},"author":2,"featured_media":0,"parent":5309,"menu_order":3,"comment_status":"closed","ping_status":"closed","template":"full_width.php","meta":{"_acf_changed":false,"footnotes":""},"class_list":["post-3017","page","type-page","status-publish","hentry"],"acf":[],"_links":{"self":[{"href":"https:\/\/rheumazentrum-mittelhessen.de\/el_el\/wp-json\/wp\/v2\/pages\/3017","targetHints":{"allow":["GET"]}}],"collection":[{"href":"https:\/\/rheumazentrum-mittelhessen.de\/el_el\/wp-json\/wp\/v2\/pages"}],"about":[{"href":"https:\/\/rheumazentrum-mittelhessen.de\/el_el\/wp-json\/wp\/v2\/types\/page"}],"author":[{"embeddable":true,"href":"https:\/\/rheumazentrum-mittelhessen.de\/el_el\/wp-json\/wp\/v2\/users\/2"}],"replies":[{"embeddable":true,"href":"https:\/\/rheumazentrum-mittelhessen.de\/el_el\/wp-json\/wp\/v2\/comments?post=3017"}],"version-history":[{"count":6,"href":"https:\/\/rheumazentrum-mittelhessen.de\/el_el\/wp-json\/wp\/v2\/pages\/3017\/revisions"}],"predecessor-version":[{"id":11155,"href":"https:\/\/rheumazentrum-mittelhessen.de\/el_el\/wp-json\/wp\/v2\/pages\/3017\/revisions\/11155"}],"up":[{"embeddable":true,"href":"https:\/\/rheumazentrum-mittelhessen.de\/el_el\/wp-json\/wp\/v2\/pages\/5309"}],"wp:attachment":[{"href":"https:\/\/rheumazentrum-mittelhessen.de\/el_el\/wp-json\/wp\/v2\/media?parent=3017"}],"curies":[{"name":"wp","href":"https:\/\/api.w.org\/{rel}","templated":true}]}}