{"id":3015,"date":"2018-04-11T16:57:27","date_gmt":"2018-04-11T16:57:27","guid":{"rendered":"https:\/\/rheumazentrum-mittelhessen.de\/?page_id=3015"},"modified":"2024-07-30T13:06:55","modified_gmt":"2024-07-30T11:06:55","slug":"profil","status":"publish","type":"page","link":"https:\/\/rheumazentrum-mittelhessen.de\/el_el\/ueber-uns\/profil\/","title":{"rendered":"Profil"},"content":{"rendered":"<div data-q_id=\"#aertzlicher-dienst\" class=\"vc_row wpb_row section vc_row-fluid  startcontainer_2 mpc-row\" style=\" padding-top:70px; text-align:left;\"><div class=\"full_section_inner clearfix\"><div class=\"wpb_column vc_column_container vc_col-sm-12 mpc-column\" data-column-id=\"mpc_column-369eb8fad07aa6\"><div class=\"vc_column-inner\"><div class=\"wpb_wrapper\"><div class=\"vc_row wpb_row section vc_row-fluid vc_inner   grid_section mpc-row\" style=\" text-align:left;\"><div class=\"section_inner clearfix\"><div class=\"section_inner_margin clearfix\"><div class=\"text-center wpb_column vc_column_container vc_col-sm-2 mpc-column\" data-column-id=\"mpc_column-9769eb8fad062ea\"><div class=\"vc_column-inner\"><div class=\"wpb_wrapper\"><\/div><\/div><\/div><div class=\"wpb_column vc_column_container vc_col-sm-8 mpc-column\" data-column-id=\"mpc_column-569eb8fad066d0\"><div class=\"vc_column-inner\"><div class=\"wpb_wrapper\">\n\t<div class=\"wpb_text_column wpb_content_element  vc_custom_1722337611965\">\n\t\t<div class=\"wpb_wrapper\">\n\t\t\t<h2 class=\"h2\" style=\"text-align: center;\"><em>Ergr&uuml;nden. Ermutigen. Erm&ouml;glichen.<\/em><\/h2>\n\n\t\t<\/div> \n\t<\/div> <\/div><\/div><\/div><div class=\"wpb_column vc_column_container vc_col-sm-2 mpc-column\" data-column-id=\"mpc_column-369eb8fad067fe\"><div class=\"vc_column-inner\"><div class=\"wpb_wrapper\"><\/div><\/div><\/div><\/div><\/div><\/div><div class=\"vc_row wpb_row section vc_row-fluid vc_inner   grid_section mpc-row\" style=\" text-align:left;\"><div class=\"section_inner clearfix\"><div class=\"section_inner_margin clearfix\"><div class=\"text-center wpb_column vc_column_container vc_col-sm-2 mpc-column\" data-column-id=\"mpc_column-3669eb8fad06c16\"><div class=\"vc_column-inner\"><div class=\"wpb_wrapper\"><\/div><\/div><\/div><div class=\"wpb_column vc_column_container vc_col-sm-8 mpc-column\" data-column-id=\"mpc_column-8669eb8fad06fad\"><div class=\"vc_column-inner\"><div class=\"wpb_wrapper\">\t<div class=\"vc_empty_space\" style=\"height: 15px\"><span class=\"vc_empty_space_inner\">\n\t\t\t<span class=\"empty_space_image\"><\/span>\n\t\t<\/span><\/div>\n\n<div data-id=\"mpc_divider-3569eb8fad06eaf\" class=\"mpc-divider-wrap\"><div class=\"mpc-divider mpc-init mpc-align--center\"><div class=\"mpc-divider__line mpc-side--left\"><span><\/span><\/div><div class=\"mpc-divider__separator\"><div class=\"mpc-divider__content fa fa-quote-right\"><\/div><\/div><div class=\"mpc-divider__line mpc-side--right\"><span><\/span><\/div><\/div><\/div>\t<div class=\"vc_empty_space\" style=\"height: 35px\"><span class=\"vc_empty_space_inner\">\n\t\t\t<span class=\"empty_space_image\"><\/span>\n\t\t<\/span><\/div>\n\n<\/div><\/div><\/div><div class=\"wpb_column vc_column_container vc_col-sm-2 mpc-column\" data-column-id=\"mpc_column-869eb8fad070cd\"><div class=\"vc_column-inner\"><div class=\"wpb_wrapper\"><\/div><\/div><\/div><\/div><\/div><\/div><div class=\"vc_row wpb_row section vc_row-fluid vc_inner   grid_section mpc-row\" style=\" text-align:left;\"><div class=\"section_inner clearfix\"><div class=\"section_inner_margin clearfix\"><div class=\"text-center wpb_column vc_column_container vc_col-sm-2 mpc-column\" data-column-id=\"mpc_column-7169eb8fad07457\"><div class=\"vc_column-inner\"><div class=\"wpb_wrapper\"><\/div><\/div><\/div><div class=\"wpb_column vc_column_container vc_col-sm-8 mpc-column\" data-column-id=\"mpc_column-2569eb8fad076e0\"><div class=\"vc_column-inner\"><div class=\"wpb_wrapper\">\n\t<div class=\"wpb_text_column wpb_content_element  page-intro vc_custom_1527083761624\">\n\t\t<div class=\"wpb_wrapper\">\n\t\t\t<p class=\"p1\">Das Rheumazentrum Mittelhessen ist eine der besten Kliniken in Deutschland. Wir behandeln Rheuma und andere chronische Erkrankungen des Bewegungsapparates. Patienten k\u00f6nnen ambulant, station\u00e4r oder im Rahmen einer Rehabilitation zu uns kommen.\n\nWir haben viel Erfahrung und sehr gute Kenntnisse in der Behandlung von rheumatischen Erkrankungen und verwandten Gebieten. Unser Wissen ist auf dem neuesten Stand der Medizin. Das macht uns zu einem wichtigen Zentrum f\u00fcr diese Erkrankungen.<\/p>\n<p>&nbsp;<\/p>\n<p class=\"p1\">Das Rheumazentrum Mittelhessen unterst\u00fctzt Personen mit Rheuma. Es k\u00fcmmert sich auch um Menschen, die seit l\u00e4ngerer Zeit Beschwerden mit Knochen und Muskeln haben. Das Ziel ist, ihnen optimal zu helfen.\n\nDas Zentrum bietet ihnen die bestm\u00f6gliche Unterst\u00fctzung.<\/p>\n<p>&nbsp;<\/p>\n<p class=\"p1\">Wir setzen uns t\u00e4glich mit aller Kraft daf\u00fcr ein, dass es unseren Patienten besser geht. Wir wollen, dass sie nach dem Klinikaufenthalt m\u00f6glichst ohne Beschwerden ihr Leben zufrieden gestalten k\u00f6nnen.<\/p>\n\n\t\t<\/div> \n\t<\/div> <\/div><\/div><\/div><div class=\"wpb_column vc_column_container vc_col-sm-2 mpc-column\" data-column-id=\"mpc_column-869eb8fad07809\"><div class=\"vc_column-inner\"><div class=\"wpb_wrapper\"><\/div><\/div><\/div><\/div><\/div><\/div><\/div><\/div><\/div><\/div><\/div><div class=\"vc_row wpb_row section vc_row-fluid  vc_custom_1528370221570  grid_section mpc-row\" style=\" text-align:left;\"><div class=\"section_inner clearfix\"><div class=\"section_inner_margin clearfix\"><div class=\"wpb_column vc_column_container vc_col-sm-12 mpc-column\" data-column-id=\"mpc_column-769eb8fad08b52\"><div class=\"vc_column-inner\"><div class=\"wpb_wrapper\"><div class=\"vc_row wpb_row section vc_row-fluid vc_inner   grid_section mpc-row\" style=\" text-align:left;\"><div class=\"section_inner clearfix\"><div class=\"section_inner_margin clearfix\"><div class=\"wpb_column vc_column_container vc_col-sm-12 vc_hidden-sm vc_hidden-xs mpc-column\" data-column-id=\"mpc_column-8669eb8fad08579\"><div class=\"vc_column-inner\"><div class=\"wpb_wrapper\"><div class=\"separator separator-line normal\" style=\"\"><\/div>\n<\/div><\/div><\/div><\/div><\/div><\/div><div class=\"vc_row wpb_row section vc_row-fluid vc_inner   grid_section mpc-row\" style=\" text-align:left;\"><div class=\"section_inner clearfix\"><div class=\"section_inner_margin clearfix\"><div class=\"wpb_column vc_column_container vc_col-sm-12 vc_hidden-lg vc_hidden-md mpc-column\" data-column-id=\"mpc_column-3969eb8fad08a08\"><div class=\"vc_column-inner\"><div class=\"wpb_wrapper\">\t<div class=\"vc_empty_space  empty-space-70-px\" style=\"height: 70px\"><span class=\"vc_empty_space_inner\">\n\t\t\t<span class=\"empty_space_image\"><\/span>\n\t\t<\/span><\/div>\n\n<\/div><\/div><\/div><\/div><\/div><\/div><\/div><\/div><\/div><\/div><\/div><\/div><div class=\"vc_row wpb_row section vc_row-fluid   grid_section mpc-row\" style=\" text-align:left;\"><div class=\"section_inner clearfix\"><div class=\"section_inner_margin clearfix\"><div class=\"wpb_column vc_column_container vc_col-sm-12 mpc-column\" data-column-id=\"mpc_column-2569eb8fad09cba\"><div class=\"vc_column-inner\"><div class=\"wpb_wrapper\"><div class=\"vc_row wpb_row section vc_row-fluid vc_inner mpc-row\" style=\" text-align:left;\"><div class=\"full_section_inner clearfix\"><div class=\"wpb_column vc_column_container vc_col-sm-6 mpc-column\" data-column-id=\"mpc_column-7969eb8fad094dc\"><div class=\"vc_column-inner\"><div class=\"wpb_wrapper\"><div data-id=\"mpc_icon_column-1169eb8fad09364\" class=\"mpc-icon-column mpc-init mpc-parent-hover mpc-transition mpc-icon-column--style_1 mpc-align--left\"><div class=\"mpc-icon-column__content-wrap\"><div class=\"mpc-icon-column__content\"><h3 class=\"mpc-icon-column__heading mpc-transition\">Unsere Vorgehensweise bei der Behandlung<\/h3><div data-id=\"mpc_divider-4069eb8fad0939e\" class=\"mpc-divider-wrap\"><div class=\"mpc-divider mpc-init mpc-align--center mpc-disable--left\"><div class=\"mpc-divider__line mpc-side--left\"><span><\/span><\/div><div class=\"mpc-divider__line mpc-side--right\"><span><\/span><\/div><\/div><\/div><div class=\"mpc-icon-column__description mpc-transition\"><p class=\"p1\">Wir k\u00fcmmern uns gut um rheumatische Erkrankungen. Daf\u00fcr sind qualifizierte Mitarbeiter, motivierte Partner und moderne Behandlungsmethoden wichtig. Unser Konzept verbindet altbew\u00e4hrte Techniken mit neuen Erkenntnissen aus der Medizin und Physiotherapie.<\/p>\n<p>&nbsp;<\/p>\n<p class=\"p1\">Wir bieten vielf\u00e4ltige Therapien und passen diese individuell an jeden Patienten an.<\/p>\n<p>&nbsp;<\/p>\n<p class=\"p1\">Wir konzentrieren uns darauf, Erkrankungen schnell und genau zu erkennen. Danach beginnen wir sofort mit der Behandlung. Wir nutzen alle modernen Behandlungsmethoden.\n\nUnser Konzept umfasst alle Bereiche der Versorgung. Patienten sind bei uns in jeder Phase ihrer Erkrankung gut betreut.\n\nWir arbeiten eng mit anderen Fach\u00e4rzten und Kliniken zusammen. So k\u00f6nnen wir jeden Patienten umfassend versorgen.<\/p>\n<\/div><\/div><\/div><\/div><\/div><\/div><\/div><div class=\"wpb_column vc_column_container vc_col-sm-6 mpc-column\" data-column-id=\"mpc_column-6369eb8fad098c4\"><div class=\"vc_column-inner\"><div class=\"wpb_wrapper\"><div data-id=\"mpc_icon_column-7869eb8fad096fe\" class=\"mpc-icon-column mpc-init mpc-parent-hover mpc-transition mpc-icon-column--style_2 mpc-align--left\"><div class=\"mpc-icon-column__content-wrap\"><div class=\"mpc-icon-column__content\"><h3 class=\"mpc-icon-column__heading mpc-transition\">Unsere Klinik<\/h3><div data-id=\"mpc_divider-4969eb8fad0972d\" class=\"mpc-divider-wrap\"><div class=\"mpc-divider mpc-init mpc-align--center mpc-disable--left\"><div class=\"mpc-divider__line mpc-side--left\"><span><\/span><\/div><div class=\"mpc-divider__line mpc-side--right\"><span><\/span><\/div><\/div><\/div><div class=\"mpc-icon-column__description mpc-transition\"><p>In Bad Endbach bieten wir umfassende Behandlungen f\u00fcr akute und chronische rheumatische Leiden an. Wir haben eine Akutklinik mit 80 Betten. Zus\u00e4tzlich betreiben wir eine Klinik f\u00fcr Anschlussheilbehandlungen und Rehabilitation mit 36 Betten.\n\nZu unserem Angebot geh\u00f6ren auch zwei Arztpraxen mit Spezialsprechstunden f\u00fcr Rheumatologie. Patienten k\u00f6nnen zudem ambulante Therapien wie Physiotherapie, physikalische Therapien und Ergotherapie in Anspruch nehmen.\n\nWir haben den Klinikbereich und die zugeh\u00f6rige Infrastruktur im Laufe der Zeit kontinuierlich verbessert und erweitert.<\/p>\n<\/div><\/div><\/div><\/div>\t<div class=\"vc_empty_space  empty-space-70-px\" style=\"height: 70px\"><span class=\"vc_empty_space_inner\">\n\t\t\t<span class=\"empty_space_image\"><\/span>\n\t\t<\/span><\/div>\n\n<\/div><\/div><\/div><\/div><\/div>\t<div class=\"vc_empty_space  empty-space-70-px\" style=\"height: 70px\"><span class=\"vc_empty_space_inner\">\n\t\t\t<span class=\"empty_space_image\"><\/span>\n\t\t<\/span><\/div>\n\n<\/div><\/div><\/div><\/div><\/div><\/div><div data-q_id=\"#akutklinik-AHB\" class=\"vc_row wpb_row section vc_row-fluid   grid_section mpc-row\" style=\" text-align:left;\" data-row-id=\"mpc_row-3369eb8fad0a719\"><div class=\"mpc-parallax-wrap\"><div class=\"mpc-parallax mpc-parallax-style--horizontal-left\" data-bottom-top=\"transform: translateX(0%)\" data-top-bottom=\"transform: translateX(-25%)\"><\/div><\/div><div class=\"section_inner clearfix\"><div class=\"section_inner_margin clearfix\"><div class=\"wpb_column vc_column_container vc_col-sm-8 vc_col-has-fill mpc-column\" data-column-id=\"mpc_column-3669eb8fad0a488\"><div class=\"vc_column-inner vc_custom_1527683225154\"><div class=\"wpb_wrapper\"><div data-id=\"mpc_icon_column-4769eb8fad0a312\" class=\"mpc-icon-column mpc-init mpc-parent-hover mpc-transition mpc-icon-column--style_2 mpc-align--left\"><div class=\"mpc-icon-column__content-wrap\"><div class=\"mpc-icon-column__content\"><h3 class=\"mpc-icon-column__heading mpc-transition\">Unser neues Krankenhaus ist ein gro\u00dfer Fortschritt.<\/h3><div data-id=\"mpc_divider-4269eb8fad0a340\" class=\"mpc-divider-wrap\"><div class=\"mpc-divider mpc-init mpc-align--center mpc-disable--left\"><div class=\"mpc-divider__line mpc-side--left\"><span><\/span><\/div><div class=\"mpc-divider__line mpc-side--right\"><span><\/span><\/div><\/div><\/div><div class=\"mpc-icon-column__description mpc-transition\"><p>Unsere neue Klinik ist seit Anfang 2018 in Betrieb. Sie bietet auf 8.200 m\u00b2 viel Platz und eine angenehme Umgebung f\u00fcr verschiedene moderne Behandlungen.\n\nDie physikalische Therapie ist besonders wichtig und liegt zentral im ersten Stock. Patienten und Mitarbeiter sparen dadurch lange Wege.<\/p>\n<p>&nbsp;<\/p>\n<p>Der neue Bau verbesserte die Abl\u00e4ufe f\u00fcr Patienten und Angestellte in der station\u00e4ren und ambulanten Versorgung. Die Abteilungen sind klar angeordnet, sodass man sich leicht zurechtfindet. Ein einheitliches Farbkonzept hilft, die R\u00e4ume zu unterscheiden. Innenh\u00f6fe lassen Tageslicht herein und erg\u00e4nzen die moderne Beleuchtung.<\/p>\n<p>&nbsp;<\/p>\n<p>Nach dem Bau der Au\u00dfenanlagen im Jahr 2018 k\u00f6nnen Patienten einen Teil der Therapie im Freien nutzen oder sich einfach entspannen.<\/p>\n<p class=\"name-external-link\">Weitere Informationen &uuml;ber die Klinik und unsere Geschichte<\/p>\n<p><a class=\"change-arrow\" href=\"https:\/\/rheumazentrum-mittelhessen.de\/el_el\/geschichte\/\">Hier finden Sie mehr Informationen dar\u00fcber<i class=\"rotate-icon fa fa-angle-right\" aria-hidden=\"true\"><\/i><\/a><\/p>\n<\/div><\/div><\/div><\/div><\/div><\/div><\/div><div class=\"wpb_column vc_column_container vc_col-sm-4 mpc-column\" data-column-id=\"mpc_column-7969eb8fad0a60c\"><div class=\"vc_column-inner\"><div class=\"wpb_wrapper\"><\/div><\/div><\/div><\/div><\/div><\/div>","protected":false},"excerpt":{"rendered":"Ergr&uuml;nden. Ermutigen. Erm&ouml;glichen. Das Rheumazentrum Mittelhessen ist eine der f&uuml;hrenden Kliniken f&uuml;r die ambulante und station&auml;re Therapie und Rehabilitation von Rheuma und anderen chronischen Erkrankungen des Bewegungsapparates in Deutschland. Als bedeutendes Kompetenzzentrum b&uuml;ndelt das Rheumazentrum Mittelhessen gewachsene Erfahrung und ausgezeichnete Expertise in der Rheumatologie und","protected":false},"author":2,"featured_media":0,"parent":5309,"menu_order":1,"comment_status":"closed","ping_status":"closed","template":"full_width.php","meta":{"_acf_changed":false,"footnotes":""},"class_list":["post-3015","page","type-page","status-publish","hentry"],"acf":[],"_links":{"self":[{"href":"https:\/\/rheumazentrum-mittelhessen.de\/el_el\/wp-json\/wp\/v2\/pages\/3015","targetHints":{"allow":["GET"]}}],"collection":[{"href":"https:\/\/rheumazentrum-mittelhessen.de\/el_el\/wp-json\/wp\/v2\/pages"}],"about":[{"href":"https:\/\/rheumazentrum-mittelhessen.de\/el_el\/wp-json\/wp\/v2\/types\/page"}],"author":[{"embeddable":true,"href":"https:\/\/rheumazentrum-mittelhessen.de\/el_el\/wp-json\/wp\/v2\/users\/2"}],"replies":[{"embeddable":true,"href":"https:\/\/rheumazentrum-mittelhessen.de\/el_el\/wp-json\/wp\/v2\/comments?post=3015"}],"version-history":[{"count":5,"href":"https:\/\/rheumazentrum-mittelhessen.de\/el_el\/wp-json\/wp\/v2\/pages\/3015\/revisions"}],"predecessor-version":[{"id":10754,"href":"https:\/\/rheumazentrum-mittelhessen.de\/el_el\/wp-json\/wp\/v2\/pages\/3015\/revisions\/10754"}],"up":[{"embeddable":true,"href":"https:\/\/rheumazentrum-mittelhessen.de\/el_el\/wp-json\/wp\/v2\/pages\/5309"}],"wp:attachment":[{"href":"https:\/\/rheumazentrum-mittelhessen.de\/el_el\/wp-json\/wp\/v2\/media?parent=3015"}],"curies":[{"name":"wp","href":"https:\/\/api.w.org\/{rel}","templated":true}]}}