{"id":3007,"date":"2018-04-11T16:35:16","date_gmt":"2018-04-11T16:35:16","guid":{"rendered":"https:\/\/rheumazentrum-mittelhessen.de\/?page_id=3007"},"modified":"2026-01-26T16:52:15","modified_gmt":"2026-01-26T15:52:15","slug":"diagnosemoeglichkeiten","status":"publish","type":"page","link":"https:\/\/rheumazentrum-mittelhessen.de\/el_el\/diagnosemoeglichkeiten\/","title":{"rendered":"Diagnosem\u00f6glichkeiten"},"content":{"rendered":"<div data-q_id=\"#aertzlicher-dienst\" class=\"vc_row wpb_row section vc_row-fluid  startcontainer mpc-row\" style=\" padding-top:100px; text-align:left;\"><div class=\"full_section_inner clearfix\"><div class=\"wpb_column vc_column_container vc_col-sm-12 mpc-column\" data-column-id=\"mpc_column-9269decd1877876\"><div class=\"vc_column-inner\"><div class=\"wpb_wrapper\"><div class=\"vc_row wpb_row section vc_row-fluid vc_inner   grid_section mpc-row\" style=\" text-align:left;\"><div class=\"section_inner clearfix\"><div class=\"section_inner_margin clearfix\"><div class=\"text-center wpb_column vc_column_container vc_col-sm-2 mpc-column\" data-column-id=\"mpc_column-7769decd1876c4d\"><div class=\"vc_column-inner\"><div class=\"wpb_wrapper\"><\/div><\/div><\/div><div class=\"wpb_column vc_column_container vc_col-sm-8 mpc-column\" data-column-id=\"mpc_column-9069decd1876f9c\"><div class=\"vc_column-inner\"><div class=\"wpb_wrapper\">\n\t<div class=\"wpb_text_column wpb_content_element  vc_custom_1722335393355\">\n\t\t<div class=\"wpb_wrapper\">\n\t\t\t<h2 class=\"h2\" style=\"text-align: center;\">Rheuma Diagnose: Wir identifizieren den Schmerz<\/h2>\n\n\t\t<\/div> \n\t<\/div> <\/div><\/div><\/div><div class=\"wpb_column vc_column_container vc_col-sm-2 mpc-column\" data-column-id=\"mpc_column-7169decd18770a3\"><div class=\"vc_column-inner\"><div class=\"wpb_wrapper\"><\/div><\/div><\/div><\/div><\/div><\/div><div class=\"vc_row wpb_row section vc_row-fluid vc_inner   grid_section mpc-row\" style=\" padding-bottom:30px; text-align:left;\"><div class=\"section_inner clearfix\"><div class=\"section_inner_margin clearfix\"><div class=\"text-center wpb_column vc_column_container vc_col-sm-2 mpc-column\" data-column-id=\"mpc_column-4469decd18773c4\"><div class=\"vc_column-inner\"><div class=\"wpb_wrapper\"><\/div><\/div><\/div><div class=\"wpb_column vc_column_container vc_col-sm-8 mpc-column\" data-column-id=\"mpc_column-2069decd18775bf\"><div class=\"vc_column-inner\"><div class=\"wpb_wrapper\">\n\t<div class=\"wpb_text_column wpb_content_element  page-intro vc_custom_1714657190776\">\n\t\t<div class=\"wpb_wrapper\">\n\t\t\t<p style=\"text-align: center;\">Das Rheumazentrum Mittelhessen ist eine der erfahrensten Kliniken in Deutschland. Wir kombinieren unsere lange Erfahrung mit modernen Untersuchungsmethoden. So stellen wir sicher, dass wir Rheuma genau und zuverl\u00e4ssig erkennen.<\/p>\n\n\t\t<\/div> \n\t<\/div> <\/div><\/div><\/div><div class=\"wpb_column vc_column_container vc_col-sm-2 mpc-column\" data-column-id=\"mpc_column-8869decd18776b5\"><div class=\"vc_column-inner\"><div class=\"wpb_wrapper\"><\/div><\/div><\/div><\/div><\/div><\/div><\/div><\/div><\/div><\/div><\/div><div class=\"vc_row wpb_row section vc_row-fluid mpc-row\" style=\" text-align:left;\"><div class=\"full_section_inner clearfix\"><div class=\"wpb_column vc_column_container vc_col-sm-12 mpc-column\" data-column-id=\"mpc_column-8369decd1877e42\"><div class=\"vc_column-inner\"><div class=\"wpb_wrapper\">\t<div class=\"vc_empty_space  empty-80\" style=\"height: 120px\"><span class=\"vc_empty_space_inner\">\n\t\t\t<span class=\"empty_space_image\"><\/span>\n\t\t<\/span><\/div>\n\n<\/div><\/div><\/div><\/div><\/div><div data-q_id=\"#akutklinik-AHB\" class=\"vc_row wpb_row section vc_row-fluid  mirror-image  grid_section mpc-row\" style=\" text-align:left;\" data-row-id=\"mpc_row-2469decd18786da\"><div class=\"mpc-parallax-wrap\"><div class=\"mpc-parallax mpc-parallax-style--horizontal-left\" data-bottom-top=\"transform: translateX(0%)\" data-top-bottom=\"transform: translateX(-25%)\"><\/div><\/div><div class=\"section_inner clearfix\"><div class=\"section_inner_margin clearfix\"><div class=\"wpb_column vc_column_container vc_col-sm-6 vc_col-has-fill mpc-column\" data-column-id=\"mpc_column-2169decd18783ec\"><div class=\"vc_column-inner vc_custom_1527606283789\"><div class=\"wpb_wrapper\">\n\t<div class=\"wpb_text_column wpb_content_element  vc_custom_1701246304287\">\n\t\t<div class=\"wpb_wrapper\">\n\t\t\t<h2 style=\"text-align: center;\">Tests zur Krankheitserkennung<\/h2>\n\n\t\t<\/div> \n\t<\/div> <div data-id=\"mpc_icon_column-7269decd18782ed\" class=\"mpc-icon-column mpc-init mpc-parent-hover mpc-transition mpc-icon-column--style_1 mpc-align--left\"><div class=\"mpc-icon-column__content-wrap\"><div class=\"mpc-icon-column__content\"><div data-id=\"mpc_divider-5369decd187831d\" class=\"mpc-divider-wrap\"><div class=\"mpc-divider mpc-init mpc-align--center mpc-disable--left\"><div class=\"mpc-divider__line mpc-side--left\"><span><\/span><\/div><div class=\"mpc-divider__line mpc-side--right\"><span><\/span><\/div><\/div><\/div><div class=\"mpc-icon-column__description mpc-transition\"><p>Unsere erfahrenen Rheumatologen nutzen verschiedene moderne Methoden zur Diagnose. Sie suchen damit nach den Gr\u00fcnden f\u00fcr Ihre Krankheit. Wir wollen Ihnen als Patient Klarheit \u00fcber den Verlauf Ihrer Krankheit geben. Danach entwickeln unsere \u00c4rzte einen pers\u00f6nlichen Therapieplan, der Ihre gesamte Situation ber\u00fccksichtigt.<\/p>\n<\/div><\/div><\/div><\/div><\/div><\/div><\/div><div class=\"wpb_column vc_column_container vc_col-sm-6 vc_hidden-sm vc_hidden-xs mpc-column\" data-column-id=\"mpc_column-4069decd18785f9\"><div class=\"vc_column-inner\"><div class=\"wpb_wrapper\">\t<div class=\"vc_empty_space  empty-space-50-px-between-textblocks\" style=\"height: 80px\"><span class=\"vc_empty_space_inner\">\n\t\t\t<span class=\"empty_space_image\"><\/span>\n\t\t<\/span><\/div>\n\n<\/div><\/div><\/div><\/div><\/div><\/div><div class=\"vc_row wpb_row section vc_row-fluid mpc-row\" style=\" text-align:left;\"><div class=\"full_section_inner clearfix\"><div class=\"wpb_column vc_column_container vc_col-sm-12 mpc-column\" data-column-id=\"mpc_column-2369decd1879374\"><div class=\"vc_column-inner\"><div class=\"wpb_wrapper\">\t<div class=\"vc_empty_space  empty-120\" style=\"height: 120px\"><span class=\"vc_empty_space_inner\">\n\t\t\t<span class=\"empty_space_image\"><\/span>\n\t\t<\/span><\/div>\n\n<\/div><\/div><\/div><\/div><\/div><div class=\"vc_row wpb_row section vc_row-fluid  module13  grid_section mpc-row\" style=\" text-align:left;\"><div class=\"section_inner clearfix\"><div class=\"section_inner_margin clearfix\"><div class=\"wpb_column vc_column_container vc_col-sm-12 mpc-column\" data-column-id=\"mpc_column-3869decd1879951\"><div class=\"vc_column-inner\"><div class=\"wpb_wrapper\">\n\t<div class=\"wpb_text_column wpb_content_element\">\n\t\t<div class=\"wpb_wrapper\">\n\t\t\t<h3 class=\"module13-title\" style=\"text-align: center;\"><span style=\"color: #e40043;\">Hauseigenes Rheumaserologie Labor<\/span><\/h3>\n\n\t\t<\/div> \n\t<\/div> \t<div class=\"vc_empty_space  empty-80\" style=\"height: 80px\"><span class=\"vc_empty_space_inner\">\n\t\t\t<span class=\"empty_space_image\"><\/span>\n\t\t<\/span><\/div>\n\n\n\t<div class=\"wpb_text_column wpb_content_element\">\n\t\t<div class=\"wpb_wrapper\">\n\t\t\t<p style=\"text-align: center;\">Wir f\u00fchren eine sorgf\u00e4ltige Untersuchung durch. Sie beinhaltet ein Gespr\u00e4ch \u00fcber Ihre Krankheitsgeschichte, eine k\u00f6rperliche Untersuchung und eine ausf\u00fchrliche Beratung. Danach folgt eine spezielle Blutuntersuchung auf Rheuma in unserem Labor.\n\nDort untersuchen Fachleute verschiedene Proben, wie Blut, Urin, Stuhl, Gelenkfl\u00fcssigkeit und Knochenmark. Diese Analysen helfen uns, die Ursache Ihrer Schmerzen zu finden.<\/p>\n\n\t\t<\/div> \n\t<\/div> <\/div><\/div><\/div><\/div><\/div><\/div><div class=\"vc_row wpb_row section vc_row-fluid mpc-row\" style=\" text-align:left;\"><div class=\"full_section_inner clearfix\"><div class=\"wpb_column vc_column_container vc_col-sm-12 mpc-column\" data-column-id=\"mpc_column-9169decd1879d28\"><div class=\"vc_column-inner\"><div class=\"wpb_wrapper\">\t<div class=\"vc_empty_space  empty-120\" style=\"height: 120px\"><span class=\"vc_empty_space_inner\">\n\t\t\t<span class=\"empty_space_image\"><\/span>\n\t\t<\/span><\/div>\n\n<\/div><\/div><\/div><\/div><\/div><div class=\"vc_row wpb_row section vc_row-fluid  module13  grid_section mpc-row\" style=\" text-align:left;\"><div class=\"section_inner clearfix\"><div class=\"section_inner_margin clearfix\"><div class=\"wpb_column vc_column_container vc_col-sm-12 mpc-column\" data-column-id=\"mpc_column-2769decd187a1f3\"><div class=\"vc_column-inner\"><div class=\"wpb_wrapper\">\n\t<div class=\"wpb_text_column wpb_content_element\">\n\t\t<div class=\"wpb_wrapper\">\n\t\t\t<h3 class=\"module13-title\" style=\"text-align: center;\"><span style=\"color: #e40043;\">Krankheitserkennung ist wichtig f\u00fcr eine erfolgreiche Behandlung<\/span><\/h3>\n\n\t\t<\/div> \n\t<\/div> \t<div class=\"vc_empty_space  empty-80\" style=\"height: 80px\"><span class=\"vc_empty_space_inner\">\n\t\t\t<span class=\"empty_space_image\"><\/span>\n\t\t<\/span><\/div>\n\n\n\t<div class=\"wpb_text_column wpb_content_element\">\n\t\t<div class=\"wpb_wrapper\">\n\t\t\t<p style=\"text-align: center;\">Nach der Diagnose beginnen wir direkt mit einer Therapie, die auf Sie zugeschnitten ist. Wir bieten ein umfassendes Behandlungskonzept.\n\nDieses Konzept soll verhindern, dass sich die rheumatische Erkrankung verschlimmert und Schmerzen reduziert werden.<\/p>\n\n\t\t<\/div> \n\t<\/div> <\/div><\/div><\/div><\/div><\/div><\/div><div class=\"vc_row wpb_row section vc_row-fluid mpc-row\" style=\" text-align:left;\"><div class=\"full_section_inner clearfix\"><div class=\"wpb_column vc_column_container vc_col-sm-12 mpc-column\" data-column-id=\"mpc_column-5869decd187a5bf\"><div class=\"vc_column-inner\"><div class=\"wpb_wrapper\">\t<div class=\"vc_empty_space  empty-120\" style=\"height: 120px\"><span class=\"vc_empty_space_inner\">\n\t\t\t<span class=\"empty_space_image\"><\/span>\n\t\t<\/span><\/div>\n\n<\/div><\/div><\/div><\/div><\/div><div class=\"vc_row wpb_row section vc_row-fluid  module4  grid_section mpc-row\" style=\" text-align:left;\"><div class=\"section_inner clearfix\"><div class=\"section_inner_margin clearfix\"><div class=\"wpb_column vc_column_container vc_col-sm-6 mpc-column\" data-column-id=\"mpc_column-4769decd187b700\"><div class=\"vc_column-inner\"><div class=\"wpb_wrapper\">\n\t<div class=\"wpb_single_image wpb_content_element vc_align_center\">\n\t\t<div class=\"wpb_wrapper\">\n\t\t\t\n\t\t\t<div class=\"vc_single_image-wrapper   vc_box_border_grey\"><img loading=\"lazy\" decoding=\"async\" width=\"1000\" height=\"1000\" src=\"https:\/\/rheumazentrum-mittelhessen.de\/wp-content\/uploads\/2022\/10\/RZMH-homepage-img-crop-scaled_square-1.jpeg\" class=\"vc_single_image-img attachment-full\" alt=\"\" srcset=\"https:\/\/rheumazentrum-mittelhessen.de\/wp-content\/uploads\/2022\/10\/RZMH-homepage-img-crop-scaled_square-1.jpeg 1000w, https:\/\/rheumazentrum-mittelhessen.de\/wp-content\/uploads\/2022\/10\/RZMH-homepage-img-crop-scaled_square-1-300x300.jpeg 300w, https:\/\/rheumazentrum-mittelhessen.de\/wp-content\/uploads\/2022\/10\/RZMH-homepage-img-crop-scaled_square-1-150x150.jpeg 150w, https:\/\/rheumazentrum-mittelhessen.de\/wp-content\/uploads\/2022\/10\/RZMH-homepage-img-crop-scaled_square-1-768x768.jpeg 768w, https:\/\/rheumazentrum-mittelhessen.de\/wp-content\/uploads\/2022\/10\/RZMH-homepage-img-crop-scaled_square-1-570x570.jpeg 570w, https:\/\/rheumazentrum-mittelhessen.de\/wp-content\/uploads\/2022\/10\/RZMH-homepage-img-crop-scaled_square-1-500x500.jpeg 500w, https:\/\/rheumazentrum-mittelhessen.de\/wp-content\/uploads\/2022\/10\/RZMH-homepage-img-crop-scaled_square-1-700x700.jpeg 700w\" sizes=\"auto, (max-width: 1000px) 100vw, 1000px\"><\/div>\n\t\t<\/div>\n\t<\/div>\n\t<div class=\"vc_empty_space  empty-20\" style=\"height: 20px\"><span class=\"vc_empty_space_inner\">\n\t\t\t<span class=\"empty_space_image\"><\/span>\n\t\t<\/span><\/div>\n\n<\/div><\/div><\/div><div class=\"wpb_column vc_column_container vc_col-sm-6 mpc-column\" data-column-id=\"mpc_column-6369decd187ba41\"><div class=\"vc_column-inner\"><div class=\"wpb_wrapper\">\n\t<div class=\"wpb_text_column wpb_content_element\">\n\t\t<div class=\"wpb_wrapper\">\n\t\t\t<h3><strong><span style=\"color: #e40043; font-weight: bold; font-family: Vollkorn;\">Diese Verfahren benutzen wir zur Diagnose<\/span><\/strong><\/h3>\n<p>&nbsp;<\/p>\n<p>Im Rheumazentrum Mittelhessen nutzen wir diese Methoden, um rheumatische Erkrankungen festzustellen:<\/p>\n<p>&nbsp;<\/p>\n<ul>\n<li>\n<p class=\"mod4-li a\"><b>Rheumaserologische Untersuchung<\/b><\/p>\n<\/li>\n<li>\n<p class=\"mod4-li a\"><b>Gelenkpunktion \/ Gelenkinjektion<\/b><\/p>\n<\/li>\n<li>\n<p class=\"mod4-li a\"><b>R&ouml;ntgen<\/b><\/p>\n<\/li>\n<li>\n<p class=\"mod4-li a\"><b>Sonographie (Ultraschall) der Gelenke und Inneren Organe<\/b><\/p>\n<\/li>\n<li>\n<p class=\"mod4-li a\"><b>EKG<\/b><\/p>\n<\/li>\n<li>\n<p class=\"mod4-li a\"><b>Spirometrie (Lungenfunktionsuntersuchung)<\/b><\/p>\n<\/li>\n<li>\n<p class=\"mod4-li a\"><b>Osteoporosediagnostik mit DXA-Messung<\/b><\/p>\n<\/li>\n<li>\n<p class=\"mod4-li a\"><b>Gef&auml;&szlig;diagnostik mittels Kapillarmikroskopie<\/b><\/p>\n<\/li>\n<\/ul>\n\n\t\t<\/div> \n\t<\/div> <\/div><\/div><\/div><\/div><\/div><\/div><div class=\"vc_row wpb_row section vc_row-fluid mpc-row\" style=\" text-align:left;\"><div class=\"full_section_inner clearfix\"><div class=\"wpb_column vc_column_container vc_col-sm-12 mpc-column\" data-column-id=\"mpc_column-3969decd187bf57\"><div class=\"vc_column-inner\"><div class=\"wpb_wrapper\">\t<div class=\"vc_empty_space  empty-80\" style=\"height: 120px\"><span class=\"vc_empty_space_inner\">\n\t\t\t<span class=\"empty_space_image\"><\/span>\n\t\t<\/span><\/div>\n\n<\/div><\/div><\/div><\/div><\/div><div class=\"vc_row wpb_row section vc_row-fluid  module31 start31  grid_section mpc-row\" style=\" text-align:left;\"><div class=\"section_inner clearfix\"><div class=\"section_inner_margin clearfix\"><div class=\"wpb_column vc_column_container vc_col-sm-6 vc_col-has-fill mpc-column\" data-column-id=\"mpc_column-2469decd187c664\"><div class=\"vc_column-inner vc_custom_1702385475988\"><div class=\"wpb_wrapper\">\t<div class=\"vc_empty_space  empty-80\" style=\"height: 80px\"><span class=\"vc_empty_space_inner\">\n\t\t\t<span class=\"empty_space_image\"><\/span>\n\t\t<\/span><\/div>\n\n\n\t<div class=\"wpb_text_column wpb_content_element\">\n\t\t<div class=\"wpb_wrapper\">\n\t\t\t<h3 class=\"module13-title\" style=\"text-align: center;\"><span style=\"color: #e40043;\">Informationen f&uuml;r Zuweiser*innen<\/span><\/h3>\n\n\t\t<\/div> \n\t<\/div> \t<div class=\"vc_empty_space  empty-40\" style=\"height: 40px\"><span class=\"vc_empty_space_inner\">\n\t\t\t<span class=\"empty_space_image\"><\/span>\n\t\t<\/span><\/div>\n\n<a href=\"https:\/\/rheumazentrum-mittelhessen.de\/el_el\/zuweiser-und-partner\/informationen-fuer-zuweiserinnen\/\" title=\"Informationen f&uuml;r Zuweiser*innen\" data-id=\"mpc_button-8769decd187c514\" class=\"mpc-button mpc-init mpc-transition module9-btn\"><div class=\"mpc-button__content mpc-effect-type--none mpc-effect-side--none\"><span class=\"mpc-button__title mpc-transition\">Hier k\u00f6nnen Sie mehr erfahren<\/span><\/div><div class=\"mpc-button__background mpc-transition mpc-effect-type--fade mpc-effect-side--in\"><\/div><\/a>\t<div class=\"vc_empty_space  empty-80\" style=\"height: 80px\"><span class=\"vc_empty_space_inner\">\n\t\t\t<span class=\"empty_space_image\"><\/span>\n\t\t<\/span><\/div>\n\n<\/div><\/div><\/div><div class=\"wpb_column vc_column_container vc_col-sm-6 vc_col-has-fill mpc-column\" data-column-id=\"mpc_column-769decd187ca98\"><div class=\"vc_column-inner vc_custom_1702385481961\"><div class=\"wpb_wrapper\">\t<div class=\"vc_empty_space  empty-80\" style=\"height: 80px\"><span class=\"vc_empty_space_inner\">\n\t\t\t<span class=\"empty_space_image\"><\/span>\n\t\t<\/span><\/div>\n\n\n\t<div class=\"wpb_text_column wpb_content_element\">\n\t\t<div class=\"wpb_wrapper\">\n\t\t\t<h3 class=\"module13-title\" style=\"text-align: center;\"><span style=\"color: #e40043;\">Karriere im Rheumazentrum Mittelhessen <\/span><\/h3>\n\n\t\t<\/div> \n\t<\/div> \t<div class=\"vc_empty_space  empty-40\" style=\"height: 40px\"><span class=\"vc_empty_space_inner\">\n\t\t\t<span class=\"empty_space_image\"><\/span>\n\t\t<\/span><\/div>\n\n<a href=\"https:\/\/rheumazentrum-mittelhessen.de\/el_el\/karriere\/\" title=\"Karriere\" data-id=\"mpc_button-7969decd187c972\" class=\"mpc-button mpc-init mpc-transition module9-btn\"><div class=\"mpc-button__content mpc-effect-type--none mpc-effect-side--none\"><span class=\"mpc-button__title mpc-transition\">Hier k\u00f6nnen Sie mehr erfahren<\/span><\/div><div class=\"mpc-button__background mpc-transition mpc-effect-type--fade mpc-effect-side--in\"><\/div><\/a>\t<div class=\"vc_empty_space  empty-80\" style=\"height: 80px\"><span class=\"vc_empty_space_inner\">\n\t\t\t<span class=\"empty_space_image\"><\/span>\n\t\t<\/span><\/div>\n\n<\/div><\/div><\/div><\/div><\/div><\/div><div class=\"vc_row wpb_row section vc_row-fluid mpc-row\" style=\" text-align:left;\"><div class=\"full_section_inner clearfix\"><div class=\"wpb_column vc_column_container vc_col-sm-12 mpc-column\" data-column-id=\"mpc_column-3469decd187cf79\"><div class=\"vc_column-inner\"><div class=\"wpb_wrapper\">\t<div class=\"vc_empty_space  leer-120\" style=\"height: 120px\"><span class=\"vc_empty_space_inner\">\n\t\t\t<span class=\"empty_space_image\"><\/span>\n\t\t<\/span><\/div>\n\n<\/div><\/div><\/div><\/div><\/div><div class=\"vc_row wpb_row section vc_row-fluid   grid_section mpc-row\" style=\" text-align:left;\"><div class=\"section_inner clearfix\"><div class=\"section_inner_margin clearfix\"><div class=\"wpb_column vc_column_container vc_col-sm-12 mpc-column\" data-column-id=\"mpc_column-9669decd187dd9a\"><div class=\"vc_column-inner\"><div class=\"wpb_wrapper\">\t<div class=\"vc_empty_space  leer-40\" style=\"height: 40px\"><span class=\"vc_empty_space_inner\">\n\t\t\t<span class=\"empty_space_image\"><\/span>\n\t\t<\/span><\/div>\n\n<div class=\"vc_row wpb_row section vc_row-fluid vc_inner  fast-track-div vc_custom_1760085794765 mpc-row\" style=\" text-align:left;\"><div class=\"full_section_inner clearfix\"><div class=\"wpb_column vc_column_container vc_col-sm-2 mpc-column\" data-column-id=\"mpc_column-9769decd187d607\"><div class=\"vc_column-inner\"><div class=\"wpb_wrapper\"><\/div><\/div><\/div><div class=\"fast-track-inner wpb_column vc_column_container vc_col-sm-8 mpc-column\" data-column-id=\"mpc_column-9769decd187d960\"><div class=\"vc_column-inner vc_custom_1760086248111\"><div class=\"wpb_wrapper\">\n\t<div class=\"wpb_text_column wpb_content_element\">\n\t\t<div class=\"wpb_wrapper\">\n\t\t\t<h2 style=\"text-align: center;\"><strong style=\"color: #ffffff;\">NEU: Unsere Fast Track Klinik<br>\nf&uuml;r Riesenzellarteriitis<\/strong><\/h2>\n<p>&nbsp;<\/p>\n<p class=\"p2\" style=\"text-align: center;\"><span style=\"color: #ffffff;\">Sofortige Aufnahme und Diagnostik &ndash;<\/span><\/p>\n<p class=\"p2\" style=\"text-align: center;\"><span style=\"color: #ffffff;\"> innerhalb von 24 Stunden.<\/span><\/p>\n\n\t\t<\/div> \n\t<\/div> \t<div class=\"vc_empty_space  leer-40\" style=\"height: 40px\"><span class=\"vc_empty_space_inner\">\n\t\t\t<span class=\"empty_space_image\"><\/span>\n\t\t<\/span><\/div>\n\n<a href=\"https:\/\/rheumazentrum-mittelhessen.de\/el_el\/beschwerde-und-krankheitsbilder\/unsere-fast-track-klinik-rheumatologie\/\" title=\"Unsere Fast Track Klinik Rheumatologie\" data-id=\"mpc_button-569decd187d8a2\" class=\"mpc-button mpc-init mpc-transition mpc-typography--preset_2\"><div class=\"mpc-button__content mpc-effect-type--none mpc-effect-side--none\"><span class=\"mpc-button__title mpc-transition\">Mehr erfahren &amp; direkt kontaktieren<\/span><\/div><div class=\"mpc-button__background mpc-transition mpc-effect-type--fade mpc-effect-side--in\"><\/div><\/a><\/div><\/div><\/div><div class=\"wpb_column vc_column_container vc_col-sm-2 mpc-column\" data-column-id=\"mpc_column-5169decd187daa2\"><div class=\"vc_column-inner\"><div class=\"wpb_wrapper\"><\/div><\/div><\/div><\/div><\/div>\t<div class=\"vc_empty_space  leer-40\" style=\"height: 40px\"><span class=\"vc_empty_space_inner\">\n\t\t\t<span class=\"empty_space_image\"><\/span>\n\t\t<\/span><\/div>\n\n<\/div><\/div><\/div><\/div><\/div><\/div><div class=\"vc_row wpb_row section vc_row-fluid mpc-row\" style=\" text-align:left;\"><div class=\"full_section_inner clearfix\"><div class=\"wpb_column vc_column_container vc_col-sm-12 mpc-column\" data-column-id=\"mpc_column-6369decd187e2a7\"><div class=\"vc_column-inner\"><div class=\"wpb_wrapper\">\t<div class=\"vc_empty_space  leer-120\" style=\"height: 120px\"><span class=\"vc_empty_space_inner\">\n\t\t\t<span class=\"empty_space_image\"><\/span>\n\t\t<\/span><\/div>\n\n<\/div><\/div><\/div><\/div><\/div><div class=\"vc_row wpb_row section vc_row-fluid  footer-module  grid_section mpc-row\" style=\" text-align:left;\"><div class=\"section_inner clearfix\"><div class=\"section_inner_margin clearfix\"><div class=\"wpb_column vc_column_container vc_col-sm-3 mpc-column\" id=\"info-box-adresse\" data-column-id=\"mpc_column-5369decd187e7de\"><div class=\"vc_column-inner\"><div class=\"wpb_wrapper\"><div data-id=\"mpc_icon_column-3969decd187e6ad\" class=\"mpc-icon-column mpc-init mpc-parent-hover mpc-transition mpc-icon-column--style_1 mpc-align--center content-box-info footer-module-p1\"><div data-id=\"mpc_icon-8969decd187e6dd\" class=\"mpc-icon mpc-init mpc-transition mpc-effect-none\"><div class=\"mpc-icon-wrap\"><i class=\"mpc-icon-part mpc-regular mpc-transition\"><\/i><\/div><\/div><div class=\"mpc-icon-column__content-wrap\"><div class=\"mpc-icon-column__content\"><h3 class=\"mpc-icon-column__heading mpc-transition\">So m\u00fcssen Sie fahren<\/h3><div data-id=\"mpc_divider-2569decd187e700\" class=\"mpc-divider-wrap\"><div class=\"mpc-divider mpc-init mpc-align--center mpc-disable--left\"><div class=\"mpc-divider__line mpc-side--left\"><span><\/span><\/div><div class=\"mpc-divider__line mpc-side--right\"><span><\/span><\/div><\/div><\/div><div class=\"mpc-icon-column__description mpc-transition\"><p>Rheumazentrum Mittelhessen<\/p>\n<p>Sebastian-Kneipp-Stra&szlig;e 36<\/p>\n<p>35080 Bad Endbach<\/p>\n<\/div><\/div><\/div><\/div><\/div><\/div><\/div><div class=\"wpb_column vc_column_container vc_col-sm-6 mpc-column\" id=\"info-box-nummern\" data-column-id=\"mpc_column-4969decd187eaea\"><div class=\"vc_column-inner\"><div class=\"wpb_wrapper\"><div data-id=\"mpc_icon_column-6069decd187e97c\" class=\"mpc-icon-column mpc-init mpc-parent-hover mpc-transition mpc-icon-column--style_1 mpc-align--center content-box-info footer-module-p2\"><div data-id=\"mpc_icon-8869decd187e9a4\" class=\"mpc-icon mpc-init mpc-transition mpc-effect-none\"><div class=\"mpc-icon-wrap\"><i class=\"mpc-icon-part mpc-regular mpc-transition\"><\/i><\/div><\/div><div class=\"mpc-icon-column__content-wrap\"><div class=\"mpc-icon-column__content\"><h3 class=\"mpc-icon-column__heading mpc-transition\">Telefonnummern<\/h3><div data-id=\"mpc_divider-8969decd187e9c1\" class=\"mpc-divider-wrap\"><div class=\"mpc-divider mpc-init mpc-align--center mpc-disable--left\"><div class=\"mpc-divider__line mpc-side--left\"><span><\/span><\/div><div class=\"mpc-divider__line mpc-side--right\"><span><\/span><\/div><\/div><\/div><div class=\"mpc-icon-column__description mpc-transition\"><p style=\"text-align: center;\"><strong>Zentrale:<\/strong><\/p>\n<p style=\"text-align: center;\"><a href=\"tel:+4927769190\">&nbsp;02776 919 0<\/a><\/p>\n<p style=\"text-align: center;\"><strong>Station&auml;re Aufname:<\/strong><\/p>\n<p style=\"text-align: center;\"><a href=\"tel:+492776919111\">&nbsp;02776 919 111<\/a><\/p>\n<p style=\"text-align: center;\"><strong>Ambulante Therapieplanung:<\/strong><\/p>\n<p style=\"text-align: center;\"><a href=\"tel:+492776919160\">&nbsp;02776 919 160<\/a><\/p>\n<p style=\"text-align: center;\"><strong>MVZ Terminvereinbarung:<\/strong><\/p>\n<p style=\"text-align: center;\"><a href=\"tel:+492776919117\">&nbsp;02776 919 117<\/a><\/p>\n<p>&nbsp;<\/p>\n<\/div><\/div><\/div><\/div><\/div><\/div><\/div><div class=\"wpb_column vc_column_container vc_col-sm-3 mpc-column\" id=\"info-box-besucher\" data-column-id=\"mpc_column-6369decd187edb6\"><div class=\"vc_column-inner\"><div class=\"wpb_wrapper\"><div data-id=\"mpc_icon_column-2069decd187ec8a\" class=\"mpc-icon-column mpc-init mpc-parent-hover mpc-transition mpc-icon-column--style_1 mpc-align--center content-box-info footer-module-p3\"><div data-id=\"mpc_icon-4669decd187ecaf\" class=\"mpc-icon mpc-init mpc-transition mpc-effect-none\"><div class=\"mpc-icon-wrap\"><i class=\"mpc-icon-part mpc-regular mpc-transition\"><\/i><\/div><\/div><div class=\"mpc-icon-column__content-wrap\"><div class=\"mpc-icon-column__content\"><h3 class=\"mpc-icon-column__heading mpc-transition\">Besuchszeiten<\/h3><div data-id=\"mpc_divider-6869decd187eccb\" class=\"mpc-divider-wrap\"><div class=\"mpc-divider mpc-init mpc-align--center mpc-disable--left\"><div class=\"mpc-divider__line mpc-side--left\"><span><\/span><\/div><div class=\"mpc-divider__line mpc-side--right\"><span><\/span><\/div><\/div><\/div><div class=\"mpc-icon-column__description mpc-transition\"><p style=\"text-align: center;\"><strong>T&auml;glich:<\/strong><\/p>\n<p style=\"text-align: center;\">10:00 &ndash; 11:30 Uhr &amp;<\/p>\n<p style=\"text-align: center;\">13:30 &ndash; 20:00 Uhr<\/p>\n<p>&nbsp;<\/p>\n<\/div><\/div><\/div><\/div><\/div><\/div><\/div><\/div><\/div><\/div>","protected":false},"excerpt":{"rendered":"Rheuma Diagnose: Dem Schmerz ein Gesicht geben. Als eine der erfahrensten Kliniken Deutschlands verbinden wir im Rheumazentrum Mittelhessen unsere langj&auml;hrige Expertise mit den modernsten diagnostischen Verfahren, um eine pr&auml;zise, zuverl&auml;ssige Rheuma Diagnose zu gew&auml;hrleisten. Diagnostische Verfahren In der Diagnostik setzen bei uns hochkompetente Rheumatologen unterschiedliche,","protected":false},"author":2,"featured_media":0,"parent":0,"menu_order":5,"comment_status":"closed","ping_status":"closed","template":"full_width.php","meta":{"_acf_changed":false,"footnotes":""},"class_list":["post-3007","page","type-page","status-publish","hentry"],"acf":[],"_links":{"self":[{"href":"https:\/\/rheumazentrum-mittelhessen.de\/el_el\/wp-json\/wp\/v2\/pages\/3007","targetHints":{"allow":["GET"]}}],"collection":[{"href":"https:\/\/rheumazentrum-mittelhessen.de\/el_el\/wp-json\/wp\/v2\/pages"}],"about":[{"href":"https:\/\/rheumazentrum-mittelhessen.de\/el_el\/wp-json\/wp\/v2\/types\/page"}],"author":[{"embeddable":true,"href":"https:\/\/rheumazentrum-mittelhessen.de\/el_el\/wp-json\/wp\/v2\/users\/2"}],"replies":[{"embeddable":true,"href":"https:\/\/rheumazentrum-mittelhessen.de\/el_el\/wp-json\/wp\/v2\/comments?post=3007"}],"version-history":[{"count":33,"href":"https:\/\/rheumazentrum-mittelhessen.de\/el_el\/wp-json\/wp\/v2\/pages\/3007\/revisions"}],"predecessor-version":[{"id":12581,"href":"https:\/\/rheumazentrum-mittelhessen.de\/el_el\/wp-json\/wp\/v2\/pages\/3007\/revisions\/12581"}],"wp:attachment":[{"href":"https:\/\/rheumazentrum-mittelhessen.de\/el_el\/wp-json\/wp\/v2\/media?parent=3007"}],"curies":[{"name":"wp","href":"https:\/\/api.w.org\/{rel}","templated":true}]}}