{"id":2999,"date":"2018-04-11T16:05:33","date_gmt":"2018-04-11T16:05:33","guid":{"rendered":"https:\/\/rheumazentrum-mittelhessen.de\/?page_id=2999"},"modified":"2025-03-20T13:31:55","modified_gmt":"2025-03-20T12:31:55","slug":"versorgungsstrukturen-aufnahme","status":"publish","type":"page","link":"https:\/\/rheumazentrum-mittelhessen.de\/el_el\/fuer-patienten\/versorgungsstrukturen-aufnahme\/","title":{"rendered":"Die Versorgung und die Aufnahme in die Klinik"},"content":{"rendered":"<div data-q_id=\"#aertzlicher-dienst\" class=\"vc_row wpb_row section vc_row-fluid  startcontainer_2  grid_section mpc-row\" style=\" padding-top:70px; text-align:left;\"><div class=\"section_inner clearfix\"><div class=\"section_inner_margin clearfix\"><div class=\"header-with-line-and-icon wpb_column vc_column_container vc_col-sm-12 mpc-column\" data-column-id=\"mpc_column-6969e055bc43255\"><div class=\"vc_column-inner\"><div class=\"wpb_wrapper\">\n\t<div class=\"wpb_text_column wpb_content_element\">\n\t\t<div class=\"wpb_wrapper\">\n\t\t\t<h2 class=\"h2\" style=\"text-align: center;\">Bei uns sind Sie bestens aufgehoben<br>\nund rundum gut versorgt<\/h2>\n\n\t\t<\/div> \n\t<\/div> \t<div class=\"vc_empty_space  empty-space-25-px\" style=\"height: 25px\"><span class=\"vc_empty_space_inner\">\n\t\t\t<span class=\"empty_space_image\"><\/span>\n\t\t<\/span><\/div>\n\n<div data-id=\"mpc_divider-8569e055bc42ffa\" class=\"mpc-divider-wrap\"><div class=\"mpc-divider mpc-init mpc-align--center\"><div class=\"mpc-divider__line mpc-side--left\"><span><\/span><\/div><div class=\"mpc-divider__separator\"><div class=\"mpc-divider__content fa fa-quote-right\"><\/div><\/div><div class=\"mpc-divider__line mpc-side--right\"><span><\/span><\/div><\/div><\/div>\t<div class=\"vc_empty_space  empty-space-25-px\" style=\"height: 25px\"><span class=\"vc_empty_space_inner\">\n\t\t\t<span class=\"empty_space_image\"><\/span>\n\t\t<\/span><\/div>\n\n\n\t<div class=\"wpb_text_column wpb_content_element  page-intro vc_custom_1528874105323\">\n\t\t<div class=\"wpb_wrapper\">\n\t\t\t<p style=\"text-align: center;\"><strong>Liebe Patienten und liebe Angeh\u00f6rige<\/strong><\/p>\n<p>&nbsp;<\/p>\n<p style=\"text-align: center;\">vor einem Klinikaufenthalt haben viele Patienten Fragen. Wir k\u00fcmmern uns gut um Sie. \u00c4rzte, Therapeuten, Pflegekr\u00e4fte und alle anderen Mitarbeiter arbeiten t\u00e4glich daf\u00fcr, Ihre Gesundheit zu verbessern. Wir m\u00f6chten, dass Sie sich bei uns wohlf\u00fchlen. Nach Ihrem Aufenthalt sollen Sie trotz Ihrer Krankheit ein erf\u00fcllteres und unbeschwerteres Leben f\u00fchren.<\/p>\n<p>&nbsp;<\/p>\n<p style=\"text-align: center;\">Wenn Sie Fragen oder Vorschl\u00e4ge, was wir besser machen k\u00f6nnen, haben, k\u00f6nnen Sie uns anrufen oder uns eine <a href=\"mailto:info@rzmh.de\">E-Mail<\/a> schreiben. Wir freuen uns, wenn wir Ihnen helfen k\u00f6nnen!<\/p>\n<p>&nbsp;<\/p>\n<p style=\"text-align: center; color: #e50043;\">Ihr Rheumazentrum Mittelhessen<\/p>\n\n\t\t<\/div> \n\t<\/div> <\/div><\/div><\/div><\/div><\/div><\/div><div data-q_id=\"#akutklinik-AHB\" class=\"vc_row wpb_row section vc_row-fluid  vc_custom_1643710605662  grid_section mpc-row\" style=\" text-align:left;\" data-row-id=\"mpc_row-5369e055bc43fa2\"><div class=\"mpc-parallax-wrap\"><div class=\"mpc-parallax mpc-parallax-style--horizontal-left\" data-bottom-top=\"transform: translateX(0%)\" data-top-bottom=\"transform: translateX(-25%)\"><\/div><\/div><div class=\"section_inner clearfix\"><div class=\"section_inner_margin clearfix\"><div class=\"wpb_column vc_column_container vc_col-sm-6 vc_col-has-fill mpc-column\" data-column-id=\"mpc_column-5669e055bc43a23\"><div class=\"vc_column-inner vc_custom_1527662394651\"><div class=\"wpb_wrapper\"><div data-id=\"mpc_icon_column-3769e055bc437da\" class=\"mpc-icon-column mpc-init mpc-parent-hover mpc-transition mpc-icon-column--style_1 mpc-align--left\"><div class=\"mpc-icon-column__content-wrap\"><div class=\"mpc-icon-column__content\"><h3 class=\"mpc-icon-column__heading mpc-transition\">Akutklinik<\/h3><div data-id=\"mpc_divider-369e055bc43803\" class=\"mpc-divider-wrap\"><div class=\"mpc-divider mpc-init mpc-align--center mpc-disable--left\"><div class=\"mpc-divider__line mpc-side--left\"><span><\/span><\/div><div class=\"mpc-divider__line mpc-side--right\"><span><\/span><\/div><\/div><\/div><div class=\"mpc-icon-column__description mpc-transition\"><p>Ihr Hausarzt oder Facharzt \u00fcberweist Sie in die Akutklinik, wenn es medizinisch notwendig ist. Wir informieren Ihren Hausarzt oder Facharzt \u00fcber unsere Ergebnisse, Behandlungen und Empfehlungen in einem Brief.<\/p>\n<\/div><\/div><\/div><\/div>\t<div class=\"vc_empty_space\" style=\"height: 20px\"><span class=\"vc_empty_space_inner\">\n\t\t\t<span class=\"empty_space_image\"><\/span>\n\t\t<\/span><\/div>\n\n<div data-id=\"mpc_icon_column-3769e055bc43908\" class=\"mpc-icon-column mpc-init mpc-parent-hover mpc-transition mpc-icon-column--style_1 mpc-align--left\"><div class=\"mpc-icon-column__content-wrap\"><div class=\"mpc-icon-column__content\"><h3 class=\"mpc-icon-column__heading mpc-transition\">Anschlussheilbehandlungs- (AHB) und Rehabilitationsklinik<\/h3><div data-id=\"mpc_divider-5969e055bc43925\" class=\"mpc-divider-wrap\"><div class=\"mpc-divider mpc-init mpc-align--center mpc-disable--left\"><div class=\"mpc-divider__line mpc-side--left\"><span><\/span><\/div><div class=\"mpc-divider__line mpc-side--right\"><span><\/span><\/div><\/div><\/div><div class=\"mpc-icon-column__description mpc-transition\"><p>Man beantragt Rehabilitation meistens mit einem \u00fcblichen Verfahren. Man hat Anspruch auf Reha in einer Klinik, wenn ambulante Behandlungen nicht genug helfen, um eine Krankheit festzustellen, zu heilen, sie aufzuhalten oder Beschwerden zu verringern. Wer f\u00fcr die Reha zust\u00e4ndig ist, h\u00e4ngt davon ab. Entweder die Rentenversicherung oder die Krankenkasse stimmt der Reha zu.<\/p>\n<\/div><\/div><\/div><\/div><\/div><\/div><\/div><div class=\"wpb_column vc_column_container vc_col-sm-6 vc_hidden-sm vc_hidden-xs mpc-column\" data-column-id=\"mpc_column-5969e055bc43e6c\"><div class=\"vc_column-inner\"><div class=\"wpb_wrapper\">\t<div class=\"vc_empty_space  empty-space-50-px-between-textblocks\" style=\"height: 70px\"><span class=\"vc_empty_space_inner\">\n\t\t\t<span class=\"empty_space_image\"><\/span>\n\t\t<\/span><\/div>\n\n\t<div class=\"vc_empty_space  empty-space-50-px-between-textblocks\" style=\"height: 70px\"><span class=\"vc_empty_space_inner\">\n\t\t\t<span class=\"empty_space_image\"><\/span>\n\t\t<\/span><\/div>\n\n\t<div class=\"vc_empty_space  empty-space-50-px-between-textblocks\" style=\"height: 70px\"><span class=\"vc_empty_space_inner\">\n\t\t\t<span class=\"empty_space_image\"><\/span>\n\t\t<\/span><\/div>\n\n\t<div class=\"vc_empty_space  empty-space-50-px-between-textblocks\" style=\"height: 70px\"><span class=\"vc_empty_space_inner\">\n\t\t\t<span class=\"empty_space_image\"><\/span>\n\t\t<\/span><\/div>\n\n\n\t<div class=\"wpb_text_column wpb_content_element  zitat\">\n\t\t<div class=\"wpb_wrapper\">\n\t\t\t<p><span class=\"zitat-inner\">\u00bbBei uns arbeiten Experten mit verschiedenen F\u00e4higkeiten\u00ab<\/span><\/p>\n\n\t\t<\/div> \n\t<\/div> <\/div><\/div><\/div><\/div><\/div><\/div><div id=\"terminvergabe\" data-q_id=\"#aufnahme\" class=\"vc_row wpb_row section vc_row-fluid  row-with-background-2-without-color  grid_section mpc-row\" style=\" text-align:left;\"><div class=\"section_inner clearfix\"><div class=\"section_inner_margin clearfix\"><div class=\"wpb_column vc_column_container vc_col-sm-8 mpc-column\" data-column-id=\"mpc_column-369e055bc45289\"><div class=\"vc_column-inner\"><div class=\"wpb_wrapper\"><div data-id=\"mpc_icon_column-369e055bc44f4a\" class=\"mpc-icon-column mpc-init mpc-parent-hover mpc-transition mpc-icon-column--style_1 mpc-align--left\"><div class=\"mpc-icon-column__content-wrap\"><div class=\"mpc-icon-column__content\"><h3 class=\"mpc-icon-column__heading mpc-transition\">Aufnahme<\/h3><div data-id=\"mpc_divider-3969e055bc44f70\" class=\"mpc-divider-wrap\"><div class=\"mpc-divider mpc-init mpc-align--center mpc-disable--left\"><div class=\"mpc-divider__line mpc-side--left\"><span><\/span><\/div><div class=\"mpc-divider__line mpc-side--right\"><span><\/span><\/div><\/div><\/div><div class=\"mpc-icon-column__description mpc-transition\"><p>Wir planen Ihre Aufnahme im Voraus und legen einen Termin fest. Daf\u00fcr m\u00fcssen sie uns Bescheid sagen, wann Sie gerne kommen m\u00f6chten. Nach der Anmeldung weist Ihnen das Pflegepersonal Ihr Zimmer zu. Danach sprechen Sie mit dem zust\u00e4ndigen Arzt. Dieser entscheidet \u00fcber Untersuchungen f\u00fcr den ersten Tag. An den folgenden Tagen stehen Behandlungen im Mittelpunkt.<\/p>\n<\/div><\/div><\/div><\/div><div class=\"separator short-sep normal\" style=\"background-color: #c6c6c6;height: 2px;\"><\/div>\n<div data-id=\"mpc_icon_column-9769e055bc4505a\" class=\"mpc-icon-column mpc-init mpc-parent-hover mpc-transition mpc-icon-column--style_1 mpc-align--left\"><div class=\"mpc-icon-column__content-wrap\"><div class=\"mpc-icon-column__content\"><h3 class=\"mpc-icon-column__heading mpc-transition\">Medizinisches Versorgungszentrum (MVZ)<\/h3><div data-id=\"mpc_divider-3569e055bc45075\" class=\"mpc-divider-wrap\"><div class=\"mpc-divider mpc-init mpc-align--center mpc-disable--left\"><div class=\"mpc-divider__line mpc-side--left\"><span><\/span><\/div><div class=\"mpc-divider__line mpc-side--right\"><span><\/span><\/div><\/div><\/div><div class=\"mpc-icon-column__description mpc-transition\"><p class=\"p1\">Sie finden die Information \u00fcber eine Zuweisung in das Medizinische Versorgungszentrum auf der Website des <a class=\"change-arrow\" href=\"https:\/\/mvz-rzmh.de\/\" target=\"_blank\" rel=\"noopener noreferrer\">MVZ<i class=\"fa fa-external-link\" aria-hidden=\"true\" data-raofz=\"16\"><\/i><\/a>.<\/p>\n<p>&nbsp;<\/p>\n<\/div><\/div><\/div><\/div><div class=\"separator short-sep normal\" style=\"background-color: #c6c6c6;height: 2px;\"><\/div>\n<div data-id=\"mpc_icon_column-5069e055bc4513f\" class=\"mpc-icon-column mpc-init mpc-parent-hover mpc-transition mpc-icon-column--style_1 mpc-align--left\"><div class=\"mpc-icon-column__content-wrap\"><div class=\"mpc-icon-column__content\"><h3 class=\"mpc-icon-column__heading mpc-transition\">Ambulante Therapieeinrichtung<\/h3><div data-id=\"mpc_divider-4069e055bc45158\" class=\"mpc-divider-wrap\"><div class=\"mpc-divider mpc-init mpc-align--center mpc-disable--left\"><div class=\"mpc-divider__line mpc-side--left\"><span><\/span><\/div><div class=\"mpc-divider__line mpc-side--right\"><span><\/span><\/div><\/div><\/div><div class=\"mpc-icon-column__description mpc-transition\"><p>Ihr Hausarzt oder Facharzt kann Ihnen ein Rezept f\u00fcr Physiotherapie, Ergotherapie oder physikalische Therapie ausstellen. Mit diesem Rezept k\u00f6nnen Sie sich in unserer Praxis behandeln lassen.<\/p>\n<\/div><\/div><\/div><\/div><\/div><\/div><\/div><div class=\"wpb_column vc_column_container vc_col-sm-4 mpc-column\" data-column-id=\"mpc_column-1369e055bc457d9\"><div class=\"vc_column-inner\"><div class=\"wpb_wrapper\"><div data-id=\"mpc_icon_column-6969e055bc45460\" class=\"mpc-icon-column mpc-init mpc-parent-hover mpc-transition mpc-icon-column--style_2 mpc-align--center content-box-info\"><div data-id=\"mpc_icon-5069e055bc45497\" class=\"mpc-icon mpc-init mpc-transition mpc-effect-slide-up mpc-icon-hover\"><div class=\"mpc-icon-wrap\"><i class=\"mpc-icon-part mpc-regular mpc-transition  fa fa-phone\"><\/i><i class=\"mpc-icon-part mpc-hover mpc-transition  fa fa-phone\"><\/i><\/div><\/div><div class=\"mpc-icon-column__content-wrap\"><div class=\"mpc-icon-column__content\"><h3 class=\"mpc-icon-column__heading mpc-transition\">Nicht zu vergessen &hellip;<\/h3><div data-id=\"mpc_divider-6569e055bc454bf\" class=\"mpc-divider-wrap\"><div class=\"mpc-divider mpc-init mpc-align--center mpc-disable--left\"><div class=\"mpc-divider__line mpc-side--left\"><span><\/span><\/div><div class=\"mpc-divider__line mpc-side--right\"><span><\/span><\/div><\/div><\/div><div class=\"mpc-icon-column__description mpc-transition\"><p>Wenn Sie ins Krankenhaus kommen, bringen Sie bitte Folgendes mit: Arztberichte, R\u00f6ntgenbilder oder andere Bilder, falls vorhanden. Nehmen Sie au\u00dferdem Ihre Medikamente f\u00fcr die ersten Tage mit, falls Sie bestimmte Medikamente einnehmen.\n\nDenken Sie auch an Handt\u00fccher, bequeme Kleidung und Badekleidung.<\/p>\n<hr class=\"hr-line\">\n<p class=\"name-external-link\">Um Ihnen die Vorbereitung zu erleichtern, haben wir hier f&uuml;r Sie einige Informationen und Tipps in einer Checkliste zusammengestellt.<\/p>\n<p>&nbsp;<\/p>\n<p><a class=\"change-arrow\" href=\"https:\/\/rheumazentrum-mittelhessen.de\/el_el\/aufenthalt-services\/#aufenthalts-checkliste\">Hier geht&rsquo;s zur Checkliste<i class=\"rotate-icon fa fa-angle-right\" aria-hidden=\"true\"><\/i><\/a><\/p>\n<\/div><\/div><\/div><\/div>\t<div class=\"vc_empty_space  empty-space-70-px\" style=\"height: 70px\"><span class=\"vc_empty_space_inner\">\n\t\t\t<span class=\"empty_space_image\"><\/span>\n\t\t<\/span><\/div>\n\n<div data-id=\"mpc_icon_column-4769e055bc455e0\" class=\"mpc-icon-column mpc-init mpc-parent-hover mpc-transition mpc-icon-column--style_2 mpc-align--center content-box-info\"><div data-id=\"mpc_icon-769e055bc45603\" class=\"mpc-icon mpc-init mpc-transition mpc-effect-slide-up mpc-icon-hover\"><div class=\"mpc-icon-wrap\"><i class=\"mpc-icon-part mpc-regular mpc-transition  fa fa-phone\"><\/i><i class=\"mpc-icon-part mpc-hover mpc-transition  fa fa-phone\"><\/i><\/div><\/div><div class=\"mpc-icon-column__content-wrap\"><div class=\"mpc-icon-column__content\"><div data-id=\"mpc_divider-2869e055bc4561f\" class=\"mpc-divider-wrap\"><div class=\"mpc-divider mpc-init mpc-align--center mpc-disable--left\"><div class=\"mpc-divider__line mpc-side--left\"><span><\/span><\/div><div class=\"mpc-divider__line mpc-side--right\"><span><\/span><\/div><\/div><\/div><div class=\"mpc-icon-column__description mpc-transition\"><p class=\"name-external-link-give-space\">Haben Sie Fragen vor Ihrem Klinikaufenthalt? Unsere Mitarbeiter helfen Ihnen gerne weiter.<\/p>\n<div style=\"width: 100%; display: flex; flex-direction: row; margin-bottom: 10px;\" data-raofz=\"20\">\n<div style=\"width: 50%; text-align: left;\" data-raofz=\"20\">\n<p data-raofz=\"20\">Zentrale:&nbsp;<\/p>\n<\/div>\n<div style=\"width: 50%; text-align: left;\" data-raofz=\"20\">\n<p data-raofz=\"20\">&nbsp;<a role=\"link\" href=\"tel:+4927769190\" data-raofz=\"20\">02776 919 0<\/a><\/p>\n<\/div>\n<\/div>\n<div style=\"width: 100%; display: flex; flex-direction: row; margin-bottom: 10px;\" data-raofz=\"20\">\n<div style=\"width: 50%; text-align: left;\" data-raofz=\"20\">\n<p data-raofz=\"20\">Station&auml;re Aufname:&nbsp;<\/p>\n<\/div>\n<div style=\"width: 50%; text-align: left;\" data-raofz=\"20\">\n<p data-raofz=\"20\"><a role=\"link\" href=\"tel:+492776919111\" data-raofz=\"20\">02776 919 111<\/a><\/p>\n<\/div>\n<\/div>\n<div style=\"width: 100%; display: flex; flex-direction: row; margin-bottom: 10px;\" data-raofz=\"20\">\n<div style=\"width: 50%; text-align: left;\" data-raofz=\"20\">\n<p data-raofz=\"20\">Ambulante Therapieplanung:&nbsp;<\/p>\n<\/div>\n<div style=\"width: 50%; text-align: left;\" data-raofz=\"20\">\n<p data-raofz=\"20\"><a role=\"link\" href=\"tel:+492776919160\" data-raofz=\"20\">02776 919 160<\/a><\/p>\n<\/div>\n<\/div>\n<p>&nbsp;<\/p>\n<p><a class=\"change-arrow\" style=\"padding-right: 15px; padding-left: 10px;\" href=\"https:\/\/rheumazentrum-mittelhessen.de\/el_el\/kontakt\/\">Kontakt<i class=\"rotate-icon fa fa-angle-right\" aria-hidden=\"true\"><\/i><\/a> <a class=\"change-arrow\" href=\"https:\/\/rheumazentrum-mittelhessen.de\/el_el\/aufenthalt-services\/#anfahrt\">So m\u00fcssen Sie fahren<i class=\"rotate-icon fa fa-angle-right\" aria-hidden=\"true\"><\/i><\/a><\/p>\n<\/div><\/div><\/div><\/div><\/div><\/div><\/div><\/div><\/div><\/div><div class=\"vc_row wpb_row section vc_row-fluid   grid_section mpc-row\" style=\" text-align:left;\"><div class=\"section_inner clearfix\"><div class=\"section_inner_margin clearfix\"><div class=\"wpb_column vc_column_container vc_col-sm-6 vc_hidden-sm vc_hidden-xs mpc-column\" data-column-id=\"mpc_column-4869e055bc46e7a\"><div class=\"vc_column-inner\"><div class=\"wpb_wrapper\">\n\t<div class=\"wpb_single_image wpb_content_element vc_align_left   stay-with-footer element_from_bottom\">\n\t\t<div class=\"wpb_wrapper\">\n\t\t\t\n\t\t\t<div class=\"vc_single_image-wrapper   vc_box_border_grey\"><img loading=\"lazy\" decoding=\"async\" class=\"vc_single_image-img\" src=\"https:\/\/rheumazentrum-mittelhessen.de\/wp-content\/uploads\/2018\/05\/RZMH-roter-Punkt-400x400.png\" width=\"400\" height=\"400\" alt=\"RZMH roter Punkt\" title=\"RZMH roter Punkt\"><\/div>\n\t\t<\/div>\n\t<\/div>\n<\/div><\/div><\/div><div class=\"wpb_column vc_column_container vc_col-sm-6 mpc-column\" data-column-id=\"mpc_column-8169e055bc46fc7\"><div class=\"vc_column-inner\"><div class=\"wpb_wrapper\"><\/div><\/div><\/div><\/div><\/div><\/div>","protected":false},"excerpt":{"rendered":"Bei uns sind Sie bestens aufgehoben und rundum gut versorgt Liebe\/r PatientIn, liebe Angeh&ouml;rige, &nbsp; vor dem Aufenthalt in unserer Klinik stellen sich Ihnen ganz viele Fragen. Sie k&ouml;nnen sicher sein: Sie sind bei uns in besten H&auml;nden &ndash; unsere &Auml;rzte, Therapeuten und unser Pflegepersonal","protected":false},"author":2,"featured_media":0,"parent":5303,"menu_order":1,"comment_status":"closed","ping_status":"closed","template":"full_width.php","meta":{"_acf_changed":false,"footnotes":""},"class_list":["post-2999","page","type-page","status-publish","hentry"],"acf":[],"_links":{"self":[{"href":"https:\/\/rheumazentrum-mittelhessen.de\/el_el\/wp-json\/wp\/v2\/pages\/2999","targetHints":{"allow":["GET"]}}],"collection":[{"href":"https:\/\/rheumazentrum-mittelhessen.de\/el_el\/wp-json\/wp\/v2\/pages"}],"about":[{"href":"https:\/\/rheumazentrum-mittelhessen.de\/el_el\/wp-json\/wp\/v2\/types\/page"}],"author":[{"embeddable":true,"href":"https:\/\/rheumazentrum-mittelhessen.de\/el_el\/wp-json\/wp\/v2\/users\/2"}],"replies":[{"embeddable":true,"href":"https:\/\/rheumazentrum-mittelhessen.de\/el_el\/wp-json\/wp\/v2\/comments?post=2999"}],"version-history":[{"count":18,"href":"https:\/\/rheumazentrum-mittelhessen.de\/el_el\/wp-json\/wp\/v2\/pages\/2999\/revisions"}],"predecessor-version":[{"id":11861,"href":"https:\/\/rheumazentrum-mittelhessen.de\/el_el\/wp-json\/wp\/v2\/pages\/2999\/revisions\/11861"}],"up":[{"embeddable":true,"href":"https:\/\/rheumazentrum-mittelhessen.de\/el_el\/wp-json\/wp\/v2\/pages\/5303"}],"wp:attachment":[{"href":"https:\/\/rheumazentrum-mittelhessen.de\/el_el\/wp-json\/wp\/v2\/media?parent=2999"}],"curies":[{"name":"wp","href":"https:\/\/api.w.org\/{rel}","templated":true}]}}