{"id":11072,"date":"2024-07-29T14:31:53","date_gmt":"2024-07-29T12:31:53","guid":{"rendered":"https:\/\/rheumazentrum-mittelhessen.de\/?page_id=11072"},"modified":"2025-06-25T10:05:20","modified_gmt":"2025-06-25T08:05:20","slug":"arthritis-urica-uricopathie-gicht","status":"publish","type":"page","link":"https:\/\/rheumazentrum-mittelhessen.de\/el_el\/beschwerde-und-krankheitsbilder\/arthritis-urica-uricopathie-gicht\/","title":{"rendered":"Arthritis urica \/ Uricopathie (Gicht)"},"content":{"rendered":"<div data-q_id=\"#aertzlicher-dienst\" class=\"vc_row wpb_row section vc_row-fluid  startcontainer mpc-row\" style=\" padding-top:100px; text-align:left;\"><div class=\"full_section_inner clearfix\"><div class=\"wpb_column vc_column_container vc_col-sm-12 mpc-column\" data-column-id=\"mpc_column-969edce10c5f49\"><div class=\"vc_column-inner\"><div class=\"wpb_wrapper\"><div class=\"vc_row wpb_row section vc_row-fluid vc_inner   grid_section mpc-row\" style=\" text-align:left;\"><div class=\"section_inner clearfix\"><div class=\"section_inner_margin clearfix\"><div class=\"text-center wpb_column vc_column_container vc_col-sm-2 mpc-column\" data-column-id=\"mpc_column-10069edce10c51f1\"><div class=\"vc_column-inner\"><div class=\"wpb_wrapper\"><\/div><\/div><\/div><div class=\"wpb_column vc_column_container vc_col-sm-8 mpc-column\" data-column-id=\"mpc_column-7569edce10c55c5\"><div class=\"vc_column-inner\"><div class=\"wpb_wrapper\">\n\t<div class=\"wpb_text_column wpb_content_element  vc_custom_1722332496678\">\n\t\t<div class=\"wpb_wrapper\">\n\t\t\t<h2 class=\"h2\" style=\"text-align: center;\">Was ist Arthritis urica \/ Uricopathie (Gicht)?<\/h2>\n\n\t\t<\/div> \n\t<\/div> <\/div><\/div><\/div><div class=\"wpb_column vc_column_container vc_col-sm-2 mpc-column\" data-column-id=\"mpc_column-1469edce10c56e4\"><div class=\"vc_column-inner\"><div class=\"wpb_wrapper\"><\/div><\/div><\/div><\/div><\/div><\/div><div class=\"vc_row wpb_row section vc_row-fluid vc_inner   grid_section mpc-row\" style=\" padding-bottom:30px; text-align:left;\"><div class=\"section_inner clearfix\"><div class=\"section_inner_margin clearfix\"><div class=\"text-center wpb_column vc_column_container vc_col-sm-2 mpc-column\" data-column-id=\"mpc_column-5569edce10c5a57\"><div class=\"vc_column-inner\"><div class=\"wpb_wrapper\"><\/div><\/div><\/div><div class=\"wpb_column vc_column_container vc_col-sm-8 mpc-column\" data-column-id=\"mpc_column-5469edce10c5c5d\"><div class=\"vc_column-inner\"><div class=\"wpb_wrapper\">\n\t<div class=\"wpb_text_column wpb_content_element  page-intro vc_custom_1722256183808\">\n\t\t<div class=\"wpb_wrapper\">\n\t\t\t<p class=\"p1\">Gicht ist eine schmerzhafte Form der Arthritis. Sie entsteht, wenn sich Harns\u00e4urekristalle in Gelenken ansammeln.\n\nDiese Kristalle verursachen Entz\u00fcndungen und pl\u00f6tzliche, starke Schmerzen. Betroffen ist oft das Gelenk an der gro\u00dfen Zehe.\n\nHarns\u00e4urekristalle k\u00f6nnen sich auch in anderen Gelenken und im Gewebe ablagern. Das f\u00fchrt zu dauerhaften Schmerzen und Bewegungseinschr\u00e4nkungen.<\/p>\n\n\t\t<\/div> \n\t<\/div> <\/div><\/div><\/div><div class=\"wpb_column vc_column_container vc_col-sm-2 mpc-column\" data-column-id=\"mpc_column-8069edce10c5d58\"><div class=\"vc_column-inner\"><div class=\"wpb_wrapper\"><\/div><\/div><\/div><\/div><\/div><\/div><\/div><\/div><\/div><\/div><\/div><div class=\"vc_row wpb_row section vc_row-fluid mpc-row\" style=\" text-align:left;\"><div class=\"full_section_inner clearfix\"><div class=\"wpb_column vc_column_container vc_col-sm-12 mpc-column\" data-column-id=\"mpc_column-9769edce10c6567\"><div class=\"vc_column-inner\"><div class=\"wpb_wrapper\">\t<div class=\"vc_empty_space  empty-120\" style=\"height: 120px\"><span class=\"vc_empty_space_inner\">\n\t\t\t<span class=\"empty_space_image\"><\/span>\n\t\t<\/span><\/div>\n\n<\/div><\/div><\/div><\/div><\/div><div class=\"vc_row wpb_row section vc_row-fluid  module31 start31  grid_section mpc-row\" style=\" text-align:left;\"><div class=\"section_inner clearfix\"><div class=\"section_inner_margin clearfix\"><div class=\"wpb_column vc_column_container vc_col-sm-6 vc_col-has-fill mpc-column\" data-column-id=\"mpc_column-4069edce10c6df8\"><div class=\"vc_column-inner vc_custom_1702385475988\"><div class=\"wpb_wrapper\">\t<div class=\"vc_empty_space  empty-80\" style=\"height: 80px\"><span class=\"vc_empty_space_inner\">\n\t\t\t<span class=\"empty_space_image\"><\/span>\n\t\t<\/span><\/div>\n\n\n\t<div class=\"wpb_text_column wpb_content_element\">\n\t\t<div class=\"wpb_wrapper\">\n\t\t\t<h3 class=\"module13-title\" style=\"text-align: center;\"><span style=\"color: #e40043;\"> Untersuchungsm\u00f6glichkeiten f\u00fcr Arthritis urica \/ Uricopathie (Gicht) <\/span><\/h3>\n\n\t\t<\/div> \n\t<\/div> \t<div class=\"vc_empty_space  empty-30\" style=\"height: 30px\"><span class=\"vc_empty_space_inner\">\n\t\t\t<span class=\"empty_space_image\"><\/span>\n\t\t<\/span><\/div>\n\n\n\t<div class=\"wpb_text_column wpb_content_element\">\n\t\t<div class=\"wpb_wrapper\">\n\t\t\t<p class=\"p1\">Die <span class=\"s1\">Diagnose von Arthritis urica<\/span> stellen \u00c4rztet meistens durch ein Gespr\u00e4ch mit dem Patienten und eine k\u00f6rperliche Untersuchung. Sie messen den Harns\u00e4urespiegel im Blut. Manchmal nutzen sie R\u00f6ntgen oder Ultraschall.\n\nUm sicherzugehen und andere Ursachen f\u00fcr Gelenkschmerzen auszuschlie\u00dfen, k\u00f6nnen \u00c4rzte die Gelenkfl\u00fcssigkeit untersuchen. Wenn sie Harns\u00e4urekristalle in der Fl\u00fcssigkeit finden, ist das ein sicheres Zeichen f\u00fcr Gicht.<\/p>\n\n\t\t<\/div> \n\t<\/div> \t<div class=\"vc_empty_space  empty-40\" style=\"height: 40px\"><span class=\"vc_empty_space_inner\">\n\t\t\t<span class=\"empty_space_image\"><\/span>\n\t\t<\/span><\/div>\n\n<a href=\"https:\/\/rheumazentrum-mittelhessen.de\/el_el\/behandlungsspektrum\/diagnosemoeglichkeiten\/\" title=\"Diagnosemoeglichkeiten\" data-id=\"mpc_button-7669edce10c6c6e\" class=\"mpc-button mpc-init mpc-transition module9-btn\"><div class=\"mpc-button__content mpc-effect-type--none mpc-effect-side--none\"><span class=\"mpc-button__title mpc-transition\">M\u00f6glichkeiten zur Untersuchung<\/span><\/div><div class=\"mpc-button__background mpc-transition mpc-effect-type--fade mpc-effect-side--in\"><\/div><\/a>\t<div class=\"vc_empty_space  empty-80\" style=\"height: 80px\"><span class=\"vc_empty_space_inner\">\n\t\t\t<span class=\"empty_space_image\"><\/span>\n\t\t<\/span><\/div>\n\n<\/div><\/div><\/div><div class=\"wpb_column vc_column_container vc_col-sm-6 vc_col-has-fill mpc-column\" data-column-id=\"mpc_column-3269edce10c73e7\"><div class=\"vc_column-inner vc_custom_1702385481961\"><div class=\"wpb_wrapper\">\t<div class=\"vc_empty_space  empty-80\" style=\"height: 80px\"><span class=\"vc_empty_space_inner\">\n\t\t\t<span class=\"empty_space_image\"><\/span>\n\t\t<\/span><\/div>\n\n\n\t<div class=\"wpb_text_column wpb_content_element\">\n\t\t<div class=\"wpb_wrapper\">\n\t\t\t<h3 class=\"module13-title\" style=\"text-align: center;\"><span style=\"color: #e40043;\"> Behandlungsm\u00f6glichkeiten f\u00fcr Arthritis urica \/ Uricopathie (Gicht) <\/span><\/h3>\n\n\t\t<\/div> \n\t<\/div> \t<div class=\"vc_empty_space  empty-30\" style=\"height: 30px\"><span class=\"vc_empty_space_inner\">\n\t\t\t<span class=\"empty_space_image\"><\/span>\n\t\t<\/span><\/div>\n\n\n\t<div class=\"wpb_text_column wpb_content_element\">\n\t\t<div class=\"wpb_wrapper\">\n\t\t\t<p class=\"p1\">Die <span class=\"s1\">Behandlung von Arthritis urica<\/span> sieht so aus: Akute Schmerzen werden mit Medikamenten wie NSAR behandelt. Der Harns\u00e4urespiegel im Blut wird mit Mitteln wie Allopurinol gesenkt.\n\nEine Ern\u00e4hrungsumstellung mit wenig Purin kann helfen. Bei starken Entz\u00fcndungen k\u00f6nnen kurzzeitig Kortikosteroide gegeben werden.\n\nBei sehr stark erh\u00f6hten Harns\u00e4urewerten kann ein spezielles Enzymmedikament eingesetzt werden, um den Harns\u00e4urespiegel zu senken.<\/p>\n<p>&nbsp;<\/p>\n<p class=\"p1\">Massagen und Physiotherapie k\u00f6nnen helfen, Gelenke besser zu bewegen und Schmerzen zu verringern.\n\nK\u00fchle Kompressen oder Eispackungen k\u00f6nnen akute Schmerzen lindern.\n\nRuhe und das Schonen der betroffenen Gelenke w\u00e4hrend eines akuten Schubs k\u00f6nnen ebenfalls helfen, die Beschwerden zu verringern.<\/p>\n\n\t\t<\/div> \n\t<\/div> \t<div class=\"vc_empty_space  empty-40\" style=\"height: 40px\"><span class=\"vc_empty_space_inner\">\n\t\t\t<span class=\"empty_space_image\"><\/span>\n\t\t<\/span><\/div>\n\n<a href=\"https:\/\/rheumazentrum-mittelhessen.de\/el_el\/behandlungsspektrum\/therapiemoeglichkeiten\/\" title=\"Therapiemoeglichkeiten\" data-id=\"mpc_button-4469edce10c726f\" class=\"mpc-button mpc-init mpc-transition module9-btn\"><div class=\"mpc-button__content mpc-effect-type--none mpc-effect-side--none\"><span class=\"mpc-button__title mpc-transition\">M\u00f6glichkeiten zur Behandlung<\/span><\/div><div class=\"mpc-button__background mpc-transition mpc-effect-type--fade mpc-effect-side--in\"><\/div><\/a>\t<div class=\"vc_empty_space  empty-80\" style=\"height: 80px\"><span class=\"vc_empty_space_inner\">\n\t\t\t<span class=\"empty_space_image\"><\/span>\n\t\t<\/span><\/div>\n\n<\/div><\/div><\/div><\/div><\/div><\/div><div class=\"vc_row wpb_row section vc_row-fluid mpc-row\" style=\" text-align:left;\"><div class=\"full_section_inner clearfix\"><div class=\"wpb_column vc_column_container vc_col-sm-12 mpc-column\" data-column-id=\"mpc_column-1969edce10c7a5d\"><div class=\"vc_column-inner\"><div class=\"wpb_wrapper\">\t<div class=\"vc_empty_space  empty-120\" style=\"height: 120px\"><span class=\"vc_empty_space_inner\">\n\t\t\t<span class=\"empty_space_image\"><\/span>\n\t\t<\/span><\/div>\n\n<\/div><\/div><\/div><\/div><\/div><div class=\"vc_row wpb_row section vc_row-fluid  module4  grid_section mpc-row\" style=\" text-align:left;\"><div class=\"section_inner clearfix\"><div class=\"section_inner_margin clearfix\"><div class=\"wpb_column vc_column_container vc_col-sm-6 mpc-column\" data-column-id=\"mpc_column-2269edce10c92a5\"><div class=\"vc_column-inner\"><div class=\"wpb_wrapper\">\n\t<div class=\"wpb_single_image wpb_content_element vc_align_center\">\n\t\t<div class=\"wpb_wrapper\">\n\t\t\t\n\t\t\t<div class=\"vc_single_image-wrapper   vc_box_border_grey\"><img loading=\"lazy\" decoding=\"async\" width=\"700\" height=\"700\" src=\"https:\/\/rheumazentrum-mittelhessen.de\/wp-content\/uploads\/2023\/12\/RZMH-Team-%E2%80%93-Das-macht-uns-aus.jpg\" class=\"vc_single_image-img attachment-full\" alt=\"\" srcset=\"https:\/\/rheumazentrum-mittelhessen.de\/wp-content\/uploads\/2023\/12\/RZMH-Team-&ndash;-Das-macht-uns-aus.jpg 700w, https:\/\/rheumazentrum-mittelhessen.de\/wp-content\/uploads\/2023\/12\/RZMH-Team-&ndash;-Das-macht-uns-aus-300x300.jpg 300w, https:\/\/rheumazentrum-mittelhessen.de\/wp-content\/uploads\/2023\/12\/RZMH-Team-&ndash;-Das-macht-uns-aus-150x150.jpg 150w, https:\/\/rheumazentrum-mittelhessen.de\/wp-content\/uploads\/2023\/12\/RZMH-Team-&ndash;-Das-macht-uns-aus-570x570.jpg 570w, https:\/\/rheumazentrum-mittelhessen.de\/wp-content\/uploads\/2023\/12\/RZMH-Team-&ndash;-Das-macht-uns-aus-500x500.jpg 500w\" sizes=\"auto, (max-width: 700px) 100vw, 700px\"><\/div>\n\t\t<\/div>\n\t<\/div>\n\t<div class=\"vc_empty_space  empty-20 hide-on-desktop\" style=\"height: 20px\"><span class=\"vc_empty_space_inner\">\n\t\t\t<span class=\"empty_space_image\"><\/span>\n\t\t<\/span><\/div>\n\n<\/div><\/div><\/div><div class=\"wpb_column vc_column_container vc_col-sm-6 mpc-column\" data-column-id=\"mpc_column-7869edce10c9774\"><div class=\"vc_column-inner\"><div class=\"wpb_wrapper\">\n\t<div class=\"wpb_text_column wpb_content_element\">\n\t\t<div class=\"wpb_wrapper\">\n\t\t\t<h3 class=\"mod4-h3\"><strong><span style=\"color: #e40043; font-weight: bold; font-family: Vollkorn;\"> Infos f&uuml;r Zuweiser*innen<\/span><\/strong><\/h3>\n<ul>\n<li class=\"mod4-li\">\n<p class=\"mod4-li2\"><b>Unterst&uuml;tzung bei Entscheidungsfindung <\/b><\/p>\n<p>Wir sind hier, um Sie bei der Diagnose und Behandlung Ihrer Patient*innen zu unterst&uuml;tzen. Unsere Ressourcen und Fachkenntnisse stehen Ihnen zur Verf&uuml;gung, um fundierte Entscheidungen zu treffen und Ihren Patientinnen und Patienten die bestm&ouml;gliche Versorgung zukommen zu lassen.<\/p>\n<\/li>\n<li class=\"mod4-li\">\n<p class=\"mod4-li2\"><b>Unkomplizierte, schnelle Anmeldung von Patient*innen<\/b><\/p>\n<p>Die Anmeldung in unserer Rheumaklinik Bad Endbach erfolgt telefonisch unter der <a href=\"tel:+492776919383\">02776-919 383<\/a>, die wir eigens f&uuml;r unsere zuweisenden Kolleginnen und Kollegen eingerichtet haben. Wenn Sie mal nicht direkt durchkommen, rufen wir Sie selbstverst&auml;ndlich schnellstm&ouml;glich zur&uuml;ck!<\/p>\n<\/li>\n<li class=\"mod4-li\">\n<p class=\"mod4-li2\"><b>Downloadbereich: Formulare, Antr&auml;ge und mehr<\/b><\/p>\n<p>Alle wichtigen Formulare zur Einweisung Ihrer Patientinnen und Patienten finden Sie in unserem <a href=\"https:\/\/rheumazentrum-mittelhessen.de\/el_el\/zuweiser-und-partner\/downloadbereich-fuer-zuweiserinnen\/\">Downloadbereich<\/a>.<\/p>\n<\/li>\n<\/ul>\n\n\t\t<\/div> \n\t<\/div> \t<div class=\"vc_empty_space  empty-40\" style=\"height: 40px\"><span class=\"vc_empty_space_inner\">\n\t\t\t<span class=\"empty_space_image\"><\/span>\n\t\t<\/span><\/div>\n\n<\/div><\/div><\/div><\/div><\/div><\/div><div class=\"vc_row wpb_row section vc_row-fluid mpc-row\" style=\" text-align:left;\"><div class=\"full_section_inner clearfix\"><div class=\"wpb_column vc_column_container vc_col-sm-12 mpc-column\" data-column-id=\"mpc_column-5769edce10c9e17\"><div class=\"vc_column-inner\"><div class=\"wpb_wrapper\">\t<div class=\"vc_empty_space  empty-120\" style=\"height: 120px\"><span class=\"vc_empty_space_inner\">\n\t\t\t<span class=\"empty_space_image\"><\/span>\n\t\t<\/span><\/div>\n\n<\/div><\/div><\/div><\/div><\/div><div class=\"vc_row wpb_row section vc_row-fluid  footer-module  grid_section mpc-row\" style=\" text-align:left;\"><div class=\"section_inner clearfix\"><div class=\"section_inner_margin clearfix\"><div class=\"wpb_column vc_column_container vc_col-sm-3 mpc-column\" id=\"info-box-adresse\" data-column-id=\"mpc_column-2569edce10ca407\"><div class=\"vc_column-inner\"><div class=\"wpb_wrapper\"><div data-id=\"mpc_icon_column-4569edce10ca2a6\" class=\"mpc-icon-column mpc-init mpc-parent-hover mpc-transition mpc-icon-column--style_1 mpc-align--center content-box-info footer-module-p1\"><div data-id=\"mpc_icon-569edce10ca2ea\" class=\"mpc-icon mpc-init mpc-transition mpc-effect-none\"><div class=\"mpc-icon-wrap\"><i class=\"mpc-icon-part mpc-regular mpc-transition\"><\/i><\/div><\/div><div class=\"mpc-icon-column__content-wrap\"><div class=\"mpc-icon-column__content\"><h3 class=\"mpc-icon-column__heading mpc-transition\">So m\u00fcssen Sie fahren<\/h3><div data-id=\"mpc_divider-7069edce10ca313\" class=\"mpc-divider-wrap\"><div class=\"mpc-divider mpc-init mpc-align--center mpc-disable--left\"><div class=\"mpc-divider__line mpc-side--left\"><span><\/span><\/div><div class=\"mpc-divider__line mpc-side--right\"><span><\/span><\/div><\/div><\/div><div class=\"mpc-icon-column__description mpc-transition\"><p>Rheumazentrum Mittelhessen<\/p>\n<p>Sebastian-Kneipp-Stra&szlig;e 36<\/p>\n<p>35080 Bad Endbach<\/p>\n<\/div><\/div><\/div><\/div><\/div><\/div><\/div><div class=\"wpb_column vc_column_container vc_col-sm-6 mpc-column\" id=\"info-box-nummern\" data-column-id=\"mpc_column-9869edce10ca78e\"><div class=\"vc_column-inner\"><div class=\"wpb_wrapper\"><div data-id=\"mpc_icon_column-2669edce10ca5e2\" class=\"mpc-icon-column mpc-init mpc-parent-hover mpc-transition mpc-icon-column--style_1 mpc-align--center content-box-info footer-module-p3\"><div data-id=\"mpc_icon-8869edce10ca618\" class=\"mpc-icon mpc-init mpc-transition mpc-effect-none\"><div class=\"mpc-icon-wrap\"><i class=\"mpc-icon-part mpc-regular mpc-transition\"><\/i><\/div><\/div><div class=\"mpc-icon-column__content-wrap\"><div class=\"mpc-icon-column__content\"><h3 class=\"mpc-icon-column__heading mpc-transition\">Erreichbarkeit: Telefonservice f&uuml;r Zuweiser<\/h3><div data-id=\"mpc_divider-469edce10ca644\" class=\"mpc-divider-wrap\"><div class=\"mpc-divider mpc-init mpc-align--center mpc-disable--left\"><div class=\"mpc-divider__line mpc-side--left\"><span><\/span><\/div><div class=\"mpc-divider__line mpc-side--right\"><span><\/span><\/div><\/div><\/div><div class=\"mpc-icon-column__description mpc-transition\"><div style=\"text-align: center;\">Montag 8:30 bis 16:00 Uhr<\/div>\n<div style=\"text-align: center;\">Dienstag 8:30 bis 16:00 Uhr<\/div>\n<div style=\"text-align: center;\">Mittwoch 8:30 bis 13:00 Uhr<\/div>\n<div style=\"text-align: center;\">Donnerstag 8:30 bis 16:00 Uhr<\/div>\n<div style=\"text-align: center;\">Freitag 8:30 bis 13:00 Uhr<\/div>\n<p>&nbsp;<\/p>\n<\/div><\/div><\/div><\/div><\/div><\/div><\/div><div class=\"wpb_column vc_column_container vc_col-sm-3 mpc-column\" id=\"info-box-besucher\" data-column-id=\"mpc_column-1869edce10caae3\"><div class=\"vc_column-inner\"><div class=\"wpb_wrapper\"><div data-id=\"mpc_icon_column-1969edce10ca94a\" class=\"mpc-icon-column mpc-init mpc-parent-hover mpc-transition mpc-icon-column--style_1 mpc-align--center content-box-info footer-module-p2\"><div data-id=\"mpc_icon-5769edce10ca974\" class=\"mpc-icon mpc-init mpc-transition mpc-effect-none\"><div class=\"mpc-icon-wrap\"><i class=\"mpc-icon-part mpc-regular mpc-transition\"><\/i><\/div><\/div><div class=\"mpc-icon-column__content-wrap\"><div class=\"mpc-icon-column__content\"><h3 class=\"mpc-icon-column__heading mpc-transition\">Telefonnummer f&uuml;r Zuweiser<\/h3><div data-id=\"mpc_divider-4169edce10ca99b\" class=\"mpc-divider-wrap\"><div class=\"mpc-divider mpc-init mpc-align--center mpc-disable--left\"><div class=\"mpc-divider__line mpc-side--left\"><span><\/span><\/div><div class=\"mpc-divider__line mpc-side--right\"><span><\/span><\/div><\/div><\/div><div class=\"mpc-icon-column__description mpc-transition\"><p style=\"text-align: center;\">Telefonnummer: <a href=\"tel:+492776919383\"> 02776 919 383 <\/a><\/p>\n<p>&nbsp;<\/p>\n<\/div><\/div><\/div><\/div><\/div><\/div><\/div><\/div><\/div><\/div>","protected":false},"excerpt":{"rendered":"Was ist Arthritis urica \/ Uricopathie (Gicht)? Arthritis urica, allgemein als Gicht bekannt, ist eine schmerzhafte Form der Arthritis, die durch die Ablagerung von Harns&auml;urekristallen in den Gelenken verursacht wird. Dies f&uuml;hrt zu Entz&uuml;ndungen und akuten Schmerzsch&uuml;ben, insbesondere im Gro&szlig;zehengrundgelenk. Die Harns&auml;urekristalle k&ouml;nnen sich auch","protected":false},"author":1,"featured_media":0,"parent":3005,"menu_order":5,"comment_status":"closed","ping_status":"closed","template":"full_width.php","meta":{"_acf_changed":false,"footnotes":""},"class_list":["post-11072","page","type-page","status-publish","hentry"],"acf":[],"_links":{"self":[{"href":"https:\/\/rheumazentrum-mittelhessen.de\/el_el\/wp-json\/wp\/v2\/pages\/11072","targetHints":{"allow":["GET"]}}],"collection":[{"href":"https:\/\/rheumazentrum-mittelhessen.de\/el_el\/wp-json\/wp\/v2\/pages"}],"about":[{"href":"https:\/\/rheumazentrum-mittelhessen.de\/el_el\/wp-json\/wp\/v2\/types\/page"}],"author":[{"embeddable":true,"href":"https:\/\/rheumazentrum-mittelhessen.de\/el_el\/wp-json\/wp\/v2\/users\/1"}],"replies":[{"embeddable":true,"href":"https:\/\/rheumazentrum-mittelhessen.de\/el_el\/wp-json\/wp\/v2\/comments?post=11072"}],"version-history":[{"count":8,"href":"https:\/\/rheumazentrum-mittelhessen.de\/el_el\/wp-json\/wp\/v2\/pages\/11072\/revisions"}],"predecessor-version":[{"id":12083,"href":"https:\/\/rheumazentrum-mittelhessen.de\/el_el\/wp-json\/wp\/v2\/pages\/11072\/revisions\/12083"}],"up":[{"embeddable":true,"href":"https:\/\/rheumazentrum-mittelhessen.de\/el_el\/wp-json\/wp\/v2\/pages\/3005"}],"wp:attachment":[{"href":"https:\/\/rheumazentrum-mittelhessen.de\/el_el\/wp-json\/wp\/v2\/media?parent=11072"}],"curies":[{"name":"wp","href":"https:\/\/api.w.org\/{rel}","templated":true}]}}