{"id":11060,"date":"2024-07-29T13:54:53","date_gmt":"2024-07-29T11:54:53","guid":{"rendered":"https:\/\/rheumazentrum-mittelhessen.de\/beschwerde-und-krankheitsbilder\/kollagenosen-copy\/"},"modified":"2025-05-14T13:42:25","modified_gmt":"2025-05-14T11:42:25","slug":"vaskulitis","status":"publish","type":"page","link":"https:\/\/rheumazentrum-mittelhessen.de\/el_el\/beschwerde-und-krankheitsbilder\/vaskulitis\/","title":{"rendered":"Vaskulitis"},"content":{"rendered":"<div data-q_id=\"#aertzlicher-dienst\" class=\"vc_row wpb_row section vc_row-fluid  startcontainer mpc-row\" style=\" padding-top:100px; text-align:left;\"><div class=\"full_section_inner clearfix\"><div class=\"wpb_column vc_column_container vc_col-sm-12 mpc-column\" data-column-id=\"mpc_column-969e7335f2b985\"><div class=\"vc_column-inner\"><div class=\"wpb_wrapper\"><div class=\"vc_row wpb_row section vc_row-fluid vc_inner   grid_section mpc-row\" style=\" text-align:left;\"><div class=\"section_inner clearfix\"><div class=\"section_inner_margin clearfix\"><div class=\"text-center wpb_column vc_column_container vc_col-sm-2 mpc-column\" data-column-id=\"mpc_column-8869e7335f2aa50\"><div class=\"vc_column-inner\"><div class=\"wpb_wrapper\"><\/div><\/div><\/div><div class=\"wpb_column vc_column_container vc_col-sm-8 mpc-column\" data-column-id=\"mpc_column-7469e7335f2ae73\"><div class=\"vc_column-inner\"><div class=\"wpb_wrapper\">\n\t<div class=\"wpb_text_column wpb_content_element  vc_custom_1722254263269\">\n\t\t<div class=\"wpb_wrapper\">\n\t\t\t<h2 class=\"h2\" style=\"text-align: center;\">Was ist Vaskulitis?<\/h2>\n\n\t\t<\/div> \n\t<\/div> <\/div><\/div><\/div><div class=\"wpb_column vc_column_container vc_col-sm-2 mpc-column\" data-column-id=\"mpc_column-4169e7335f2af92\"><div class=\"vc_column-inner\"><div class=\"wpb_wrapper\"><\/div><\/div><\/div><\/div><\/div><\/div><div class=\"vc_row wpb_row section vc_row-fluid vc_inner   grid_section mpc-row\" style=\" padding-bottom:30px; text-align:left;\"><div class=\"section_inner clearfix\"><div class=\"section_inner_margin clearfix\"><div class=\"text-center wpb_column vc_column_container vc_col-sm-2 mpc-column\" data-column-id=\"mpc_column-8569e7335f2b369\"><div class=\"vc_column-inner\"><div class=\"wpb_wrapper\"><\/div><\/div><\/div><div class=\"wpb_column vc_column_container vc_col-sm-8 mpc-column\" data-column-id=\"mpc_column-5669e7335f2b634\"><div class=\"vc_column-inner\"><div class=\"wpb_wrapper\">\n\t<div class=\"wpb_text_column wpb_content_element  page-intro vc_custom_1722254219095\">\n\t\t<div class=\"wpb_wrapper\">\n\t\t\t<p class=\"p1\">Vaskulitis geh\u00f6rt zu einer Gruppe von Krankheiten. Sie zeichnen sich durch entz\u00fcndete Blutgef\u00e4\u00dfe aus.\n\nDiese Entz\u00fcndungen k\u00f6nnen Blutgef\u00e4\u00dfe in verschiedenen Organen befallen, auch in der Haut.\n\nVaskulitis verursacht unterschiedliche Symptome auf der Haut. Dazu geh\u00f6ren Hautausschl\u00e4ge, Geschw\u00fcre und blaue Flecken.<\/p>\n<p>&nbsp;<\/p>\n<p class=\"p1\">Oft ist die genaue Ursache von Vaskulitis unbekannt. Man vermutet, dass Autoimmunreaktionen eine Rolle spielen.<\/p>\n\n\t\t<\/div> \n\t<\/div> <\/div><\/div><\/div><div class=\"wpb_column vc_column_container vc_col-sm-2 mpc-column\" data-column-id=\"mpc_column-869e7335f2b74b\"><div class=\"vc_column-inner\"><div class=\"wpb_wrapper\"><\/div><\/div><\/div><\/div><\/div><\/div><\/div><\/div><\/div><\/div><\/div><div class=\"vc_row wpb_row section vc_row-fluid mpc-row\" style=\" text-align:left;\"><div class=\"full_section_inner clearfix\"><div class=\"wpb_column vc_column_container vc_col-sm-12 mpc-column\" data-column-id=\"mpc_column-2269e7335f2c02e\"><div class=\"vc_column-inner\"><div class=\"wpb_wrapper\">\t<div class=\"vc_empty_space  empty-120\" style=\"height: 120px\"><span class=\"vc_empty_space_inner\">\n\t\t\t<span class=\"empty_space_image\"><\/span>\n\t\t<\/span><\/div>\n\n<\/div><\/div><\/div><\/div><\/div><div class=\"vc_row wpb_row section vc_row-fluid  module31 start31  grid_section mpc-row\" style=\" text-align:left;\"><div class=\"section_inner clearfix\"><div class=\"section_inner_margin clearfix\"><div class=\"wpb_column vc_column_container vc_col-sm-6 vc_col-has-fill mpc-column\" data-column-id=\"mpc_column-5969e7335f2c95f\"><div class=\"vc_column-inner vc_custom_1702385475988\"><div class=\"wpb_wrapper\">\t<div class=\"vc_empty_space  empty-80\" style=\"height: 80px\"><span class=\"vc_empty_space_inner\">\n\t\t\t<span class=\"empty_space_image\"><\/span>\n\t\t<\/span><\/div>\n\n\n\t<div class=\"wpb_text_column wpb_content_element\">\n\t\t<div class=\"wpb_wrapper\">\n\t\t\t<h3 class=\"module13-title\" style=\"text-align: center;\"><span style=\"color: #e40043;\"> Untersuchungsm\u00f6glichkeiten f\u00fcr Vaskulitis <\/span><\/h3>\n\n\t\t<\/div> \n\t<\/div> \t<div class=\"vc_empty_space  empty-30\" style=\"height: 30px\"><span class=\"vc_empty_space_inner\">\n\t\t\t<span class=\"empty_space_image\"><\/span>\n\t\t<\/span><\/div>\n\n\n\t<div class=\"wpb_text_column wpb_content_element\">\n\t\t<div class=\"wpb_wrapper\">\n\t\t\t<p class=\"p1\">Um Vaskulitis zu finden, ben\u00f6tigt man Informationen \u00fcber die Krankheit, eine Untersuchung des K\u00f6rpers und bestimmte Tests.\n\nBluttests bestimmen Entz\u00fcndungsmarker wie CRP und die BSG. Bildgebende Verfahren wie Ultraschall, MRT oder Angiographie zeigen entz\u00fcndete Blutgef\u00e4\u00dfe.\n\nOft helfen Spezialisten wie Rheumatologen oder Angiologen, Vaskulitis zu diagnostizieren.<\/p>\n\n\t\t<\/div> \n\t<\/div> \t<div class=\"vc_empty_space  empty-40\" style=\"height: 40px\"><span class=\"vc_empty_space_inner\">\n\t\t\t<span class=\"empty_space_image\"><\/span>\n\t\t<\/span><\/div>\n\n<a href=\"https:\/\/rheumazentrum-mittelhessen.de\/el_el\/behandlungsspektrum\/diagnosemoeglichkeiten\/\" title=\"Diagnosemoeglichkeiten\" data-id=\"mpc_button-5269e7335f2c76e\" class=\"mpc-button mpc-init mpc-transition module9-btn\"><div class=\"mpc-button__content mpc-effect-type--none mpc-effect-side--none\"><span class=\"mpc-button__title mpc-transition\">M\u00f6glichkeiten zur Untersuchung<\/span><\/div><div class=\"mpc-button__background mpc-transition mpc-effect-type--fade mpc-effect-side--in\"><\/div><\/a>\t<div class=\"vc_empty_space  empty-80\" style=\"height: 80px\"><span class=\"vc_empty_space_inner\">\n\t\t\t<span class=\"empty_space_image\"><\/span>\n\t\t<\/span><\/div>\n\n<\/div><\/div><\/div><div class=\"wpb_column vc_column_container vc_col-sm-6 vc_col-has-fill mpc-column\" data-column-id=\"mpc_column-3369e7335f2d120\"><div class=\"vc_column-inner vc_custom_1702385481961\"><div class=\"wpb_wrapper\">\t<div class=\"vc_empty_space  empty-80\" style=\"height: 80px\"><span class=\"vc_empty_space_inner\">\n\t\t\t<span class=\"empty_space_image\"><\/span>\n\t\t<\/span><\/div>\n\n\n\t<div class=\"wpb_text_column wpb_content_element\">\n\t\t<div class=\"wpb_wrapper\">\n\t\t\t<h3 class=\"module13-title\" style=\"text-align: center;\"><span style=\"color: #e40043;\"> Behandlungsm\u00f6glichkeiten f\u00fcr Vaskulitis <\/span><\/h3>\n\n\t\t<\/div> \n\t<\/div> \t<div class=\"vc_empty_space  empty-30\" style=\"height: 30px\"><span class=\"vc_empty_space_inner\">\n\t\t\t<span class=\"empty_space_image\"><\/span>\n\t\t<\/span><\/div>\n\n\n\t<div class=\"wpb_text_column wpb_content_element\">\n\t\t<div class=\"wpb_wrapper\">\n\t\t\t<p class=\"p1\">Bei Vaskulitis geht es darum, die Entz\u00fcndung zu stoppen und Beschwerden zu reduzieren. Welche Behandlung man w\u00e4hlt, h\u00e4ngt davon ab, wie schlimm die Krankheit ist und welche Organe betroffen sind. Man kann entz\u00fcndungshemmende Medikamente wie Kortikosteroide oder Immunsuppressiva geben.<\/p>\n<p>&nbsp;<\/p>\n<p class=\"p1\">Es ist ratsam, sich vor Sonne zu sch\u00fctzen, weil Sonne die Beschwerden bei Vaskulitis verst\u00e4rken kann.\n\nRheumatologen und Angiologen sind Fach\u00e4rzte f\u00fcr die Diagnose und Behandlung von Vaskulitis. Sie k\u00f6nnen sich an diese \u00c4rzte wenden.<\/p>\n\n\t\t<\/div> \n\t<\/div> \t<div class=\"vc_empty_space  empty-40\" style=\"height: 40px\"><span class=\"vc_empty_space_inner\">\n\t\t\t<span class=\"empty_space_image\"><\/span>\n\t\t<\/span><\/div>\n\n<a href=\"https:\/\/rheumazentrum-mittelhessen.de\/el_el\/behandlungsspektrum\/therapiemoeglichkeiten\/\" title=\"Therapiemoeglichkeiten\" data-id=\"mpc_button-1869e7335f2cf37\" class=\"mpc-button mpc-init mpc-transition module9-btn\"><div class=\"mpc-button__content mpc-effect-type--none mpc-effect-side--none\"><span class=\"mpc-button__title mpc-transition\">M\u00f6glichkeiten zur Behandlung<\/span><\/div><div class=\"mpc-button__background mpc-transition mpc-effect-type--fade mpc-effect-side--in\"><\/div><\/a>\t<div class=\"vc_empty_space  empty-80\" style=\"height: 80px\"><span class=\"vc_empty_space_inner\">\n\t\t\t<span class=\"empty_space_image\"><\/span>\n\t\t<\/span><\/div>\n\n<\/div><\/div><\/div><\/div><\/div><\/div><div class=\"vc_row wpb_row section vc_row-fluid mpc-row\" style=\" text-align:left;\"><div class=\"full_section_inner clearfix\"><div class=\"wpb_column vc_column_container vc_col-sm-12 mpc-column\" data-column-id=\"mpc_column-3269e7335f2d969\"><div class=\"vc_column-inner\"><div class=\"wpb_wrapper\">\t<div class=\"vc_empty_space  empty-120\" style=\"height: 120px\"><span class=\"vc_empty_space_inner\">\n\t\t\t<span class=\"empty_space_image\"><\/span>\n\t\t<\/span><\/div>\n\n<\/div><\/div><\/div><\/div><\/div><div class=\"vc_row wpb_row section vc_row-fluid  module4  grid_section mpc-row\" style=\" text-align:left;\"><div class=\"section_inner clearfix\"><div class=\"section_inner_margin clearfix\"><div class=\"wpb_column vc_column_container vc_col-sm-6 mpc-column\" data-column-id=\"mpc_column-9069e7335f2f287\"><div class=\"vc_column-inner\"><div class=\"wpb_wrapper\">\n\t<div class=\"wpb_single_image wpb_content_element vc_align_center\">\n\t\t<div class=\"wpb_wrapper\">\n\t\t\t\n\t\t\t<div class=\"vc_single_image-wrapper   vc_box_border_grey\"><img loading=\"lazy\" decoding=\"async\" width=\"700\" height=\"700\" src=\"https:\/\/rheumazentrum-mittelhessen.de\/wp-content\/uploads\/2023\/12\/RZMH-Team-%E2%80%93-Das-macht-uns-aus.jpg\" class=\"vc_single_image-img attachment-full\" alt=\"\" srcset=\"https:\/\/rheumazentrum-mittelhessen.de\/wp-content\/uploads\/2023\/12\/RZMH-Team-&ndash;-Das-macht-uns-aus.jpg 700w, https:\/\/rheumazentrum-mittelhessen.de\/wp-content\/uploads\/2023\/12\/RZMH-Team-&ndash;-Das-macht-uns-aus-300x300.jpg 300w, https:\/\/rheumazentrum-mittelhessen.de\/wp-content\/uploads\/2023\/12\/RZMH-Team-&ndash;-Das-macht-uns-aus-150x150.jpg 150w, https:\/\/rheumazentrum-mittelhessen.de\/wp-content\/uploads\/2023\/12\/RZMH-Team-&ndash;-Das-macht-uns-aus-570x570.jpg 570w, https:\/\/rheumazentrum-mittelhessen.de\/wp-content\/uploads\/2023\/12\/RZMH-Team-&ndash;-Das-macht-uns-aus-500x500.jpg 500w\" sizes=\"auto, (max-width: 700px) 100vw, 700px\"><\/div>\n\t\t<\/div>\n\t<\/div>\n\t<div class=\"vc_empty_space  empty-20 hide-on-desktop\" style=\"height: 20px\"><span class=\"vc_empty_space_inner\">\n\t\t\t<span class=\"empty_space_image\"><\/span>\n\t\t<\/span><\/div>\n\n<\/div><\/div><\/div><div class=\"wpb_column vc_column_container vc_col-sm-6 mpc-column\" data-column-id=\"mpc_column-2769e7335f2f844\"><div class=\"vc_column-inner\"><div class=\"wpb_wrapper\">\n\t<div class=\"wpb_text_column wpb_content_element\">\n\t\t<div class=\"wpb_wrapper\">\n\t\t\t<h3 class=\"mod4-h3\"><strong><span style=\"color: #e40043; font-weight: bold; font-family: Vollkorn;\"> Infos f&uuml;r Zuweiser*innen<\/span><\/strong><\/h3>\n<ul>\n<li class=\"mod4-li\">\n<p class=\"mod4-li2\"><b>Unterst&uuml;tzung bei Entscheidungsfindung <\/b><\/p>\n<p>Wir sind hier, um Sie bei der Diagnose und Behandlung Ihrer Patient*innen zu unterst&uuml;tzen. Unsere Ressourcen und Fachkenntnisse stehen Ihnen zur Verf&uuml;gung, um fundierte Entscheidungen zu treffen und Ihren Patientinnen und Patienten die bestm&ouml;gliche Versorgung zukommen zu lassen.<\/p>\n<\/li>\n<li class=\"mod4-li\">\n<p class=\"mod4-li2\"><b>Unkomplizierte, schnelle Anmeldung von Patient*innen<\/b><\/p>\n<p>Die Anmeldung in unserer Rheumaklinik Bad Endbach erfolgt telefonisch unter der <a href=\"tel:+492776919383\">02776-919 383<\/a>, die wir eigens f&uuml;r unsere zuweisenden Kolleginnen und Kollegen eingerichtet haben. Wenn Sie mal nicht direkt durchkommen, rufen wir Sie selbstverst&auml;ndlich schnellstm&ouml;glich zur&uuml;ck!<\/p>\n<\/li>\n<li class=\"mod4-li\">\n<p class=\"mod4-li2\"><b>Downloadbereich: Formulare, Antr&auml;ge und mehr<\/b><\/p>\n<p>Alle wichtigen Formulare zur Einweisung Ihrer Patientinnen und Patienten finden Sie in unserem <a href=\"https:\/\/rheumazentrum-mittelhessen.de\/el_el\/zuweiser-und-partner\/downloadbereich-fuer-zuweiserinnen\/\">Downloadbereich<\/a>.<\/p>\n<\/li>\n<\/ul>\n\n\t\t<\/div> \n\t<\/div> \t<div class=\"vc_empty_space  empty-40\" style=\"height: 40px\"><span class=\"vc_empty_space_inner\">\n\t\t\t<span class=\"empty_space_image\"><\/span>\n\t\t<\/span><\/div>\n\n<\/div><\/div><\/div><\/div><\/div><\/div><div class=\"vc_row wpb_row section vc_row-fluid mpc-row\" style=\" text-align:left;\"><div class=\"full_section_inner clearfix\"><div class=\"wpb_column vc_column_container vc_col-sm-12 mpc-column\" data-column-id=\"mpc_column-3069e7335f2ff88\"><div class=\"vc_column-inner\"><div class=\"wpb_wrapper\">\t<div class=\"vc_empty_space  empty-120\" style=\"height: 120px\"><span class=\"vc_empty_space_inner\">\n\t\t\t<span class=\"empty_space_image\"><\/span>\n\t\t<\/span><\/div>\n\n<\/div><\/div><\/div><\/div><\/div><div class=\"vc_row wpb_row section vc_row-fluid  footer-module  grid_section mpc-row\" style=\" text-align:left;\"><div class=\"section_inner clearfix\"><div class=\"section_inner_margin clearfix\"><div class=\"wpb_column vc_column_container vc_col-sm-3 mpc-column\" id=\"info-box-adresse\" data-column-id=\"mpc_column-269e7335f30686\"><div class=\"vc_column-inner\"><div class=\"wpb_wrapper\"><div data-id=\"mpc_icon_column-7169e7335f304d1\" class=\"mpc-icon-column mpc-init mpc-parent-hover mpc-transition mpc-icon-column--style_1 mpc-align--center content-box-info footer-module-p1\"><div data-id=\"mpc_icon-4969e7335f3051e\" class=\"mpc-icon mpc-init mpc-transition mpc-effect-none\"><div class=\"mpc-icon-wrap\"><i class=\"mpc-icon-part mpc-regular mpc-transition\"><\/i><\/div><\/div><div class=\"mpc-icon-column__content-wrap\"><div class=\"mpc-icon-column__content\"><h3 class=\"mpc-icon-column__heading mpc-transition\">So m\u00fcssen Sie fahren<\/h3><div data-id=\"mpc_divider-969e7335f30552\" class=\"mpc-divider-wrap\"><div class=\"mpc-divider mpc-init mpc-align--center mpc-disable--left\"><div class=\"mpc-divider__line mpc-side--left\"><span><\/span><\/div><div class=\"mpc-divider__line mpc-side--right\"><span><\/span><\/div><\/div><\/div><div class=\"mpc-icon-column__description mpc-transition\"><p>Rheumazentrum Mittelhessen<\/p>\n<p>Sebastian-Kneipp-Stra&szlig;e 36<\/p>\n<p>35080 Bad Endbach<\/p>\n<\/div><\/div><\/div><\/div><\/div><\/div><\/div><div class=\"wpb_column vc_column_container vc_col-sm-6 mpc-column\" id=\"info-box-nummern\" data-column-id=\"mpc_column-1369e7335f30a46\"><div class=\"vc_column-inner\"><div class=\"wpb_wrapper\"><div data-id=\"mpc_icon_column-6669e7335f308a2\" class=\"mpc-icon-column mpc-init mpc-parent-hover mpc-transition mpc-icon-column--style_1 mpc-align--center content-box-info footer-module-p3\"><div data-id=\"mpc_icon-1869e7335f308d8\" class=\"mpc-icon mpc-init mpc-transition mpc-effect-none\"><div class=\"mpc-icon-wrap\"><i class=\"mpc-icon-part mpc-regular mpc-transition\"><\/i><\/div><\/div><div class=\"mpc-icon-column__content-wrap\"><div class=\"mpc-icon-column__content\"><h3 class=\"mpc-icon-column__heading mpc-transition\">Erreichbarkeit: Telefonservice f&uuml;r Zuweiser<\/h3><div data-id=\"mpc_divider-5369e7335f308ff\" class=\"mpc-divider-wrap\"><div class=\"mpc-divider mpc-init mpc-align--center mpc-disable--left\"><div class=\"mpc-divider__line mpc-side--left\"><span><\/span><\/div><div class=\"mpc-divider__line mpc-side--right\"><span><\/span><\/div><\/div><\/div><div class=\"mpc-icon-column__description mpc-transition\"><div style=\"text-align: center;\">Montag 8:30 bis 16:00 Uhr<\/div>\n<div style=\"text-align: center;\">Dienstag 8:30 bis 16:00 Uhr<\/div>\n<div style=\"text-align: center;\">Mittwoch 8:30 bis 13:00 Uhr<\/div>\n<div style=\"text-align: center;\">Donnerstag 8:30 bis 16:00 Uhr<\/div>\n<div style=\"text-align: center;\">Freitag 8:30 bis 13:00 Uhr<\/div>\n<\/div><\/div><\/div><\/div><\/div><\/div><\/div><div class=\"wpb_column vc_column_container vc_col-sm-3 mpc-column\" id=\"info-box-besucher\" data-column-id=\"mpc_column-2369e7335f30dde\"><div class=\"vc_column-inner\"><div class=\"wpb_wrapper\"><div data-id=\"mpc_icon_column-6369e7335f30c5e\" class=\"mpc-icon-column mpc-init mpc-parent-hover mpc-transition mpc-icon-column--style_1 mpc-align--center content-box-info footer-module-p2\"><div data-id=\"mpc_icon-4469e7335f30c91\" class=\"mpc-icon mpc-init mpc-transition mpc-effect-none\"><div class=\"mpc-icon-wrap\"><i class=\"mpc-icon-part mpc-regular mpc-transition\"><\/i><\/div><\/div><div class=\"mpc-icon-column__content-wrap\"><div class=\"mpc-icon-column__content\"><h3 class=\"mpc-icon-column__heading mpc-transition\">Telefonnummer f&uuml;r Zuweiser<\/h3><div data-id=\"mpc_divider-3069e7335f30cb8\" class=\"mpc-divider-wrap\"><div class=\"mpc-divider mpc-init mpc-align--center mpc-disable--left\"><div class=\"mpc-divider__line mpc-side--left\"><span><\/span><\/div><div class=\"mpc-divider__line mpc-side--right\"><span><\/span><\/div><\/div><\/div><div class=\"mpc-icon-column__description mpc-transition\"><p style=\"text-align: center;\">Telefonnummer: <a href=\"tel:+492776919383\"> 02776 919 383 <\/a><\/p>\n<p>&nbsp;<\/p>\n<\/div><\/div><\/div><\/div><\/div><\/div><\/div><\/div><\/div><\/div>","protected":false},"excerpt":{"rendered":"Was ist Vaskulitis? Vaskulitis oder Vaskulitiden sind eine Gruppe von Erkrankungen, die durch Entz&uuml;ndungen der Blutgef&auml;&szlig;e gekennzeichnet sind. Diese Entz&uuml;ndungen k&ouml;nnen die Blutgef&auml;&szlig;e in verschiedenen Organen betreffen, einschlie&szlig;lich der Haut. Vaskulitis Haut-Symptome k&ouml;nnen vielf&auml;ltig sein und reichen von Hautausschl&auml;gen &uuml;ber Geschw&uuml;re bis hin zu blauen","protected":false},"author":1,"featured_media":0,"parent":3005,"menu_order":5,"comment_status":"closed","ping_status":"closed","template":"full_width.php","meta":{"_acf_changed":false,"footnotes":""},"class_list":["post-11060","page","type-page","status-publish","hentry"],"acf":[],"_links":{"self":[{"href":"https:\/\/rheumazentrum-mittelhessen.de\/el_el\/wp-json\/wp\/v2\/pages\/11060","targetHints":{"allow":["GET"]}}],"collection":[{"href":"https:\/\/rheumazentrum-mittelhessen.de\/el_el\/wp-json\/wp\/v2\/pages"}],"about":[{"href":"https:\/\/rheumazentrum-mittelhessen.de\/el_el\/wp-json\/wp\/v2\/types\/page"}],"author":[{"embeddable":true,"href":"https:\/\/rheumazentrum-mittelhessen.de\/el_el\/wp-json\/wp\/v2\/users\/1"}],"replies":[{"embeddable":true,"href":"https:\/\/rheumazentrum-mittelhessen.de\/el_el\/wp-json\/wp\/v2\/comments?post=11060"}],"version-history":[{"count":5,"href":"https:\/\/rheumazentrum-mittelhessen.de\/el_el\/wp-json\/wp\/v2\/pages\/11060\/revisions"}],"predecessor-version":[{"id":12089,"href":"https:\/\/rheumazentrum-mittelhessen.de\/el_el\/wp-json\/wp\/v2\/pages\/11060\/revisions\/12089"}],"up":[{"embeddable":true,"href":"https:\/\/rheumazentrum-mittelhessen.de\/el_el\/wp-json\/wp\/v2\/pages\/3005"}],"wp:attachment":[{"href":"https:\/\/rheumazentrum-mittelhessen.de\/el_el\/wp-json\/wp\/v2\/media?parent=11060"}],"curies":[{"name":"wp","href":"https:\/\/api.w.org\/{rel}","templated":true}]}}