{"id":11054,"date":"2024-07-29T13:35:16","date_gmt":"2024-07-29T11:35:16","guid":{"rendered":"https:\/\/rheumazentrum-mittelhessen.de\/beschwerde-und-krankheitsbilder\/psoriasis-arthritis-copy\/"},"modified":"2025-05-14T13:30:27","modified_gmt":"2025-05-14T11:30:27","slug":"polymyalgie-rheumatica","status":"publish","type":"page","link":"https:\/\/rheumazentrum-mittelhessen.de\/el_el\/beschwerde-und-krankheitsbilder\/polymyalgie-rheumatica\/","title":{"rendered":"Polymyalgie Rheumatica"},"content":{"rendered":"<div data-q_id=\"#aertzlicher-dienst\" class=\"vc_row wpb_row section vc_row-fluid  startcontainer mpc-row\" style=\" padding-top:100px; text-align:left;\"><div class=\"full_section_inner clearfix\"><div class=\"wpb_column vc_column_container vc_col-sm-12 mpc-column\" data-column-id=\"mpc_column-2769ede8866155d\"><div class=\"vc_column-inner\"><div class=\"wpb_wrapper\"><div class=\"vc_row wpb_row section vc_row-fluid vc_inner   grid_section mpc-row\" style=\" text-align:left;\"><div class=\"section_inner clearfix\"><div class=\"section_inner_margin clearfix\"><div class=\"text-center wpb_column vc_column_container vc_col-sm-2 mpc-column\" data-column-id=\"mpc_column-7569ede8866017f\"><div class=\"vc_column-inner\"><div class=\"wpb_wrapper\"><\/div><\/div><\/div><div class=\"wpb_column vc_column_container vc_col-sm-8 mpc-column\" data-column-id=\"mpc_column-2769ede886606ef\"><div class=\"vc_column-inner\"><div class=\"wpb_wrapper\">\n\t<div class=\"wpb_text_column wpb_content_element  vc_custom_1722333766053\">\n\t\t<div class=\"wpb_wrapper\">\n\t\t\t<h2 class=\"h2\" style=\"text-align: center;\">Was ist Polymyalgie Rheumatica?<\/h2>\n\n\t\t<\/div> \n\t<\/div> <\/div><\/div><\/div><div class=\"wpb_column vc_column_container vc_col-sm-2 mpc-column\" data-column-id=\"mpc_column-2969ede88660885\"><div class=\"vc_column-inner\"><div class=\"wpb_wrapper\"><\/div><\/div><\/div><\/div><\/div><\/div><div class=\"vc_row wpb_row section vc_row-fluid vc_inner   grid_section mpc-row\" style=\" padding-bottom:30px; text-align:left;\"><div class=\"section_inner clearfix\"><div class=\"section_inner_margin clearfix\"><div class=\"text-center wpb_column vc_column_container vc_col-sm-2 mpc-column\" data-column-id=\"mpc_column-7869ede88660d5f\"><div class=\"vc_column-inner\"><div class=\"wpb_wrapper\"><\/div><\/div><\/div><div class=\"wpb_column vc_column_container vc_col-sm-8 mpc-column\" data-column-id=\"mpc_column-5169ede886610c2\"><div class=\"vc_column-inner\"><div class=\"wpb_wrapper\">\n\t<div class=\"wpb_text_column wpb_content_element  page-intro vc_custom_1722253063014\">\n\t\t<div class=\"wpb_wrapper\">\n\t\t\t<p class=\"p1\">Polymyalgia Rheumatica ist eine Krankheit, bei der sich der K\u00f6rper entz\u00fcndet. Vor allem \u00e4ltere Menschen bekommen sie.\n\nTypische <span class=\"s1\">Anzeichen sind<\/span> Schmerzen in den Muskeln und Steifheit. Das betrifft besonders Schultern, Nacken und H\u00fcften. Oft f\u00fchlen sich Betroffene auch m\u00fcde und schwach.\n\nWarum PMR entsteht, ist noch nicht ganz klar. Fachleute vermuten, dass das Immunsystem eine wichtige Rolle spielt.<\/p>\n\n\t\t<\/div> \n\t<\/div> <\/div><\/div><\/div><div class=\"wpb_column vc_column_container vc_col-sm-2 mpc-column\" data-column-id=\"mpc_column-1969ede8866125f\"><div class=\"vc_column-inner\"><div class=\"wpb_wrapper\"><\/div><\/div><\/div><\/div><\/div><\/div><\/div><\/div><\/div><\/div><\/div><div class=\"vc_row wpb_row section vc_row-fluid mpc-row\" style=\" text-align:left;\"><div class=\"full_section_inner clearfix\"><div class=\"wpb_column vc_column_container vc_col-sm-12 mpc-column\" data-column-id=\"mpc_column-269ede88661ead\"><div class=\"vc_column-inner\"><div class=\"wpb_wrapper\">\t<div class=\"vc_empty_space  empty-120\" style=\"height: 120px\"><span class=\"vc_empty_space_inner\">\n\t\t\t<span class=\"empty_space_image\"><\/span>\n\t\t<\/span><\/div>\n\n<\/div><\/div><\/div><\/div><\/div><div class=\"vc_row wpb_row section vc_row-fluid  module31 start31  grid_section mpc-row\" style=\" text-align:left;\"><div class=\"section_inner clearfix\"><div class=\"section_inner_margin clearfix\"><div class=\"wpb_column vc_column_container vc_col-sm-6 vc_col-has-fill mpc-column\" data-column-id=\"mpc_column-7269ede886627ad\"><div class=\"vc_column-inner vc_custom_1702385475988\"><div class=\"wpb_wrapper\">\t<div class=\"vc_empty_space  empty-80\" style=\"height: 80px\"><span class=\"vc_empty_space_inner\">\n\t\t\t<span class=\"empty_space_image\"><\/span>\n\t\t<\/span><\/div>\n\n\n\t<div class=\"wpb_text_column wpb_content_element\">\n\t\t<div class=\"wpb_wrapper\">\n\t\t\t<h3 class=\"module13-title\" style=\"text-align: center;\"><span style=\"color: #e40043;\"> Untersuchungsm\u00f6glichkeiten f\u00fcr Polymyalgie Rheumatica <\/span><\/h3>\n\n\t\t<\/div> \n\t<\/div> \t<div class=\"vc_empty_space  empty-30\" style=\"height: 30px\"><span class=\"vc_empty_space_inner\">\n\t\t\t<span class=\"empty_space_image\"><\/span>\n\t\t<\/span><\/div>\n\n\n\t<div class=\"wpb_text_column wpb_content_element\">\n\t\t<div class=\"wpb_wrapper\">\n\t\t\t<p class=\"p1\">Um Polymyalgia Rheumatica festzustellen, sind ein Gespr\u00e4ch mit dem Arzt, eine k\u00f6rperliche Untersuchung und verschiedene Tests n\u00f6tig. Blutuntersuchungen k\u00f6nnen zeigen, ob Entz\u00fcndungen im K\u00f6rper sind. Dann sind Werte wie CRP und ESR erh\u00f6ht. <span class=\"s1\">Es ist nicht leicht, Polymyalgia Rheumatica von anderen Krankheiten zu unterscheiden.<\/span> Manchmal \u00e4hnelt sie rheumatoider Arthritis oder Polymyositis. Trotzdem ist es wichtig, die richtige Diagnose zu finden. <span class=\"s1\">Differentialdiagnose<\/span> ist jedoch wichtig. <span class=\"s1\">Nur so lassen sich m\u00f6gliche Ursachen f\u00fcr Krankheitssch\u00fcbe<\/span> erkennen und die passende <span class=\"s1\">Behandlung<\/span> beginnen.<\/p>\n\n\t\t<\/div> \n\t<\/div> \t<div class=\"vc_empty_space  empty-40\" style=\"height: 40px\"><span class=\"vc_empty_space_inner\">\n\t\t\t<span class=\"empty_space_image\"><\/span>\n\t\t<\/span><\/div>\n\n<a href=\"https:\/\/rheumazentrum-mittelhessen.de\/el_el\/behandlungsspektrum\/diagnosemoeglichkeiten\/\" title=\"Diagnosemoeglichkeiten\" data-id=\"mpc_button-5969ede88662630\" class=\"mpc-button mpc-init mpc-transition module9-btn\"><div class=\"mpc-button__content mpc-effect-type--none mpc-effect-side--none\"><span class=\"mpc-button__title mpc-transition\">M\u00f6glichkeiten zur Untersuchung<\/span><\/div><div class=\"mpc-button__background mpc-transition mpc-effect-type--fade mpc-effect-side--in\"><\/div><\/a>\t<div class=\"vc_empty_space  empty-80\" style=\"height: 80px\"><span class=\"vc_empty_space_inner\">\n\t\t\t<span class=\"empty_space_image\"><\/span>\n\t\t<\/span><\/div>\n\n<\/div><\/div><\/div><div class=\"wpb_column vc_column_container vc_col-sm-6 vc_col-has-fill mpc-column\" data-column-id=\"mpc_column-4469ede88662d67\"><div class=\"vc_column-inner vc_custom_1702385481961\"><div class=\"wpb_wrapper\">\t<div class=\"vc_empty_space  empty-80\" style=\"height: 80px\"><span class=\"vc_empty_space_inner\">\n\t\t\t<span class=\"empty_space_image\"><\/span>\n\t\t<\/span><\/div>\n\n\n\t<div class=\"wpb_text_column wpb_content_element\">\n\t\t<div class=\"wpb_wrapper\">\n\t\t\t<h3 class=\"module13-title\" style=\"text-align: center;\"><span style=\"color: #e40043;\"> Behandlungsm\u00f6glichkeiten f\u00fcr Polymyalgie Rheumatica <\/span><\/h3>\n\n\t\t<\/div> \n\t<\/div> \t<div class=\"vc_empty_space  empty-30\" style=\"height: 30px\"><span class=\"vc_empty_space_inner\">\n\t\t\t<span class=\"empty_space_image\"><\/span>\n\t\t<\/span><\/div>\n\n\n\t<div class=\"wpb_text_column wpb_content_element\">\n\t\t<div class=\"wpb_wrapper\">\n\t\t\t<p class=\"p1\">Es gibt verschiedene Behandlungen f\u00fcr <span class=\"s1\">Polymyalgia Rheumatica<\/span> Sie zielen darauf ab, Symptome zu reduzieren und die Krankheit zu kontrollieren. <span class=\"s1\">\u00c4rzte verschreiben entz\u00fcndungshemmende Medikamente. Physiotherapie und eine spezielle Ern\u00e4hrung k\u00f6nnen ebenfalls helfen.<\/span> Ein Aufenthalt in einer spezialisierten Klinik kann Beschwerden lindern und die Lebensqualit\u00e4t verbessern.<\/p>\n\n\t\t<\/div> \n\t<\/div> \t<div class=\"vc_empty_space  empty-40\" style=\"height: 40px\"><span class=\"vc_empty_space_inner\">\n\t\t\t<span class=\"empty_space_image\"><\/span>\n\t\t<\/span><\/div>\n\n<a href=\"https:\/\/rheumazentrum-mittelhessen.de\/el_el\/behandlungsspektrum\/therapiemoeglichkeiten\/\" title=\"Therapiemoeglichkeiten\" data-id=\"mpc_button-7269ede88662c0a\" class=\"mpc-button mpc-init mpc-transition module9-btn\"><div class=\"mpc-button__content mpc-effect-type--none mpc-effect-side--none\"><span class=\"mpc-button__title mpc-transition\">M\u00f6glichkeiten zur Behandlung<\/span><\/div><div class=\"mpc-button__background mpc-transition mpc-effect-type--fade mpc-effect-side--in\"><\/div><\/a>\t<div class=\"vc_empty_space  empty-80\" style=\"height: 80px\"><span class=\"vc_empty_space_inner\">\n\t\t\t<span class=\"empty_space_image\"><\/span>\n\t\t<\/span><\/div>\n\n<\/div><\/div><\/div><\/div><\/div><\/div><div class=\"vc_row wpb_row section vc_row-fluid mpc-row\" style=\" text-align:left;\"><div class=\"full_section_inner clearfix\"><div class=\"wpb_column vc_column_container vc_col-sm-12 mpc-column\" data-column-id=\"mpc_column-8769ede88663384\"><div class=\"vc_column-inner\"><div class=\"wpb_wrapper\">\t<div class=\"vc_empty_space  empty-120\" style=\"height: 120px\"><span class=\"vc_empty_space_inner\">\n\t\t\t<span class=\"empty_space_image\"><\/span>\n\t\t<\/span><\/div>\n\n<\/div><\/div><\/div><\/div><\/div><div class=\"vc_row wpb_row section vc_row-fluid  module4  grid_section mpc-row\" style=\" text-align:left;\"><div class=\"section_inner clearfix\"><div class=\"section_inner_margin clearfix\"><div class=\"wpb_column vc_column_container vc_col-sm-6 mpc-column\" data-column-id=\"mpc_column-5169ede88664ad8\"><div class=\"vc_column-inner\"><div class=\"wpb_wrapper\">\n\t<div class=\"wpb_single_image wpb_content_element vc_align_center\">\n\t\t<div class=\"wpb_wrapper\">\n\t\t\t\n\t\t\t<div class=\"vc_single_image-wrapper   vc_box_border_grey\"><img loading=\"lazy\" decoding=\"async\" width=\"700\" height=\"700\" src=\"https:\/\/rheumazentrum-mittelhessen.de\/wp-content\/uploads\/2023\/12\/RZMH-Team-%E2%80%93-Das-macht-uns-aus.jpg\" class=\"vc_single_image-img attachment-full\" alt=\"\" srcset=\"https:\/\/rheumazentrum-mittelhessen.de\/wp-content\/uploads\/2023\/12\/RZMH-Team-&ndash;-Das-macht-uns-aus.jpg 700w, https:\/\/rheumazentrum-mittelhessen.de\/wp-content\/uploads\/2023\/12\/RZMH-Team-&ndash;-Das-macht-uns-aus-300x300.jpg 300w, https:\/\/rheumazentrum-mittelhessen.de\/wp-content\/uploads\/2023\/12\/RZMH-Team-&ndash;-Das-macht-uns-aus-150x150.jpg 150w, https:\/\/rheumazentrum-mittelhessen.de\/wp-content\/uploads\/2023\/12\/RZMH-Team-&ndash;-Das-macht-uns-aus-570x570.jpg 570w, https:\/\/rheumazentrum-mittelhessen.de\/wp-content\/uploads\/2023\/12\/RZMH-Team-&ndash;-Das-macht-uns-aus-500x500.jpg 500w\" sizes=\"auto, (max-width: 700px) 100vw, 700px\"><\/div>\n\t\t<\/div>\n\t<\/div>\n\t<div class=\"vc_empty_space  empty-20 hide-on-desktop\" style=\"height: 20px\"><span class=\"vc_empty_space_inner\">\n\t\t\t<span class=\"empty_space_image\"><\/span>\n\t\t<\/span><\/div>\n\n<\/div><\/div><\/div><div class=\"wpb_column vc_column_container vc_col-sm-6 mpc-column\" data-column-id=\"mpc_column-7769ede88665679\"><div class=\"vc_column-inner\"><div class=\"wpb_wrapper\">\n\t<div class=\"wpb_text_column wpb_content_element\">\n\t\t<div class=\"wpb_wrapper\">\n\t\t\t<h3 class=\"mod4-h3\"><strong><span style=\"color: #e40043; font-weight: bold; font-family: Vollkorn;\"> Infos f&uuml;r Zuweiser*innen<\/span><\/strong><\/h3>\n<ul>\n<li class=\"mod4-li\">\n<p class=\"mod4-li2\"><b>Unterst&uuml;tzung bei Entscheidungsfindung <\/b><\/p>\n<p>Wir sind hier, um Sie bei der Diagnose und Behandlung Ihrer Patient*innen zu unterst&uuml;tzen. Unsere Ressourcen und Fachkenntnisse stehen Ihnen zur Verf&uuml;gung, um fundierte Entscheidungen zu treffen und Ihren Patientinnen und Patienten die bestm&ouml;gliche Versorgung zukommen zu lassen.<\/p>\n<\/li>\n<li class=\"mod4-li\">\n<p class=\"mod4-li2\"><b>Unkomplizierte, schnelle Anmeldung von Patient*innen<\/b><\/p>\n<p>Die Anmeldung in unserer Rheumaklinik Bad Endbach erfolgt telefonisch unter der <a href=\"tel:+492776919383\">02776-919 383<\/a>, die wir eigens f&uuml;r unsere zuweisenden Kolleginnen und Kollegen eingerichtet haben. Wenn Sie mal nicht direkt durchkommen, rufen wir Sie selbstverst&auml;ndlich schnellstm&ouml;glich zur&uuml;ck!<\/p>\n<\/li>\n<li class=\"mod4-li\">\n<p class=\"mod4-li2\"><b>Downloadbereich: Formulare, Antr&auml;ge und mehr<\/b><\/p>\n<p>Alle wichtigen Formulare zur Einweisung Ihrer Patientinnen und Patienten finden Sie in unserem <a href=\"https:\/\/rheumazentrum-mittelhessen.de\/el_el\/zuweiser-und-partner\/downloadbereich-fuer-zuweiserinnen\/\">Downloadbereich<\/a>.<\/p>\n<\/li>\n<\/ul>\n\n\t\t<\/div> \n\t<\/div> \t<div class=\"vc_empty_space  empty-40\" style=\"height: 40px\"><span class=\"vc_empty_space_inner\">\n\t\t\t<span class=\"empty_space_image\"><\/span>\n\t\t<\/span><\/div>\n\n<\/div><\/div><\/div><\/div><\/div><\/div><div class=\"vc_row wpb_row section vc_row-fluid mpc-row\" style=\" text-align:left;\"><div class=\"full_section_inner clearfix\"><div class=\"wpb_column vc_column_container vc_col-sm-12 mpc-column\" data-column-id=\"mpc_column-469ede8866614e\"><div class=\"vc_column-inner\"><div class=\"wpb_wrapper\">\t<div class=\"vc_empty_space  empty-120\" style=\"height: 120px\"><span class=\"vc_empty_space_inner\">\n\t\t\t<span class=\"empty_space_image\"><\/span>\n\t\t<\/span><\/div>\n\n<\/div><\/div><\/div><\/div><\/div><div class=\"vc_row wpb_row section vc_row-fluid  footer-module  grid_section mpc-row\" style=\" text-align:left;\"><div class=\"section_inner clearfix\"><div class=\"section_inner_margin clearfix\"><div class=\"wpb_column vc_column_container vc_col-sm-3 mpc-column\" id=\"info-box-adresse\" data-column-id=\"mpc_column-6069ede886666d6\"><div class=\"vc_column-inner\"><div class=\"wpb_wrapper\"><div data-id=\"mpc_icon_column-3369ede88666587\" class=\"mpc-icon-column mpc-init mpc-parent-hover mpc-transition mpc-icon-column--style_1 mpc-align--center content-box-info footer-module-p1\"><div data-id=\"mpc_icon-4269ede886665c7\" class=\"mpc-icon mpc-init mpc-transition mpc-effect-none\"><div class=\"mpc-icon-wrap\"><i class=\"mpc-icon-part mpc-regular mpc-transition\"><\/i><\/div><\/div><div class=\"mpc-icon-column__content-wrap\"><div class=\"mpc-icon-column__content\"><h3 class=\"mpc-icon-column__heading mpc-transition\">So m\u00fcssen Sie fahren<\/h3><div data-id=\"mpc_divider-4469ede886665f0\" class=\"mpc-divider-wrap\"><div class=\"mpc-divider mpc-init mpc-align--center mpc-disable--left\"><div class=\"mpc-divider__line mpc-side--left\"><span><\/span><\/div><div class=\"mpc-divider__line mpc-side--right\"><span><\/span><\/div><\/div><\/div><div class=\"mpc-icon-column__description mpc-transition\"><p>Rheumazentrum Mittelhessen<\/p>\n<p>Sebastian-Kneipp-Stra&szlig;e 36<\/p>\n<p>35080 Bad Endbach<\/p>\n<\/div><\/div><\/div><\/div><\/div><\/div><\/div><div class=\"wpb_column vc_column_container vc_col-sm-6 mpc-column\" id=\"info-box-nummern\" data-column-id=\"mpc_column-7169ede886669a6\"><div class=\"vc_column-inner\"><div class=\"wpb_wrapper\"><div data-id=\"mpc_icon_column-5569ede88666872\" class=\"mpc-icon-column mpc-init mpc-parent-hover mpc-transition mpc-icon-column--style_1 mpc-align--center content-box-info footer-module-p3\"><div data-id=\"mpc_icon-6069ede8866689b\" class=\"mpc-icon mpc-init mpc-transition mpc-effect-none\"><div class=\"mpc-icon-wrap\"><i class=\"mpc-icon-part mpc-regular mpc-transition\"><\/i><\/div><\/div><div class=\"mpc-icon-column__content-wrap\"><div class=\"mpc-icon-column__content\"><h3 class=\"mpc-icon-column__heading mpc-transition\">Erreichbarkeit: Telefonservice f&uuml;r Zuweiser<\/h3><div data-id=\"mpc_divider-3969ede886668b7\" class=\"mpc-divider-wrap\"><div class=\"mpc-divider mpc-init mpc-align--center mpc-disable--left\"><div class=\"mpc-divider__line mpc-side--left\"><span><\/span><\/div><div class=\"mpc-divider__line mpc-side--right\"><span><\/span><\/div><\/div><\/div><div class=\"mpc-icon-column__description mpc-transition\"><div style=\"text-align: center;\">Montag 8:30 bis 16:00 Uhr<\/div>\n<div style=\"text-align: center;\">Dienstag 8:30 bis 16:00 Uhr<\/div>\n<div style=\"text-align: center;\">Mittwoch 8:30 bis 13:00 Uhr<\/div>\n<div style=\"text-align: center;\">Donnerstag 8:30 bis 16:00 Uhr<\/div>\n<div style=\"text-align: center;\">Freitag 8:30 bis 13:00 Uhr<\/div>\n<\/div><\/div><\/div><\/div><\/div><\/div><\/div><div class=\"wpb_column vc_column_container vc_col-sm-3 mpc-column\" id=\"info-box-besucher\" data-column-id=\"mpc_column-4369ede88666c54\"><div class=\"vc_column-inner\"><div class=\"wpb_wrapper\"><div data-id=\"mpc_icon_column-4369ede88666b3a\" class=\"mpc-icon-column mpc-init mpc-parent-hover mpc-transition mpc-icon-column--style_1 mpc-align--center content-box-info footer-module-p2\"><div data-id=\"mpc_icon-7969ede88666b61\" class=\"mpc-icon mpc-init mpc-transition mpc-effect-none\"><div class=\"mpc-icon-wrap\"><i class=\"mpc-icon-part mpc-regular mpc-transition\"><\/i><\/div><\/div><div class=\"mpc-icon-column__content-wrap\"><div class=\"mpc-icon-column__content\"><h3 class=\"mpc-icon-column__heading mpc-transition\">Telefonnummer f&uuml;r Zuweiser<\/h3><div data-id=\"mpc_divider-7669ede88666b7d\" class=\"mpc-divider-wrap\"><div class=\"mpc-divider mpc-init mpc-align--center mpc-disable--left\"><div class=\"mpc-divider__line mpc-side--left\"><span><\/span><\/div><div class=\"mpc-divider__line mpc-side--right\"><span><\/span><\/div><\/div><\/div><div class=\"mpc-icon-column__description mpc-transition\"><p style=\"text-align: center;\">Telefonnummer: <a href=\"tel:+492776919383\"> 02776 919 383 <\/a><\/p>\n<p>&nbsp;<\/p>\n<\/div><\/div><\/div><\/div><\/div><\/div><\/div><\/div><\/div><\/div>","protected":false},"excerpt":{"rendered":"Was ist Polymyalgie Rheumatica? Polymyalgia Rheumatica (PMR) ist eine entz&uuml;ndliche Erkrankung, die vorwiegend &auml;ltere Erwachsene betrifft. Typische Polymyalgia Rheumatica Symptomen sind Muskelschmerzen und Steifheit, insbesondere im Bereich der Schultern, des Nackens und der H&uuml;ften. Diese Schmerzen k&ouml;nnen oft mit einer allgemeinen Ersch&ouml;pfung und einem Gef&uuml;hl","protected":false},"author":1,"featured_media":0,"parent":3005,"menu_order":5,"comment_status":"closed","ping_status":"closed","template":"full_width.php","meta":{"_acf_changed":false,"footnotes":""},"class_list":["post-11054","page","type-page","status-publish","hentry"],"acf":[],"_links":{"self":[{"href":"https:\/\/rheumazentrum-mittelhessen.de\/el_el\/wp-json\/wp\/v2\/pages\/11054","targetHints":{"allow":["GET"]}}],"collection":[{"href":"https:\/\/rheumazentrum-mittelhessen.de\/el_el\/wp-json\/wp\/v2\/pages"}],"about":[{"href":"https:\/\/rheumazentrum-mittelhessen.de\/el_el\/wp-json\/wp\/v2\/types\/page"}],"author":[{"embeddable":true,"href":"https:\/\/rheumazentrum-mittelhessen.de\/el_el\/wp-json\/wp\/v2\/users\/1"}],"replies":[{"embeddable":true,"href":"https:\/\/rheumazentrum-mittelhessen.de\/el_el\/wp-json\/wp\/v2\/comments?post=11054"}],"version-history":[{"count":6,"href":"https:\/\/rheumazentrum-mittelhessen.de\/el_el\/wp-json\/wp\/v2\/pages\/11054\/revisions"}],"predecessor-version":[{"id":12085,"href":"https:\/\/rheumazentrum-mittelhessen.de\/el_el\/wp-json\/wp\/v2\/pages\/11054\/revisions\/12085"}],"up":[{"embeddable":true,"href":"https:\/\/rheumazentrum-mittelhessen.de\/el_el\/wp-json\/wp\/v2\/pages\/3005"}],"wp:attachment":[{"href":"https:\/\/rheumazentrum-mittelhessen.de\/el_el\/wp-json\/wp\/v2\/media?parent=11054"}],"curies":[{"name":"wp","href":"https:\/\/api.w.org\/{rel}","templated":true}]}}