{"id":11037,"date":"2024-07-29T10:18:01","date_gmt":"2024-07-29T08:18:01","guid":{"rendered":"https:\/\/rheumazentrum-mittelhessen.de\/beschwerde-und-krankheitsbilder\/template-copy\/"},"modified":"2025-06-25T10:22:51","modified_gmt":"2025-06-25T08:22:51","slug":"rheumatoide-arthritis","status":"publish","type":"page","link":"https:\/\/rheumazentrum-mittelhessen.de\/el_el\/beschwerde-und-krankheitsbilder\/rheumatoide-arthritis\/","title":{"rendered":"Rheumatoide Arthritis"},"content":{"rendered":"<div data-q_id=\"#aertzlicher-dienst\" class=\"vc_row wpb_row section vc_row-fluid  startcontainer mpc-row\" style=\" padding-top:100px; text-align:left;\"><div class=\"full_section_inner clearfix\"><div class=\"wpb_column vc_column_container vc_col-sm-12 mpc-column\" data-column-id=\"mpc_column-6969debf2169302\"><div class=\"vc_column-inner\"><div class=\"wpb_wrapper\"><div class=\"vc_row wpb_row section vc_row-fluid vc_inner   grid_section mpc-row\" style=\" text-align:left;\"><div class=\"section_inner clearfix\"><div class=\"section_inner_margin clearfix\"><div class=\"text-center wpb_column vc_column_container vc_col-sm-2 mpc-column\" data-column-id=\"mpc_column-5869debf2168730\"><div class=\"vc_column-inner\"><div class=\"wpb_wrapper\"><\/div><\/div><\/div><div class=\"wpb_column vc_column_container vc_col-sm-8 mpc-column\" data-column-id=\"mpc_column-6869debf2168a36\"><div class=\"vc_column-inner\"><div class=\"wpb_wrapper\">\n\t<div class=\"wpb_text_column wpb_content_element  vc_custom_1722245887488\">\n\t\t<div class=\"wpb_wrapper\">\n\t\t\t<h2 class=\"h2\" style=\"text-align: center;\">Was ist rheumatoide Arthritis?<\/h2>\n\n\t\t<\/div> \n\t<\/div> <\/div><\/div><\/div><div class=\"wpb_column vc_column_container vc_col-sm-2 mpc-column\" data-column-id=\"mpc_column-8269debf2168b2a\"><div class=\"vc_column-inner\"><div class=\"wpb_wrapper\"><\/div><\/div><\/div><\/div><\/div><\/div><div class=\"vc_row wpb_row section vc_row-fluid vc_inner   grid_section mpc-row\" style=\" padding-bottom:30px; text-align:left;\"><div class=\"section_inner clearfix\"><div class=\"section_inner_margin clearfix\"><div class=\"text-center wpb_column vc_column_container vc_col-sm-2 mpc-column\" data-column-id=\"mpc_column-569debf2168e3c\"><div class=\"vc_column-inner\"><div class=\"wpb_wrapper\"><\/div><\/div><\/div><div class=\"wpb_column vc_column_container vc_col-sm-8 mpc-column\" data-column-id=\"mpc_column-1869debf2169044\"><div class=\"vc_column-inner\"><div class=\"wpb_wrapper\">\n\t<div class=\"wpb_text_column wpb_content_element  page-intro vc_custom_1722245908906\">\n\t\t<div class=\"wpb_wrapper\">\n\t\t\t<p class=\"p1\">Rheumatoide Arthritis <span class=\"s1\">ist eine Autoimmunerkrankung,<\/span> die viele Bereiche des K\u00f6rpers betrifft. Haupts\u00e4chlich greift sie die Gelenke an.\n\nEntz\u00fcndungen verursachen Sch\u00e4den an Knorpel, Knochen und Gewebe um die Gelenke herum. Dies f\u00fchrt zu Problemen wie Gelenkschmerzen, Schwellungen, Steifheit und Bewegungseinschr\u00e4nkungen. Die Beschwerden treten oft in Sch\u00fcben auf.\n\nNeben den Gelenken k\u00f6nnen auch andere Organe wie Augen, Haut und Herz betroffen sein.<\/p>\n<p>&nbsp;<\/p>\n<p class=\"p1\">Man kennt die genaue Ursache von rheumatoider Arthritis nicht. Vermutlich tragen Erbanlagen und Umwelteinfl\u00fcsse zur Entstehung und zum Verlauf der Krankheit bei.<\/p>\n<p>&nbsp;<\/p>\n\n\t\t<\/div> \n\t<\/div> <\/div><\/div><\/div><div class=\"wpb_column vc_column_container vc_col-sm-2 mpc-column\" data-column-id=\"mpc_column-3369debf2169137\"><div class=\"vc_column-inner\"><div class=\"wpb_wrapper\"><\/div><\/div><\/div><\/div><\/div><\/div><\/div><\/div><\/div><\/div><\/div><div class=\"vc_row wpb_row section vc_row-fluid mpc-row\" style=\" text-align:left;\"><div class=\"full_section_inner clearfix\"><div class=\"wpb_column vc_column_container vc_col-sm-12 mpc-column\" data-column-id=\"mpc_column-5469debf2169885\"><div class=\"vc_column-inner\"><div class=\"wpb_wrapper\">\t<div class=\"vc_empty_space  empty-120\" style=\"height: 120px\"><span class=\"vc_empty_space_inner\">\n\t\t\t<span class=\"empty_space_image\"><\/span>\n\t\t<\/span><\/div>\n\n<\/div><\/div><\/div><\/div><\/div><div class=\"vc_row wpb_row section vc_row-fluid  module31 start31  grid_section mpc-row\" style=\" text-align:left;\"><div class=\"section_inner clearfix\"><div class=\"section_inner_margin clearfix\"><div class=\"wpb_column vc_column_container vc_col-sm-6 vc_col-has-fill mpc-column\" data-column-id=\"mpc_column-2469debf2169ff1\"><div class=\"vc_column-inner vc_custom_1702385475988\"><div class=\"wpb_wrapper\">\t<div class=\"vc_empty_space  empty-80\" style=\"height: 80px\"><span class=\"vc_empty_space_inner\">\n\t\t\t<span class=\"empty_space_image\"><\/span>\n\t\t<\/span><\/div>\n\n\n\t<div class=\"wpb_text_column wpb_content_element\">\n\t\t<div class=\"wpb_wrapper\">\n\t\t\t<h3 class=\"module13-title\" style=\"text-align: center;\"><span style=\"color: #e40043;\"> Untersuchungsm\u00f6glichkeiten f\u00fcr rheumatoide Arthritis <\/span><\/h3>\n\n\t\t<\/div> \n\t<\/div> \t<div class=\"vc_empty_space  empty-30\" style=\"height: 30px\"><span class=\"vc_empty_space_inner\">\n\t\t\t<span class=\"empty_space_image\"><\/span>\n\t\t<\/span><\/div>\n\n\n\t<div class=\"wpb_text_column wpb_content_element\">\n\t\t<div class=\"wpb_wrapper\">\n\t\t\t<p class=\"p1\">\u00c4rzte untersuchen Patienten sorgf\u00e4ltig, um rheumatoide Arthritis zu erkennen. Sie f\u00fchren verschiedene Tests durch.\n\nBluttests helfen, <span class=\"s1\">seropositive chronische Polyarthritis<\/span> zu finden. Bei diesen Tests suchen \u00c4rzte nach Rheumafaktoren und Antik\u00f6rpern wie Anti-CCP.<\/p>\n<p>&nbsp;<\/p>\n<p class=\"p1\">R\u00f6ntgen und MRT helfen, Ver\u00e4nderungen in den Gelenken zu erkennen.\n\nEin Gespr\u00e4ch mit dem Patienten und eine k\u00f6rperliche Untersuchung sind sehr wichtig. Sie helfen, die richtige Krankheit zu finden und eine passende Behandlung zu beginnen. Dazu k\u00f6nnen auch <span class=\"s1\">Therapien f\u00fcr mehrere Gelenkentz\u00fcndungen<\/span>geh\u00f6ren.<\/p>\n\n\t\t<\/div> \n\t<\/div> \t<div class=\"vc_empty_space  empty-40\" style=\"height: 40px\"><span class=\"vc_empty_space_inner\">\n\t\t\t<span class=\"empty_space_image\"><\/span>\n\t\t<\/span><\/div>\n\n<a href=\"https:\/\/rheumazentrum-mittelhessen.de\/el_el\/behandlungsspektrum\/diagnosemoeglichkeiten\/\" title=\"Diagnosemoeglichkeiten\" data-id=\"mpc_button-2069debf2169ea4\" class=\"mpc-button mpc-init mpc-transition module9-btn\"><div class=\"mpc-button__content mpc-effect-type--none mpc-effect-side--none\"><span class=\"mpc-button__title mpc-transition\">M\u00f6glichkeiten zur Untersuchung<\/span><\/div><div class=\"mpc-button__background mpc-transition mpc-effect-type--fade mpc-effect-side--in\"><\/div><\/a>\t<div class=\"vc_empty_space  empty-80\" style=\"height: 80px\"><span class=\"vc_empty_space_inner\">\n\t\t\t<span class=\"empty_space_image\"><\/span>\n\t\t<\/span><\/div>\n\n<\/div><\/div><\/div><div class=\"wpb_column vc_column_container vc_col-sm-6 vc_col-has-fill mpc-column\" data-column-id=\"mpc_column-4669debf216a4f5\"><div class=\"vc_column-inner vc_custom_1702385481961\"><div class=\"wpb_wrapper\">\t<div class=\"vc_empty_space  empty-80\" style=\"height: 80px\"><span class=\"vc_empty_space_inner\">\n\t\t\t<span class=\"empty_space_image\"><\/span>\n\t\t<\/span><\/div>\n\n\n\t<div class=\"wpb_text_column wpb_content_element\">\n\t\t<div class=\"wpb_wrapper\">\n\t\t\t<h3 class=\"module13-title\" style=\"text-align: center;\"><span style=\"color: #e40043;\"> Behandlungsm\u00f6glichkeiten f\u00fcr rheumatoide Arthritis <\/span><\/h3>\n\n\t\t<\/div> \n\t<\/div> \t<div class=\"vc_empty_space  empty-30\" style=\"height: 30px\"><span class=\"vc_empty_space_inner\">\n\t\t\t<span class=\"empty_space_image\"><\/span>\n\t\t<\/span><\/div>\n\n\n\t<div class=\"wpb_text_column wpb_content_element\">\n\t\t<div class=\"wpb_wrapper\">\n\t\t\t<p class=\"p1\">Es gibt unterschiedliche Behandlungen f\u00fcr rheumatoide Arthritis.\n\n\u00c4rzte setzen entz\u00fcndungshemmende Medikamente wie NSAR und Kortikosteroide ein.\n\nAu\u00dferdem verwenden sie DMARDs und Biologika, um die Krankheit zu verlangsamen.<\/p>\n<p>&nbsp;<\/p>\n<p class=\"p1\">Eine Therapie, die Bewegung und Aktivit\u00e4t kombiniert, kann wirksamer sein. \u00c4rzte m\u00fcssen die <span class=\"s1\">Beschwerden bei Polyarthritis<\/span> regelm\u00e4\u00dfig pr\u00fcfen und die Therapie entsprechend anpassen.<\/p>\n\n\t\t<\/div> \n\t<\/div> \t<div class=\"vc_empty_space  empty-40\" style=\"height: 40px\"><span class=\"vc_empty_space_inner\">\n\t\t\t<span class=\"empty_space_image\"><\/span>\n\t\t<\/span><\/div>\n\n<a href=\"https:\/\/rheumazentrum-mittelhessen.de\/el_el\/behandlungsspektrum\/therapiemoeglichkeiten\/\" title=\"Therapiemoeglichkeiten\" data-id=\"mpc_button-4569debf216a3b9\" class=\"mpc-button mpc-init mpc-transition module9-btn\"><div class=\"mpc-button__content mpc-effect-type--none mpc-effect-side--none\"><span class=\"mpc-button__title mpc-transition\">M\u00f6glichkeiten zur Behandlung<\/span><\/div><div class=\"mpc-button__background mpc-transition mpc-effect-type--fade mpc-effect-side--in\"><\/div><\/a>\t<div class=\"vc_empty_space  empty-80\" style=\"height: 80px\"><span class=\"vc_empty_space_inner\">\n\t\t\t<span class=\"empty_space_image\"><\/span>\n\t\t<\/span><\/div>\n\n<\/div><\/div><\/div><\/div><\/div><\/div><div class=\"vc_row wpb_row section vc_row-fluid mpc-row\" style=\" text-align:left;\"><div class=\"full_section_inner clearfix\"><div class=\"wpb_column vc_column_container vc_col-sm-12 mpc-column\" data-column-id=\"mpc_column-5969debf216aa46\"><div class=\"vc_column-inner\"><div class=\"wpb_wrapper\">\t<div class=\"vc_empty_space  empty-120\" style=\"height: 120px\"><span class=\"vc_empty_space_inner\">\n\t\t\t<span class=\"empty_space_image\"><\/span>\n\t\t<\/span><\/div>\n\n<\/div><\/div><\/div><\/div><\/div><div class=\"vc_row wpb_row section vc_row-fluid  module4  grid_section mpc-row\" style=\" text-align:left;\"><div class=\"section_inner clearfix\"><div class=\"section_inner_margin clearfix\"><div class=\"wpb_column vc_column_container vc_col-sm-6 mpc-column\" data-column-id=\"mpc_column-5169debf216ba27\"><div class=\"vc_column-inner\"><div class=\"wpb_wrapper\">\n\t<div class=\"wpb_single_image wpb_content_element vc_align_center\">\n\t\t<div class=\"wpb_wrapper\">\n\t\t\t\n\t\t\t<div class=\"vc_single_image-wrapper   vc_box_border_grey\"><img loading=\"lazy\" decoding=\"async\" width=\"700\" height=\"700\" src=\"https:\/\/rheumazentrum-mittelhessen.de\/wp-content\/uploads\/2023\/12\/RZMH-Team-%E2%80%93-Das-macht-uns-aus.jpg\" class=\"vc_single_image-img attachment-full\" alt=\"\" srcset=\"https:\/\/rheumazentrum-mittelhessen.de\/wp-content\/uploads\/2023\/12\/RZMH-Team-&ndash;-Das-macht-uns-aus.jpg 700w, https:\/\/rheumazentrum-mittelhessen.de\/wp-content\/uploads\/2023\/12\/RZMH-Team-&ndash;-Das-macht-uns-aus-300x300.jpg 300w, https:\/\/rheumazentrum-mittelhessen.de\/wp-content\/uploads\/2023\/12\/RZMH-Team-&ndash;-Das-macht-uns-aus-150x150.jpg 150w, https:\/\/rheumazentrum-mittelhessen.de\/wp-content\/uploads\/2023\/12\/RZMH-Team-&ndash;-Das-macht-uns-aus-570x570.jpg 570w, https:\/\/rheumazentrum-mittelhessen.de\/wp-content\/uploads\/2023\/12\/RZMH-Team-&ndash;-Das-macht-uns-aus-500x500.jpg 500w\" sizes=\"auto, (max-width: 700px) 100vw, 700px\"><\/div>\n\t\t<\/div>\n\t<\/div>\n\t<div class=\"vc_empty_space  empty-20 hide-on-desktop\" style=\"height: 20px\"><span class=\"vc_empty_space_inner\">\n\t\t\t<span class=\"empty_space_image\"><\/span>\n\t\t<\/span><\/div>\n\n<\/div><\/div><\/div><div class=\"wpb_column vc_column_container vc_col-sm-6 mpc-column\" data-column-id=\"mpc_column-2069debf216bddc\"><div class=\"vc_column-inner\"><div class=\"wpb_wrapper\">\n\t<div class=\"wpb_text_column wpb_content_element\">\n\t\t<div class=\"wpb_wrapper\">\n\t\t\t<h3 class=\"mod4-h3\"><strong><span style=\"color: #e40043; font-weight: bold; font-family: Vollkorn;\"> Infos f&uuml;r Zuweiser*innen<\/span><\/strong><\/h3>\n<ul>\n<li class=\"mod4-li\">\n<p class=\"mod4-li2\"><b>Unterst&uuml;tzung bei Entscheidungsfindung <\/b><\/p>\n<p>Wir sind hier, um Sie bei der Diagnose und Behandlung Ihrer Patient*innen zu unterst&uuml;tzen. Unsere Ressourcen und Fachkenntnisse stehen Ihnen zur Verf&uuml;gung, um fundierte Entscheidungen zu treffen und Ihren Patientinnen und Patienten die bestm&ouml;gliche Versorgung zukommen zu lassen.<\/p>\n<\/li>\n<li class=\"mod4-li\">\n<p class=\"mod4-li2\"><b>Unkomplizierte, schnelle Anmeldung von Patient*innen<\/b><\/p>\n<p>Die Anmeldung in unserer Rheumaklinik Bad Endbach erfolgt telefonisch unter der <a href=\"tel:+492776919383\">02776-919 383<\/a>, die wir eigens f&uuml;r unsere zuweisenden Kolleginnen und Kollegen eingerichtet haben. Wenn Sie mal nicht direkt durchkommen, rufen wir Sie selbstverst&auml;ndlich schnellstm&ouml;glich zur&uuml;ck!<\/p>\n<\/li>\n<li class=\"mod4-li\">\n<p class=\"mod4-li2\"><b>Downloadbereich: Formulare, Antr&auml;ge und mehr<\/b><\/p>\n<p>Alle wichtigen Formulare zur Einweisung Ihrer Patientinnen und Patienten finden Sie in unserem <a href=\"https:\/\/rheumazentrum-mittelhessen.de\/el_el\/zuweiser-und-partner\/downloadbereich-fuer-zuweiserinnen\/\">Downloadbereich<\/a>.<\/p>\n<\/li>\n<\/ul>\n\n\t\t<\/div> \n\t<\/div> \t<div class=\"vc_empty_space  empty-40\" style=\"height: 40px\"><span class=\"vc_empty_space_inner\">\n\t\t\t<span class=\"empty_space_image\"><\/span>\n\t\t<\/span><\/div>\n\n<\/div><\/div><\/div><\/div><\/div><\/div><div class=\"vc_row wpb_row section vc_row-fluid mpc-row\" style=\" text-align:left;\"><div class=\"full_section_inner clearfix\"><div class=\"wpb_column vc_column_container vc_col-sm-12 mpc-column\" data-column-id=\"mpc_column-5969debf216c28b\"><div class=\"vc_column-inner\"><div class=\"wpb_wrapper\">\t<div class=\"vc_empty_space  empty-120\" style=\"height: 120px\"><span class=\"vc_empty_space_inner\">\n\t\t\t<span class=\"empty_space_image\"><\/span>\n\t\t<\/span><\/div>\n\n<\/div><\/div><\/div><\/div><\/div><div class=\"vc_row wpb_row section vc_row-fluid  footer-module  grid_section mpc-row\" style=\" text-align:left;\"><div class=\"section_inner clearfix\"><div class=\"section_inner_margin clearfix\"><div class=\"wpb_column vc_column_container vc_col-sm-3 mpc-column\" id=\"info-box-adresse\" data-column-id=\"mpc_column-5269debf216c73e\"><div class=\"vc_column-inner\"><div class=\"wpb_wrapper\"><div data-id=\"mpc_icon_column-1669debf216c622\" class=\"mpc-icon-column mpc-init mpc-parent-hover mpc-transition mpc-icon-column--style_1 mpc-align--center content-box-info footer-module-p1\"><div data-id=\"mpc_icon-5369debf216c651\" class=\"mpc-icon mpc-init mpc-transition mpc-effect-none\"><div class=\"mpc-icon-wrap\"><i class=\"mpc-icon-part mpc-regular mpc-transition\"><\/i><\/div><\/div><div class=\"mpc-icon-column__content-wrap\"><div class=\"mpc-icon-column__content\"><h3 class=\"mpc-icon-column__heading mpc-transition\">So m\u00fcssen Sie fahren<\/h3><div data-id=\"mpc_divider-4569debf216c671\" class=\"mpc-divider-wrap\"><div class=\"mpc-divider mpc-init mpc-align--center mpc-disable--left\"><div class=\"mpc-divider__line mpc-side--left\"><span><\/span><\/div><div class=\"mpc-divider__line mpc-side--right\"><span><\/span><\/div><\/div><\/div><div class=\"mpc-icon-column__description mpc-transition\"><p>Rheumazentrum Mittelhessen<\/p>\n<p>Sebastian-Kneipp-Stra&szlig;e 36<\/p>\n<p>35080 Bad Endbach<\/p>\n<\/div><\/div><\/div><\/div><\/div><\/div><\/div><div class=\"wpb_column vc_column_container vc_col-sm-6 mpc-column\" id=\"info-box-nummern\" data-column-id=\"mpc_column-2469debf216c9d5\"><div class=\"vc_column-inner\"><div class=\"wpb_wrapper\"><div data-id=\"mpc_icon_column-2969debf216c8be\" class=\"mpc-icon-column mpc-init mpc-parent-hover mpc-transition mpc-icon-column--style_1 mpc-align--center content-box-info footer-module-p3\"><div data-id=\"mpc_icon-8069debf216c8e4\" class=\"mpc-icon mpc-init mpc-transition mpc-effect-none\"><div class=\"mpc-icon-wrap\"><i class=\"mpc-icon-part mpc-regular mpc-transition\"><\/i><\/div><\/div><div class=\"mpc-icon-column__content-wrap\"><div class=\"mpc-icon-column__content\"><h3 class=\"mpc-icon-column__heading mpc-transition\">Erreichbarkeit: Telefonservice f&uuml;r Zuweiser<\/h3><div data-id=\"mpc_divider-9569debf216c8fe\" class=\"mpc-divider-wrap\"><div class=\"mpc-divider mpc-init mpc-align--center mpc-disable--left\"><div class=\"mpc-divider__line mpc-side--left\"><span><\/span><\/div><div class=\"mpc-divider__line mpc-side--right\"><span><\/span><\/div><\/div><\/div><div class=\"mpc-icon-column__description mpc-transition\"><div style=\"text-align: center;\">Montag 8:30 bis 16:00 Uhr<\/div>\n<div style=\"text-align: center;\">Dienstag 8:30 bis 16:00 Uhr<\/div>\n<div style=\"text-align: center;\">Mittwoch 8:30 bis 13:00 Uhr<\/div>\n<div style=\"text-align: center;\">Donnerstag 8:30 bis 16:00 Uhr<\/div>\n<div style=\"text-align: center;\">Freitag 8:30 bis 13:00 Uhr<\/div>\n<\/div><\/div><\/div><\/div><\/div><\/div><\/div><div class=\"wpb_column vc_column_container vc_col-sm-3 mpc-column\" id=\"info-box-besucher\" data-column-id=\"mpc_column-4069debf216cc64\"><div class=\"vc_column-inner\"><div class=\"wpb_wrapper\"><div data-id=\"mpc_icon_column-969debf216cb65\" class=\"mpc-icon-column mpc-init mpc-parent-hover mpc-transition mpc-icon-column--style_1 mpc-align--center content-box-info footer-module-p2\"><div data-id=\"mpc_icon-369debf216cb8a\" class=\"mpc-icon mpc-init mpc-transition mpc-effect-none\"><div class=\"mpc-icon-wrap\"><i class=\"mpc-icon-part mpc-regular mpc-transition\"><\/i><\/div><\/div><div class=\"mpc-icon-column__content-wrap\"><div class=\"mpc-icon-column__content\"><h3 class=\"mpc-icon-column__heading mpc-transition\">Telefonnummer f&uuml;r Zuweiser<\/h3><div data-id=\"mpc_divider-2669debf216cba3\" class=\"mpc-divider-wrap\"><div class=\"mpc-divider mpc-init mpc-align--center mpc-disable--left\"><div class=\"mpc-divider__line mpc-side--left\"><span><\/span><\/div><div class=\"mpc-divider__line mpc-side--right\"><span><\/span><\/div><\/div><\/div><div class=\"mpc-icon-column__description mpc-transition\"><p style=\"text-align: center;\">Telefonnummer: <a href=\"tel:+492776919383\"> 02776 919 383 <\/a><\/p>\n<p>&nbsp;<\/p>\n<\/div><\/div><\/div><\/div><\/div><\/div><\/div><\/div><\/div><\/div>","protected":false},"excerpt":{"rendered":"Was ist rheumatoide Arthritis? Rheumatoide Arthritis, auch als prim&auml;r chronische Polyarthritis bekannt, ist eine komplexe, systemische Autoimmunerkrankung, die haupts&auml;chlich die Gelenke betrifft. Sie zeichnet sich durch entz&uuml;ndliche Prozesse aus, die zu langfristigen Sch&auml;den an Knorpel, Knochen und umgebenden Geweben f&uuml;hren k&ouml;nnen. Typischerweise manifestiert sich die","protected":false},"author":1,"featured_media":0,"parent":3005,"menu_order":5,"comment_status":"closed","ping_status":"closed","template":"full_width.php","meta":{"_acf_changed":false,"footnotes":""},"class_list":["post-11037","page","type-page","status-publish","hentry"],"acf":[],"_links":{"self":[{"href":"https:\/\/rheumazentrum-mittelhessen.de\/el_el\/wp-json\/wp\/v2\/pages\/11037","targetHints":{"allow":["GET"]}}],"collection":[{"href":"https:\/\/rheumazentrum-mittelhessen.de\/el_el\/wp-json\/wp\/v2\/pages"}],"about":[{"href":"https:\/\/rheumazentrum-mittelhessen.de\/el_el\/wp-json\/wp\/v2\/types\/page"}],"author":[{"embeddable":true,"href":"https:\/\/rheumazentrum-mittelhessen.de\/el_el\/wp-json\/wp\/v2\/users\/1"}],"replies":[{"embeddable":true,"href":"https:\/\/rheumazentrum-mittelhessen.de\/el_el\/wp-json\/wp\/v2\/comments?post=11037"}],"version-history":[{"count":10,"href":"https:\/\/rheumazentrum-mittelhessen.de\/el_el\/wp-json\/wp\/v2\/pages\/11037\/revisions"}],"predecessor-version":[{"id":12093,"href":"https:\/\/rheumazentrum-mittelhessen.de\/el_el\/wp-json\/wp\/v2\/pages\/11037\/revisions\/12093"}],"up":[{"embeddable":true,"href":"https:\/\/rheumazentrum-mittelhessen.de\/el_el\/wp-json\/wp\/v2\/pages\/3005"}],"wp:attachment":[{"href":"https:\/\/rheumazentrum-mittelhessen.de\/el_el\/wp-json\/wp\/v2\/media?parent=11037"}],"curies":[{"name":"wp","href":"https:\/\/api.w.org\/{rel}","templated":true}]}}